{"id":529,"date":"2024-09-09T19:24:17","date_gmt":"2024-09-09T18:24:17","guid":{"rendered":"https:\/\/poker-werbung.de\/ev\/"},"modified":"2024-09-09T19:24:17","modified_gmt":"2024-09-09T18:24:17","slug":"ev","status":"publish","type":"page","link":"https:\/\/poker-werbung.de\/tr\/","title":{"rendered":"Ev"},"content":{"rendered":"<p>Poker Ortakl\u0131k Pazarlamas\u0131, poker odalar\u0131 i\u00e7in oyuncu pazarlamas\u0131 veya i\u015fe al\u0131m\u0131n\u0131 ifade eder. Bir poker orta\u011f\u0131, bir veya daha fazla poker odas\u0131 i\u00e7in yeni oyuncular i\u015fe alan ki\u015fidir. Kar\u015f\u0131l\u0131\u011f\u0131nda, poker odas\u0131 taraf\u0131ndan \u00fccretlendirilirler. Kula\u011fa basit geliyor ve \u00f6yle. Ve herkes kat\u0131labilir! Ancak, en sevdi\u011finiz poker odas\u0131na kendi arkada\u015f \u00e7evrenizden yeni oyuncular i\u015fe almak nispeten kolayd\u0131r. Odalar\u0131n bu ama\u00e7la kendi &#8220;arkada\u015f tavsiyesi&#8221; programlar\u0131 vard\u0131r.<\/p>\n<p>Bir poker ortakl\u0131k program\u0131 ise tamamen farkl\u0131 bir \u015feydir; poker odas\u0131 taraf\u0131ndan sunulan sistematik bir pazarlama arac\u0131d\u0131r. Ba\u015far\u0131l\u0131 ortaklar, kendi web siteleri arac\u0131l\u0131\u011f\u0131yla d\u00fczenli olarak \u00e7ok say\u0131da yeni oyuncu i\u015fe al\u0131r ve bundan ge\u00e7imini sa\u011flayabilir; d\u00fcnyan\u0131n en iyi poker ortaklar\u0131 her ay alt\u0131 haneli komisyonlar kazan\u0131r. Ancak bunu ba\u015farmak i\u00e7in \u00e7al\u0131\u015fma, plan ve uzmanl\u0131k bilgisi gerekir ve t\u00fcm bunlara bizden \u00fccretsiz olarak sahip olabilirsiniz!<\/p>\n<h2>Biz Kimiz<\/h2>\n<p>Bireysel olarak ba\u015flayan ve \u015fimdi birbirimizi desteklemek ve deneyimlerini yeni poker ortaklar\u0131yla payla\u015fmak i\u00e7in g\u00fc\u00e7lerini birle\u015ftiren k\u00fc\u00e7\u00fck bir deneyimli poker ortaklar\u0131 grubuyuz.<\/p>\n<p>Poker pazarlamas\u0131 (reklamc\u0131l\u0131k, ortakl\u0131k) genellikle kendi poker web siteniz arac\u0131l\u0131\u011f\u0131yla \u00e7evrimi\u00e7i olarak ger\u00e7ekle\u015fir. Ancak kendi poker web sitesi olmayanlar bile, poker bonus kodlar\u0131n\u0131 kullanarak \u00e7evrimd\u0131\u015f\u0131 reklam vererek poker ortakl\u0131\u011f\u0131 olarak para kazanabilirler. Bunu yapman\u0131n bir\u00e7ok yolu vard\u0131r ve bunun i\u00e7in de ipu\u00e7lar\u0131m\u0131z var. Elbette, m\u00fcmk\u00fcnse ikisini de paralel olarak yapabilirsiniz (ve yapmal\u0131s\u0131n\u0131z). Poker ortakl\u0131\u011f\u0131, neredeyse pokerin kendisi gibi son derece heyecan verici ve kazan\u00e7l\u0131 bir faaliyettir.<\/p>\n<p>Kendi poker web siteniz kurulduktan ve SEO (arama motoru optimizasyonu) arac\u0131l\u0131\u011f\u0131yla Google&#8217;da ba\u015far\u0131l\u0131 bir \u015fekilde s\u0131raland\u0131ktan sonra, daha sonra gereken s\u00fcre nispeten k\u0131sad\u0131r ve \u00e7ok az \u00e7abayla iyi para kazanabilirsiniz. Poker ortakl\u0131\u011f\u0131, ek i\u015f olarak bir i\u015f kurmak i\u00e7in idealdir, ancak bir\u00e7ok ki\u015fi poker reklamc\u0131l\u0131\u011f\u0131na ek i\u015f olarak ba\u015flam\u0131\u015f ve daha sonra bunu ana i\u015fine d\u00f6n\u00fc\u015ft\u00fcrm\u00fc\u015ft\u00fcr.<\/p>\n<p>Bir web sitesinin nas\u0131l kurulaca\u011f\u0131 hakk\u0131nda hi\u00e7bir fikriniz yoksa, umutsuzlu\u011fa kap\u0131lmay\u0131n. Forumumuzda (HTML bilginiz olmasa bile) ad\u0131m ad\u0131m nas\u0131l yap\u0131laca\u011f\u0131n\u0131 g\u00f6sterece\u011fiz. Toplulu\u011fumuzda, yaln\u0131zca i\u00e7erikle doldurman\u0131z gereken anahtar teslim bir siteye kadar size yard\u0131mc\u0131 olabilecek yeterince insan var. Hatta \u00f6zellikle iyi bir poker stratejisi bilgisine bile gerek yok; bir poker sitesinin poker ko\u00e7lu\u011fu i\u00e7eri\u011fi sunmas\u0131 gerekmez, ancak pokerin her alan\u0131n\u0131 kapsayabilir.<\/p>\n<h2>Hedefiniz nedir ve buna nas\u0131l ula\u015f\u0131yorsunuz?<\/h2>\n<p>Ama\u00e7, poker odalar\u0131 i\u00e7in \u00e7evrimi\u00e7i veya \u00e7evrimd\u0131\u015f\u0131 pazarlama ve reklamc\u0131l\u0131k yoluyla para kazanman\u0131z\u0131 sa\u011flamakt\u0131r.<\/strong> Bu hedefe ula\u015fman\u0131z i\u00e7in ihtiyac\u0131n\u0131z olan t\u00fcm bilgileri size sa\u011flayaca\u011f\u0131z. Ba\u015flang\u0131\u00e7 \u200b\u200bbilgileri web sitesinde mevcuttur.<\/p>\n<h2>Bunun bize getirisi ne?<\/h2>\n<p>\u00c7ok basit: Poker odalar\u0131 i\u00e7in yeni ortaklar i\u015fe ald\u0131\u011f\u0131m\u0131zda, gelir elde ettikleri s\u00fcrece komisyon al\u0131yoruz. Bunun size hi\u00e7bir maliyeti yok ve yaln\u0131zca ba\u015far\u0131l\u0131 olursan\u0131z bizim i\u00e7in de\u011ferli, \u00e7\u00fcnk\u00fc gelirinizin yaln\u0131zca k\u00fc\u00e7\u00fck bir y\u00fczdesini al\u0131yoruz. Bu nedenle, ilerlemenize yard\u0131mc\u0131 olmak ve sizi desteklemek i\u00e7in do\u011fal olarak motive oluyoruz.<\/p>\n","protected":false},"excerpt":{"rendered":"<p>Poker Ortakl\u0131k Pazarlamas\u0131, poker odalar\u0131 i\u00e7in oyuncu pazarlamas\u0131 veya i\u015fe al\u0131m\u0131n\u0131 ifade eder. Bir poker orta\u011f\u0131, bir veya daha fazla poker odas\u0131 i\u00e7in yeni oyuncular i\u015fe alan ki\u015fidir. Kar\u015f\u0131l\u0131\u011f\u0131nda, poker odas\u0131 taraf\u0131ndan \u00fccretlendirilirler. Kula\u011fa basit geliyor ve \u00f6yle. Ve herkes kat\u0131labilir! Ancak, en sevdi\u011finiz poker odas\u0131na kendi arkada\u015f \u00e7evrenizden yeni oyuncular i\u015fe almak nispeten kolayd\u0131r. [&hellip;]<\/p>\n","protected":false},"author":1,"featured_media":0,"parent":0,"menu_order":0,"comment_status":"closed","ping_status":"closed","template":"","meta":{"footnotes":""},"class_list":["post-529","page","type-page","status-publish","hentry"],"yoast_head":"<!-- This site is optimized with the Yoast SEO plugin v25.9 - https:\/\/yoast.com\/wordpress\/plugins\/seo\/ -->\n<title>Poker ortakl\u0131k pazarlamas\u0131yla para kazan\u0131n<\/title>\n<meta name=\"robots\" content=\"index, follow, max-snippet:-1, max-image-preview:large, max-video-preview:-1\" \/>\n<link rel=\"canonical\" href=\"https:\/\/poker-werbung.de\/tr\/\" \/>\n<meta property=\"og:locale\" content=\"tr_TR\" \/>\n<meta property=\"og:type\" content=\"article\" \/>\n<meta property=\"og:title\" content=\"Poker ortakl\u0131k pazarlamas\u0131yla para kazan\u0131n\" \/>\n<meta property=\"og:description\" content=\"Poker Ortakl\u0131k Pazarlamas\u0131, poker odalar\u0131 i\u00e7in oyuncu pazarlamas\u0131 veya i\u015fe al\u0131m\u0131n\u0131 ifade eder. Bir poker orta\u011f\u0131, bir veya daha fazla poker odas\u0131 i\u00e7in yeni oyuncular i\u015fe alan ki\u015fidir. Kar\u015f\u0131l\u0131\u011f\u0131nda, poker odas\u0131 taraf\u0131ndan \u00fccretlendirilirler. Kula\u011fa basit geliyor ve \u00f6yle. Ve herkes kat\u0131labilir! Ancak, en sevdi\u011finiz poker odas\u0131na kendi arkada\u015f \u00e7evrenizden yeni oyuncular i\u015fe almak nispeten kolayd\u0131r. [&hellip;]\" \/>\n<meta property=\"og:url\" content=\"https:\/\/poker-werbung.de\/tr\/\" \/>\n<meta name=\"twitter:card\" content=\"summary_large_image\" \/>\n<meta name=\"twitter:label1\" content=\"Tahmini okuma s\u00fcresi\" \/>\n\t<meta name=\"twitter:data1\" content=\"3 dakika\" \/>\n<script type=\"application\/ld+json\" class=\"yoast-schema-graph\">{\"@context\":\"https:\/\/schema.org\",\"@graph\":[{\"@type\":\"WebPage\",\"@id\":\"https:\/\/poker-werbung.de\/tr\/\",\"url\":\"https:\/\/poker-werbung.de\/tr\/\",\"name\":\"Poker ortakl\u0131k pazarlamas\u0131yla para kazan\u0131n\",\"isPartOf\":{\"@id\":\"https:\/\/poker-werbung.de\/tr\/#website\"},\"datePublished\":\"2024-09-09T18:24:17+00:00\",\"breadcrumb\":{\"@id\":\"https:\/\/poker-werbung.de\/tr\/#breadcrumb\"},\"inLanguage\":\"tr\",\"potentialAction\":[{\"@type\":\"ReadAction\",\"target\":[\"https:\/\/poker-werbung.de\/tr\/\"]}]},{\"@type\":\"BreadcrumbList\",\"@id\":\"https:\/\/poker-werbung.de\/tr\/#breadcrumb\",\"itemListElement\":[{\"@type\":\"ListItem\",\"position\":1,\"name\":\"Home\",\"item\":\"https:\/\/poker-werbung.de\/tr\/\"},{\"@type\":\"ListItem\",\"position\":2,\"name\":\"Ev\"}]},{\"@type\":\"WebSite\",\"@id\":\"https:\/\/poker-werbung.de\/tr\/#website\",\"url\":\"https:\/\/poker-werbung.de\/tr\/\",\"name\":\"\",\"description\":\"\",\"potentialAction\":[{\"@type\":\"SearchAction\",\"target\":{\"@type\":\"EntryPoint\",\"urlTemplate\":\"https:\/\/poker-werbung.de\/tr\/?s={search_term_string}\"},\"query-input\":{\"@type\":\"PropertyValueSpecification\",\"valueRequired\":true,\"valueName\":\"search_term_string\"}}],\"inLanguage\":\"tr\"}]}<\/script>\n<!-- \/ Yoast SEO plugin. -->","yoast_head_json":{"title":"Poker ortakl\u0131k pazarlamas\u0131yla para kazan\u0131n","robots":{"index":"index","follow":"follow","max-snippet":"max-snippet:-1","max-image-preview":"max-image-preview:large","max-video-preview":"max-video-preview:-1"},"canonical":"https:\/\/poker-werbung.de\/tr\/","og_locale":"tr_TR","og_type":"article","og_title":"Poker ortakl\u0131k pazarlamas\u0131yla para kazan\u0131n","og_description":"Poker Ortakl\u0131k Pazarlamas\u0131, poker odalar\u0131 i\u00e7in oyuncu pazarlamas\u0131 veya i\u015fe al\u0131m\u0131n\u0131 ifade eder. Bir poker orta\u011f\u0131, bir veya daha fazla poker odas\u0131 i\u00e7in yeni oyuncular i\u015fe alan ki\u015fidir. Kar\u015f\u0131l\u0131\u011f\u0131nda, poker odas\u0131 taraf\u0131ndan \u00fccretlendirilirler. Kula\u011fa basit geliyor ve \u00f6yle. Ve herkes kat\u0131labilir! Ancak, en sevdi\u011finiz poker odas\u0131na kendi arkada\u015f \u00e7evrenizden yeni oyuncular i\u015fe almak nispeten kolayd\u0131r. [&hellip;]","og_url":"https:\/\/poker-werbung.de\/tr\/","twitter_card":"summary_large_image","twitter_misc":{"Tahmini okuma s\u00fcresi":"3 dakika"},"schema":{"@context":"https:\/\/schema.org","@graph":[{"@type":"WebPage","@id":"https:\/\/poker-werbung.de\/tr\/","url":"https:\/\/poker-werbung.de\/tr\/","name":"Poker ortakl\u0131k pazarlamas\u0131yla para kazan\u0131n","isPartOf":{"@id":"https:\/\/poker-werbung.de\/tr\/#website"},"datePublished":"2024-09-09T18:24:17+00:00","breadcrumb":{"@id":"https:\/\/poker-werbung.de\/tr\/#breadcrumb"},"inLanguage":"tr","potentialAction":[{"@type":"ReadAction","target":["https:\/\/poker-werbung.de\/tr\/"]}]},{"@type":"BreadcrumbList","@id":"https:\/\/poker-werbung.de\/tr\/#breadcrumb","itemListElement":[{"@type":"ListItem","position":1,"name":"Home","item":"https:\/\/poker-werbung.de\/tr\/"},{"@type":"ListItem","position":2,"name":"Ev"}]},{"@type":"WebSite","@id":"https:\/\/poker-werbung.de\/tr\/#website","url":"https:\/\/poker-werbung.de\/tr\/","name":"","description":"","potentialAction":[{"@type":"SearchAction","target":{"@type":"EntryPoint","urlTemplate":"https:\/\/poker-werbung.de\/tr\/?s={search_term_string}"},"query-input":{"@type":"PropertyValueSpecification","valueRequired":true,"valueName":"search_term_string"}}],"inLanguage":"tr"}]}},"_links":{"self":[{"href":"https:\/\/poker-werbung.de\/tr\/wp-json\/wp\/v2\/pages\/529","targetHints":{"allow":["GET"]}}],"collection":[{"href":"https:\/\/poker-werbung.de\/tr\/wp-json\/wp\/v2\/pages"}],"about":[{"href":"https:\/\/poker-werbung.de\/tr\/wp-json\/wp\/v2\/types\/page"}],"author":[{"embeddable":true,"href":"https:\/\/poker-werbung.de\/tr\/wp-json\/wp\/v2\/users\/1"}],"replies":[{"embeddable":true,"href":"https:\/\/poker-werbung.de\/tr\/wp-json\/wp\/v2\/comments?post=529"}],"version-history":[{"count":0,"href":"https:\/\/poker-werbung.de\/tr\/wp-json\/wp\/v2\/pages\/529\/revisions"}],"wp:attachment":[{"href":"https:\/\/poker-werbung.de\/tr\/wp-json\/wp\/v2\/media?parent=529"}],"curies":[{"name":"wp","href":"https:\/\/api.w.org\/{rel}","templated":true}]}}