{"id":164,"date":"2024-09-09T19:24:17","date_gmt":"2024-09-09T18:24:17","guid":{"rendered":"https:\/\/poker-werbung.de\/hem\/"},"modified":"2025-08-24T06:48:26","modified_gmt":"2025-08-24T05:48:26","slug":"hem","status":"publish","type":"page","link":"https:\/\/poker-werbung.de\/sv\/","title":{"rendered":"Hem"},"content":{"rendered":"<p>**Pokeraffiliate-marknadsf\u00f6ring \u00e4r marknadsf\u00f6ring eller reklam f\u00f6r spelare f\u00f6r pokerrum**. En pokeraffiliate \u00e4r n\u00e5gon som rekryterar nya spelare till ett eller flera pokerrum. I geng\u00e4ld f\u00e5r han betalt av pokerrummet. L\u00e5ter enkelt, och det \u00e4r det. Och alla kan delta! Det \u00e4r dock relativt enkelt att rekrytera n\u00e5gra nya spelare till ditt favoritpokerrum fr\u00e5n din egen v\u00e4nkrets. F\u00f6r detta \u00e4ndam\u00e5l har rummen sina egna s\u00e5 kallade &#8221;Refer-A-Friend&#8221;-program.<\/p>\n<p>Ett **Poker Affiliate Program** \u00e4r n\u00e5got helt annat, n\u00e4mligen ett systematiskt marknadsf\u00f6ringsverktyg som erbjuds av pokerrummet. Framg\u00e5ngsrika affiliates rekryterar regelbundet ett stort antal nya spelare via sina egna webbplatser och kan f\u00f6rs\u00f6rja sig p\u00e5 det; De b\u00e4sta pokeraffiliatesna i v\u00e4rlden tj\u00e4nar sexsiffriga provisioner varje m\u00e5nad. Men f\u00f6r att uppn\u00e5 detta kr\u00e4vs arbete, och det beh\u00f6vs ocks\u00e5 en plan och specialkunskap \u2013 och allt detta f\u00e5r du gratis fr\u00e5n oss!<\/p>\n<p>Vi \u00e4r en liten grupp erfarna pokerpartners som b\u00f6rjade som individer och nu har g\u00e5tt samman f\u00f6r att st\u00f6dja varandra och f\u00f6ra vidare sina erfarenheter till nya pokerpartners.<\/p>\n<p><strong>Pokermarknadsf\u00f6ring (reklam, affiliering)<\/strong> sker mestadels online via en dedikerad pokersajt. Men \u00e4ven de som inte har en egen pokersajt kan tj\u00e4na pengar som pokeraffiliate genom att annonsera offline med hj\u00e4lp av pokerbonuskoder. Det finns m\u00e5nga alternativ f\u00f6r detta, och vi har \u00e4ven tips f\u00f6r detta. Naturligtvis kan (och b\u00f6r) du k\u00f6ra b\u00e5da parallellt om m\u00f6jligt.<strong>Poker Affiliating<\/strong> \u00e4r ett extremt sp\u00e4nnande och lukrativt f\u00f6retag, n\u00e4stan som poker sj\u00e4lvt.<\/p>\n<p>N\u00e4r din egen pokersajt har skapats och framg\u00e5ngsrikt placerats p\u00e5 Google genom SEO (s\u00f6kmotoroptimering), \u00e4r tiden som kr\u00e4vs senare relativt kort och du kan tj\u00e4na bra pengar med liten anstr\u00e4ngning. Pokeraffiliering \u00e4r idealiskt f\u00f6r att starta som deltidsf\u00f6retag, men m\u00e5nga har b\u00f6rjat med pokerreklam som en extrajobb och senare gjort det till sitt huvudsakliga jobb.<\/p>\n<p>Om du inte har n\u00e5gon aning om hur man bygger en webbplats finns det ingen anledning att misstr\u00f6sta. Vi visar dig steg f\u00f6r steg i v\u00e5rt forum hur du g\u00f6r det (\u00e4ven utan HTML-kunskaper). Och det finns tillr\u00e4ckligt m\u00e5nga m\u00e4nniskor i v\u00e5r gemenskap som kan hj\u00e4lpa dig, \u00e4nda fram till den punkt d\u00e4r du har en f\u00e4rdig webbplats som du bara beh\u00f6ver fylla med inneh\u00e5ll. S\u00e4rskilt goda kunskaper om pokerstrategi kr\u00e4vs inte heller \u2013 en pokersajt beh\u00f6ver inte n\u00f6dv\u00e4ndigtvis ha inneh\u00e5ll om pokercoachning, men kan hantera alla aspekter av poker.<\/p>\n<h2>Vad \u00e4r ditt m\u00e5l och hur uppn\u00e5r du det?<\/h2>\n<p>M\u00e5let \u00e4r att du ska kunna tj\u00e4na pengar genom marknadsf\u00f6ring och reklam online eller offline f\u00f6r pokerrum. Vi kommer att f\u00f6rse dig med all den kunskap du beh\u00f6ver f\u00f6r att uppn\u00e5 detta m\u00e5l. Introduktionsinformationen finns h\u00e4r p\u00e5 webbplatsen.<\/p>\n<h2>Vad vinner vi p\u00e5 detta?<\/h2>\n<p>Det \u00e4r enkelt \u2013 vi f\u00e5r provision n\u00e4r vi rekryterar nya affiliates till pokerrummen \u2013 f\u00f6rutsatt att de genererar int\u00e4kter. Det kostar dig ingenting, och det \u00e4r bara v\u00e4rt det f\u00f6r oss om du lyckas, eftersom vi bara f\u00e5r en liten andel av din f\u00f6rs\u00e4ljning \u2013 s\u00e5 vi \u00e4r naturligt motiverade att hj\u00e4lpa dig att utvecklas och st\u00f6dja dig.<\/p>\n","protected":false},"excerpt":{"rendered":"<p>**Pokeraffiliate-marknadsf\u00f6ring \u00e4r marknadsf\u00f6ring eller reklam f\u00f6r spelare f\u00f6r pokerrum**. En pokeraffiliate \u00e4r n\u00e5gon som rekryterar nya spelare till ett eller flera pokerrum. I geng\u00e4ld f\u00e5r han betalt av pokerrummet. L\u00e5ter enkelt, och det \u00e4r det. Och alla kan delta! Det \u00e4r dock relativt enkelt att rekrytera n\u00e5gra nya spelare till ditt favoritpokerrum fr\u00e5n din egen [&hellip;]<\/p>\n","protected":false},"author":1,"featured_media":0,"parent":0,"menu_order":0,"comment_status":"closed","ping_status":"closed","template":"","meta":{"footnotes":""},"class_list":["post-164","page","type-page","status-publish","hentry"],"yoast_head":"<!-- This site is optimized with the Yoast SEO plugin v25.9 - https:\/\/yoast.com\/wordpress\/plugins\/seo\/ -->\n<title>Tj\u00e4na pengar med affiliate-marknadsf\u00f6ring f\u00f6r poker<\/title>\n<meta name=\"robots\" content=\"index, follow, max-snippet:-1, max-image-preview:large, max-video-preview:-1\" \/>\n<link rel=\"canonical\" href=\"https:\/\/poker-werbung.de\/sv\/\" \/>\n<meta property=\"og:locale\" content=\"sv_SE\" \/>\n<meta property=\"og:type\" content=\"article\" \/>\n<meta property=\"og:title\" content=\"Tj\u00e4na pengar med affiliate-marknadsf\u00f6ring f\u00f6r poker\" \/>\n<meta property=\"og:description\" content=\"**Pokeraffiliate-marknadsf\u00f6ring \u00e4r marknadsf\u00f6ring eller reklam f\u00f6r spelare f\u00f6r pokerrum**. En pokeraffiliate \u00e4r n\u00e5gon som rekryterar nya spelare till ett eller flera pokerrum. I geng\u00e4ld f\u00e5r han betalt av pokerrummet. L\u00e5ter enkelt, och det \u00e4r det. Och alla kan delta! Det \u00e4r dock relativt enkelt att rekrytera n\u00e5gra nya spelare till ditt favoritpokerrum fr\u00e5n din egen [&hellip;]\" \/>\n<meta property=\"og:url\" content=\"https:\/\/poker-werbung.de\/sv\/\" \/>\n<meta property=\"article:modified_time\" content=\"2025-08-24T05:48:26+00:00\" \/>\n<meta name=\"twitter:card\" content=\"summary_large_image\" \/>\n<meta name=\"twitter:label1\" content=\"Ber\u00e4knad l\u00e4stid\" \/>\n\t<meta name=\"twitter:data1\" content=\"3 minuter\" \/>\n<script type=\"application\/ld+json\" class=\"yoast-schema-graph\">{\"@context\":\"https:\/\/schema.org\",\"@graph\":[{\"@type\":\"WebPage\",\"@id\":\"https:\/\/poker-werbung.de\/sv\/\",\"url\":\"https:\/\/poker-werbung.de\/sv\/\",\"name\":\"Tj\u00e4na pengar med affiliate-marknadsf\u00f6ring f\u00f6r poker\",\"isPartOf\":{\"@id\":\"https:\/\/poker-werbung.de\/sv\/#website\"},\"datePublished\":\"2024-09-09T18:24:17+00:00\",\"dateModified\":\"2025-08-24T05:48:26+00:00\",\"breadcrumb\":{\"@id\":\"https:\/\/poker-werbung.de\/sv\/#breadcrumb\"},\"inLanguage\":\"sv-SE\",\"potentialAction\":[{\"@type\":\"ReadAction\",\"target\":[\"https:\/\/poker-werbung.de\/sv\/\"]}]},{\"@type\":\"BreadcrumbList\",\"@id\":\"https:\/\/poker-werbung.de\/sv\/#breadcrumb\",\"itemListElement\":[{\"@type\":\"ListItem\",\"position\":1,\"name\":\"Home\",\"item\":\"https:\/\/poker-werbung.de\/sv\/\"},{\"@type\":\"ListItem\",\"position\":2,\"name\":\"Hem\"}]},{\"@type\":\"WebSite\",\"@id\":\"https:\/\/poker-werbung.de\/sv\/#website\",\"url\":\"https:\/\/poker-werbung.de\/sv\/\",\"name\":\"\",\"description\":\"\",\"potentialAction\":[{\"@type\":\"SearchAction\",\"target\":{\"@type\":\"EntryPoint\",\"urlTemplate\":\"https:\/\/poker-werbung.de\/sv\/?s={search_term_string}\"},\"query-input\":{\"@type\":\"PropertyValueSpecification\",\"valueRequired\":true,\"valueName\":\"search_term_string\"}}],\"inLanguage\":\"sv-SE\"}]}<\/script>\n<!-- \/ Yoast SEO plugin. -->","yoast_head_json":{"title":"Tj\u00e4na pengar med affiliate-marknadsf\u00f6ring f\u00f6r poker","robots":{"index":"index","follow":"follow","max-snippet":"max-snippet:-1","max-image-preview":"max-image-preview:large","max-video-preview":"max-video-preview:-1"},"canonical":"https:\/\/poker-werbung.de\/sv\/","og_locale":"sv_SE","og_type":"article","og_title":"Tj\u00e4na pengar med affiliate-marknadsf\u00f6ring f\u00f6r poker","og_description":"**Pokeraffiliate-marknadsf\u00f6ring \u00e4r marknadsf\u00f6ring eller reklam f\u00f6r spelare f\u00f6r pokerrum**. En pokeraffiliate \u00e4r n\u00e5gon som rekryterar nya spelare till ett eller flera pokerrum. I geng\u00e4ld f\u00e5r han betalt av pokerrummet. L\u00e5ter enkelt, och det \u00e4r det. Och alla kan delta! Det \u00e4r dock relativt enkelt att rekrytera n\u00e5gra nya spelare till ditt favoritpokerrum fr\u00e5n din egen [&hellip;]","og_url":"https:\/\/poker-werbung.de\/sv\/","article_modified_time":"2025-08-24T05:48:26+00:00","twitter_card":"summary_large_image","twitter_misc":{"Ber\u00e4knad l\u00e4stid":"3 minuter"},"schema":{"@context":"https:\/\/schema.org","@graph":[{"@type":"WebPage","@id":"https:\/\/poker-werbung.de\/sv\/","url":"https:\/\/poker-werbung.de\/sv\/","name":"Tj\u00e4na pengar med affiliate-marknadsf\u00f6ring f\u00f6r poker","isPartOf":{"@id":"https:\/\/poker-werbung.de\/sv\/#website"},"datePublished":"2024-09-09T18:24:17+00:00","dateModified":"2025-08-24T05:48:26+00:00","breadcrumb":{"@id":"https:\/\/poker-werbung.de\/sv\/#breadcrumb"},"inLanguage":"sv-SE","potentialAction":[{"@type":"ReadAction","target":["https:\/\/poker-werbung.de\/sv\/"]}]},{"@type":"BreadcrumbList","@id":"https:\/\/poker-werbung.de\/sv\/#breadcrumb","itemListElement":[{"@type":"ListItem","position":1,"name":"Home","item":"https:\/\/poker-werbung.de\/sv\/"},{"@type":"ListItem","position":2,"name":"Hem"}]},{"@type":"WebSite","@id":"https:\/\/poker-werbung.de\/sv\/#website","url":"https:\/\/poker-werbung.de\/sv\/","name":"","description":"","potentialAction":[{"@type":"SearchAction","target":{"@type":"EntryPoint","urlTemplate":"https:\/\/poker-werbung.de\/sv\/?s={search_term_string}"},"query-input":{"@type":"PropertyValueSpecification","valueRequired":true,"valueName":"search_term_string"}}],"inLanguage":"sv-SE"}]}},"_links":{"self":[{"href":"https:\/\/poker-werbung.de\/sv\/wp-json\/wp\/v2\/pages\/164","targetHints":{"allow":["GET"]}}],"collection":[{"href":"https:\/\/poker-werbung.de\/sv\/wp-json\/wp\/v2\/pages"}],"about":[{"href":"https:\/\/poker-werbung.de\/sv\/wp-json\/wp\/v2\/types\/page"}],"author":[{"embeddable":true,"href":"https:\/\/poker-werbung.de\/sv\/wp-json\/wp\/v2\/users\/1"}],"replies":[{"embeddable":true,"href":"https:\/\/poker-werbung.de\/sv\/wp-json\/wp\/v2\/comments?post=164"}],"version-history":[{"count":1,"href":"https:\/\/poker-werbung.de\/sv\/wp-json\/wp\/v2\/pages\/164\/revisions"}],"predecessor-version":[{"id":175,"href":"https:\/\/poker-werbung.de\/sv\/wp-json\/wp\/v2\/pages\/164\/revisions\/175"}],"wp:attachment":[{"href":"https:\/\/poker-werbung.de\/sv\/wp-json\/wp\/v2\/media?parent=164"}],"curies":[{"name":"wp","href":"https:\/\/api.w.org\/{rel}","templated":true}]}}