{"id":525,"date":"2024-09-09T19:24:17","date_gmt":"2024-09-09T18:24:17","guid":{"rendered":"https:\/\/poker-werbung.de\/domov\/"},"modified":"2024-09-09T19:24:17","modified_gmt":"2024-09-09T18:24:17","slug":"domov","status":"publish","type":"page","link":"https:\/\/poker-werbung.de\/sl\/","title":{"rendered":"Domov"},"content":{"rendered":"<p>Poker affiliate marketing se nana\u0161a na tr\u017eenje ali nova\u010denje igralcev za poker sobe. Poker affiliate je nekdo, ki nova\u010di nove igralce za eno ali ve\u010d poker sob. V zameno jim poker soba pla\u010da. Sli\u0161i se preprosto in tudi je. In vsakdo lahko sodeluje! Vendar pa je relativno enostavno nova\u010diti nekaj novih igralcev iz lastnega kroga prijateljev za va\u0161o najljub\u0161o poker sobo. Sobe imajo v ta namen lastne programe \u00bbpriporo\u010di prijatelja\u00ab.<\/p>\n<p>Poker affiliate program pa je nekaj povsem drugega; gre za sistemati\u010dno marketin\u0161ko orodje, ki ga ponuja poker soba. Uspe\u0161ni affiliate partnerji redno nova\u010dijo veliko \u0161tevilo novih igralcev prek svojih spletnih strani in se s tem lahko pre\u017eivljajo; najbolj\u0161i poker affiliate partnerji na svetu vsak mesec zaslu\u017eijo \u0161estmestne provizije. Doseganje tega pa zahteva delo, na\u010drt in specializirano znanje \u2013 in vse to dobite pri nas brezpla\u010dno!<\/p>\n<h2>Kdo smo<\/h2>\n<p>Smo majhna skupina izku\u0161enih poker affiliate partnerjev, ki so za\u010deli kot posamezniki in so zdaj zdru\u017eili mo\u010di, da bi se medsebojno podpirali in delili svoje izku\u0161nje z novimi poker affiliate partnerji.<\/p>\n<p>Poker marketing (ogla\u0161evanje, affiliate) obi\u010dajno poteka na spletu prek va\u0161e lastne poker spletne strani. Toda tudi tisti, ki nimajo lastne poker spletne strani, lahko zaslu\u017eijo kot poker affiliate z ogla\u0161evanjem brez povezave z uporabo poker bonus kod. Obstaja veliko na\u010dinov za to in imamo tudi nasvete za to. Seveda lahko (in bi morali) oboje po\u010deti vzporedno, \u010de je le mogo\u010de. Poker affiliate je izjemno vznemirljiva in donosna dejavnost, skoraj kot sam poker.<\/p>\n<p>Ko je va\u0161a lastna poker spletna stran postavljena in uspe\u0161no uvr\u0161\u010dena na Googlu prek SEO (optimizacije za iskalnike), je \u010das, potreben kasneje, relativno minimalen in lahko z malo truda zaslu\u017eite dober denar. Poker affiliate je idealen za za\u010detek poslovanja kot stranski posel, vendar je veliko ljudi za\u010delo ogla\u0161evanje pokra kot stranski posel in ga kasneje spremenilo v svojo glavno slu\u017ebo.<\/p>\n<p>\u010ce nimate pojma, kako zgraditi spletno stran, ne obupajte. Na na\u0161em forumu vam bomo korak za korakom pokazali, kako to storiti (tudi brez znanja HTML). In v na\u0161i skupnosti je dovolj ljudi, ki vam lahko pomagajo vse do spletne strani na klju\u010d, ki jo morate le napolniti z vsebino. Niti posebej dobro poznavanje poker strategije ni potrebno \u2013 poker spletna stran ne ponuja nujno vsebin o poker treningih, lahko pa pokriva kateri koli vidik pokra.<\/p>\n<h2>Kaj je va\u0161 cilj in kako ga dose\u017eete?<\/h2>\n<p>Cilj je, da vam omogo\u010dimo zaslu\u017eek s spletnim ali nespletnim tr\u017eenjem in ogla\u0161evanjem za poker sobe.<\/strong> Zagotovili vam bomo vse znanje, ki ga potrebujete za dosego tega cilja. Informacije za za\u010detek so na voljo tukaj na spletni strani.<\/p>\n<h2>Kaj dobimo od tega?<\/h2>\n<p>Preprosto je: prejmemo provizijo, ko za poker sobe pridobimo nove partnerje, pod pogojem, da ustvarijo prihodek. To vas ni\u010d ne stane, za nas pa se spla\u010da le, \u010de ste uspe\u0161ni, saj prejmemo le majhen odstotek va\u0161ega prihodka. Zato smo seveda motivirani, da vam pomagamo napredovati in vas podpremo.<\/p>\n","protected":false},"excerpt":{"rendered":"<p>Poker affiliate marketing se nana\u0161a na tr\u017eenje ali nova\u010denje igralcev za poker sobe. Poker affiliate je nekdo, ki nova\u010di nove igralce za eno ali ve\u010d poker sob. V zameno jim poker soba pla\u010da. Sli\u0161i se preprosto in tudi je. In vsakdo lahko sodeluje! Vendar pa je relativno enostavno nova\u010diti nekaj novih igralcev iz lastnega kroga [&hellip;]<\/p>\n","protected":false},"author":1,"featured_media":0,"parent":0,"menu_order":0,"comment_status":"closed","ping_status":"closed","template":"","meta":{"footnotes":""},"class_list":["post-525","page","type-page","status-publish","hentry"],"yoast_head":"<!-- This site is optimized with the Yoast SEO plugin v25.9 - https:\/\/yoast.com\/wordpress\/plugins\/seo\/ -->\n<title>Zaslu\u017eite denar s poker affiliate marketingom<\/title>\n<meta name=\"robots\" content=\"index, follow, max-snippet:-1, max-image-preview:large, max-video-preview:-1\" \/>\n<link rel=\"canonical\" href=\"https:\/\/poker-werbung.de\/sl\/\" \/>\n<meta property=\"og:locale\" content=\"sl_SI\" \/>\n<meta property=\"og:type\" content=\"article\" \/>\n<meta property=\"og:title\" content=\"Zaslu\u017eite denar s poker affiliate marketingom\" \/>\n<meta property=\"og:description\" content=\"Poker affiliate marketing se nana\u0161a na tr\u017eenje ali nova\u010denje igralcev za poker sobe. Poker affiliate je nekdo, ki nova\u010di nove igralce za eno ali ve\u010d poker sob. V zameno jim poker soba pla\u010da. Sli\u0161i se preprosto in tudi je. In vsakdo lahko sodeluje! Vendar pa je relativno enostavno nova\u010diti nekaj novih igralcev iz lastnega kroga [&hellip;]\" \/>\n<meta property=\"og:url\" content=\"https:\/\/poker-werbung.de\/sl\/\" \/>\n<meta name=\"twitter:card\" content=\"summary_large_image\" \/>\n<meta name=\"twitter:label1\" content=\"Est. reading time\" \/>\n\t<meta name=\"twitter:data1\" content=\"3 minute\" \/>\n<script type=\"application\/ld+json\" class=\"yoast-schema-graph\">{\"@context\":\"https:\/\/schema.org\",\"@graph\":[{\"@type\":\"WebPage\",\"@id\":\"https:\/\/poker-werbung.de\/sl\/\",\"url\":\"https:\/\/poker-werbung.de\/sl\/\",\"name\":\"Zaslu\u017eite denar s poker affiliate marketingom\",\"isPartOf\":{\"@id\":\"https:\/\/poker-werbung.de\/sl\/#website\"},\"datePublished\":\"2024-09-09T18:24:17+00:00\",\"breadcrumb\":{\"@id\":\"https:\/\/poker-werbung.de\/sl\/#breadcrumb\"},\"inLanguage\":\"sl-SI\",\"potentialAction\":[{\"@type\":\"ReadAction\",\"target\":[\"https:\/\/poker-werbung.de\/sl\/\"]}]},{\"@type\":\"BreadcrumbList\",\"@id\":\"https:\/\/poker-werbung.de\/sl\/#breadcrumb\",\"itemListElement\":[{\"@type\":\"ListItem\",\"position\":1,\"name\":\"Home\",\"item\":\"https:\/\/poker-werbung.de\/sl\/\"},{\"@type\":\"ListItem\",\"position\":2,\"name\":\"Domov\"}]},{\"@type\":\"WebSite\",\"@id\":\"https:\/\/poker-werbung.de\/sl\/#website\",\"url\":\"https:\/\/poker-werbung.de\/sl\/\",\"name\":\"\",\"description\":\"\",\"potentialAction\":[{\"@type\":\"SearchAction\",\"target\":{\"@type\":\"EntryPoint\",\"urlTemplate\":\"https:\/\/poker-werbung.de\/sl\/?s={search_term_string}\"},\"query-input\":{\"@type\":\"PropertyValueSpecification\",\"valueRequired\":true,\"valueName\":\"search_term_string\"}}],\"inLanguage\":\"sl-SI\"}]}<\/script>\n<!-- \/ Yoast SEO plugin. -->","yoast_head_json":{"title":"Zaslu\u017eite denar s poker affiliate marketingom","robots":{"index":"index","follow":"follow","max-snippet":"max-snippet:-1","max-image-preview":"max-image-preview:large","max-video-preview":"max-video-preview:-1"},"canonical":"https:\/\/poker-werbung.de\/sl\/","og_locale":"sl_SI","og_type":"article","og_title":"Zaslu\u017eite denar s poker affiliate marketingom","og_description":"Poker affiliate marketing se nana\u0161a na tr\u017eenje ali nova\u010denje igralcev za poker sobe. Poker affiliate je nekdo, ki nova\u010di nove igralce za eno ali ve\u010d poker sob. V zameno jim poker soba pla\u010da. Sli\u0161i se preprosto in tudi je. In vsakdo lahko sodeluje! Vendar pa je relativno enostavno nova\u010diti nekaj novih igralcev iz lastnega kroga [&hellip;]","og_url":"https:\/\/poker-werbung.de\/sl\/","twitter_card":"summary_large_image","twitter_misc":{"Est. reading time":"3 minute"},"schema":{"@context":"https:\/\/schema.org","@graph":[{"@type":"WebPage","@id":"https:\/\/poker-werbung.de\/sl\/","url":"https:\/\/poker-werbung.de\/sl\/","name":"Zaslu\u017eite denar s poker affiliate marketingom","isPartOf":{"@id":"https:\/\/poker-werbung.de\/sl\/#website"},"datePublished":"2024-09-09T18:24:17+00:00","breadcrumb":{"@id":"https:\/\/poker-werbung.de\/sl\/#breadcrumb"},"inLanguage":"sl-SI","potentialAction":[{"@type":"ReadAction","target":["https:\/\/poker-werbung.de\/sl\/"]}]},{"@type":"BreadcrumbList","@id":"https:\/\/poker-werbung.de\/sl\/#breadcrumb","itemListElement":[{"@type":"ListItem","position":1,"name":"Home","item":"https:\/\/poker-werbung.de\/sl\/"},{"@type":"ListItem","position":2,"name":"Domov"}]},{"@type":"WebSite","@id":"https:\/\/poker-werbung.de\/sl\/#website","url":"https:\/\/poker-werbung.de\/sl\/","name":"","description":"","potentialAction":[{"@type":"SearchAction","target":{"@type":"EntryPoint","urlTemplate":"https:\/\/poker-werbung.de\/sl\/?s={search_term_string}"},"query-input":{"@type":"PropertyValueSpecification","valueRequired":true,"valueName":"search_term_string"}}],"inLanguage":"sl-SI"}]}},"_links":{"self":[{"href":"https:\/\/poker-werbung.de\/sl\/wp-json\/wp\/v2\/pages\/525","targetHints":{"allow":["GET"]}}],"collection":[{"href":"https:\/\/poker-werbung.de\/sl\/wp-json\/wp\/v2\/pages"}],"about":[{"href":"https:\/\/poker-werbung.de\/sl\/wp-json\/wp\/v2\/types\/page"}],"author":[{"embeddable":true,"href":"https:\/\/poker-werbung.de\/sl\/wp-json\/wp\/v2\/users\/1"}],"replies":[{"embeddable":true,"href":"https:\/\/poker-werbung.de\/sl\/wp-json\/wp\/v2\/comments?post=525"}],"version-history":[{"count":0,"href":"https:\/\/poker-werbung.de\/sl\/wp-json\/wp\/v2\/pages\/525\/revisions"}],"wp:attachment":[{"href":"https:\/\/poker-werbung.de\/sl\/wp-json\/wp\/v2\/media?parent=525"}],"curies":[{"name":"wp","href":"https:\/\/api.w.org\/{rel}","templated":true}]}}