{"id":523,"date":"2024-09-09T19:24:17","date_gmt":"2024-09-09T18:24:17","guid":{"rendered":"https:\/\/poker-werbung.de\/domov\/"},"modified":"2024-09-09T19:24:17","modified_gmt":"2024-09-09T18:24:17","slug":"domov","status":"publish","type":"page","link":"https:\/\/poker-werbung.de\/sk\/","title":{"rendered":"Domov"},"content":{"rendered":"<p>Pokrov\u00fd affiliate marketing sa vz\u0165ahuje na marketing alebo n\u00e1bor hr\u00e1\u010dov pre pokrov\u00e9 herne. Pokrov\u00fd affiliate je niekto, kto verbuje nov\u00fdch hr\u00e1\u010dov pre jednu alebo viac pokrov\u00fdch hern\u00ed. Na opl\u00e1tku s\u00fa od pokrovej herne platen\u00ed. Znie to jednoducho a aj je. A m\u00f4\u017ee sa zapoji\u0165 ktoko\u013evek! Je v\u0161ak relat\u00edvne jednoduch\u00e9 naverbova\u0165 nov\u00fdch hr\u00e1\u010dov z vlastn\u00e9ho okruhu priate\u013eov do va\u0161ej ob\u013e\u00fabenej pokrovej herne. Herne maj\u00fa na tento \u00fa\u010del vlastn\u00e9 programy \u201eodporu\u010d priate\u013ea\u201c.<\/p>\n<p>Pokrov\u00fd affiliate program je v\u0161ak nie\u010do \u00faplne in\u00e9; je to systematick\u00fd marketingov\u00fd n\u00e1stroj, ktor\u00fd pon\u00faka pokrov\u00e1 her\u0148a. \u00daspe\u0161n\u00ed affiliate partneri pravidelne verbuj\u00fa ve\u013ek\u00e9 mno\u017estvo nov\u00fdch hr\u00e1\u010dov prostredn\u00edctvom svojich vlastn\u00fdch webov\u00fdch str\u00e1nok a m\u00f4\u017eu sa t\u00fdm \u017eivi\u0165; najlep\u0161\u00ed pokrov\u00ed affiliate partneri na svete zar\u00e1baj\u00fa ka\u017ed\u00fd mesiac \u0161es\u0165cifern\u00e9 prov\u00edzie. Dosiahnutie tohto cie\u013ea si v\u0161ak vy\u017eaduje pr\u00e1cu, pl\u00e1n a \u0161pecializovan\u00e9 znalosti \u2013 a to v\u0161etko od n\u00e1s z\u00edskate zadarmo!<\/p>\n<h2>Kto sme<\/h2>\n<p>Sme mal\u00e1 skupina sk\u00fasen\u00fdch pokrov\u00fdch affiliate partnerov, ktor\u00ed za\u010d\u00ednali ako jednotlivci a teraz spojili sily, aby sa navz\u00e1jom podporovali a zdie\u013eali svoje sk\u00fasenosti s nov\u00fdmi pokrov\u00fdmi affiliate partnermi.<\/p>\n<p>Pokrov\u00fd marketing (reklama, affiliate marketing) zvy\u010dajne prebieha online prostredn\u00edctvom va\u0161ej vlastnej pokrovej webovej str\u00e1nky. Ale aj t\u00ed, ktor\u00ed nemaj\u00fa vlastn\u00fa pokrov\u00fa webov\u00fa str\u00e1nku, m\u00f4\u017eu zar\u00e1ba\u0165 peniaze ako pokrov\u00fd affiliate marketing offline pomocou pokrov\u00fdch bonusov\u00fdch k\u00f3dov. Existuje mnoho sp\u00f4sobov, ako to urobi\u0165, a my m\u00e1me aj na to tipy. Samozrejme, ak je to mo\u017en\u00e9, m\u00f4\u017eete (a mali by ste) robi\u0165 oboje paralelne. Pokrov\u00fd affiliate marketing je mimoriadne vzru\u0161uj\u00faca a lukrat\u00edvna aktivita, takmer ako samotn\u00fd poker.<\/p>\n<p>Akon\u00e1hle je va\u0161a vlastn\u00e1 pokrov\u00e1 webov\u00e1 str\u00e1nka nastaven\u00e1 a \u00faspe\u0161ne sa umiestni na Googli prostredn\u00edctvom SEO (optimaliz\u00e1cia pre vyh\u013ead\u00e1va\u010de), \u010das potrebn\u00fd nesk\u00f4r je relat\u00edvne minim\u00e1lny a s mal\u00fdm \u00fasil\u00edm m\u00f4\u017eete zarobi\u0165 dobr\u00e9 peniaze. Pokrov\u00fd affiliate marketing je ide\u00e1lny na za\u010datie podnikania ako ved\u013eaj\u0161\u00ed pr\u00edjem, ale ve\u013ea \u013eud\u00ed za\u010dalo s pokrovou reklamou ako ved\u013eaj\u0161\u00edm pr\u00edjmom a nesk\u00f4r si z toho urobilo svoje hlavn\u00e9 zamestnanie.<\/p>\n<p>Ak neviete, ako vytvori\u0165 webov\u00fa str\u00e1nku, nez\u00fafajte. V na\u0161om f\u00f3re v\u00e1m krok za krokom uk\u00e1\u017eeme, ako to urobi\u0165 (aj bez znalosti HTML). A v na\u0161ej komunite je dostatok \u013eud\u00ed, ktor\u00ed v\u00e1m m\u00f4\u017eu pom\u00f4c\u0165 a\u017e k hotovej str\u00e1nke, ktor\u00fa sta\u010d\u00ed len naplni\u0165 obsahom. Ani obzvl\u00e1\u0161\u0165 dobr\u00e1 znalos\u0165 pokrovej strat\u00e9gie nie je potrebn\u00e1 \u2013 pokrov\u00e1 str\u00e1nka nemus\u00ed nevyhnutne pon\u00faka\u0165 obsah o pokrovom kou\u010dovan\u00ed, ale m\u00f4\u017ee pokr\u00fdva\u0165 ak\u00fdko\u013evek aspekt pokru.<\/p>\n<h2>Ak\u00fd je v\u00e1\u0161 cie\u013e a ako ho dosiahnete?<\/h2>\n<p>Cie\u013eom je umo\u017eni\u0165 v\u00e1m zar\u00e1ba\u0165 peniaze online alebo offline marketingom a reklamou pre pokrov\u00e9 herne.<\/strong> Poskytneme v\u00e1m v\u0161etky vedomosti, ktor\u00e9 potrebujete na dosiahnutie tohto cie\u013ea. Inform\u00e1cie o za\u010dat\u00ed hry s\u00fa k dispoz\u00edcii tu na webovej str\u00e1nke.<\/p>\n<h2>\u010co z toho z\u00edskame?<\/h2>\n<p>Je to jednoduch\u00e9: dostaneme prov\u00edziu, ke\u010f naverbujeme nov\u00fdch partnerov do pokrov\u00fdch hern\u00ed, za predpokladu, \u017ee generuj\u00fa pr\u00edjmy. To v\u00e1s ni\u010d nestoj\u00ed a pre n\u00e1s sa to oplat\u00ed iba vtedy, ak ste \u00faspe\u0161n\u00ed, preto\u017ee my dost\u00e1vame len mal\u00e9 percento z va\u0161ich pr\u00edjmov. Preto sme prirodzene motivovan\u00ed pom\u00e1ha\u0165 v\u00e1m napredova\u0165 a podporova\u0165 v\u00e1s.<\/p>\n","protected":false},"excerpt":{"rendered":"<p>Pokrov\u00fd affiliate marketing sa vz\u0165ahuje na marketing alebo n\u00e1bor hr\u00e1\u010dov pre pokrov\u00e9 herne. Pokrov\u00fd affiliate je niekto, kto verbuje nov\u00fdch hr\u00e1\u010dov pre jednu alebo viac pokrov\u00fdch hern\u00ed. Na opl\u00e1tku s\u00fa od pokrovej herne platen\u00ed. Znie to jednoducho a aj je. A m\u00f4\u017ee sa zapoji\u0165 ktoko\u013evek! Je v\u0161ak relat\u00edvne jednoduch\u00e9 naverbova\u0165 nov\u00fdch hr\u00e1\u010dov z vlastn\u00e9ho okruhu [&hellip;]<\/p>\n","protected":false},"author":1,"featured_media":0,"parent":0,"menu_order":0,"comment_status":"closed","ping_status":"closed","template":"","meta":{"footnotes":""},"class_list":["post-523","page","type-page","status-publish","hentry"],"yoast_head":"<!-- This site is optimized with the Yoast SEO plugin v25.9 - https:\/\/yoast.com\/wordpress\/plugins\/seo\/ -->\n<title>Zar\u00e1bajte peniaze pomocou pokrov\u00e9ho affiliate marketingu<\/title>\n<meta name=\"robots\" content=\"index, follow, max-snippet:-1, max-image-preview:large, max-video-preview:-1\" \/>\n<link rel=\"canonical\" href=\"https:\/\/poker-werbung.de\/sk\/\" \/>\n<meta property=\"og:locale\" content=\"sk_SK\" \/>\n<meta property=\"og:type\" content=\"article\" \/>\n<meta property=\"og:title\" content=\"Zar\u00e1bajte peniaze pomocou pokrov\u00e9ho affiliate marketingu\" \/>\n<meta property=\"og:description\" content=\"Pokrov\u00fd affiliate marketing sa vz\u0165ahuje na marketing alebo n\u00e1bor hr\u00e1\u010dov pre pokrov\u00e9 herne. Pokrov\u00fd affiliate je niekto, kto verbuje nov\u00fdch hr\u00e1\u010dov pre jednu alebo viac pokrov\u00fdch hern\u00ed. Na opl\u00e1tku s\u00fa od pokrovej herne platen\u00ed. Znie to jednoducho a aj je. A m\u00f4\u017ee sa zapoji\u0165 ktoko\u013evek! Je v\u0161ak relat\u00edvne jednoduch\u00e9 naverbova\u0165 nov\u00fdch hr\u00e1\u010dov z vlastn\u00e9ho okruhu [&hellip;]\" \/>\n<meta property=\"og:url\" content=\"https:\/\/poker-werbung.de\/sk\/\" \/>\n<meta name=\"twitter:card\" content=\"summary_large_image\" \/>\n<meta name=\"twitter:label1\" content=\"Predpokladan\u00fd \u010das \u010d\u00edtania\" \/>\n\t<meta name=\"twitter:data1\" content=\"3 min\u00faty\" \/>\n<script type=\"application\/ld+json\" class=\"yoast-schema-graph\">{\"@context\":\"https:\/\/schema.org\",\"@graph\":[{\"@type\":\"WebPage\",\"@id\":\"https:\/\/poker-werbung.de\/sk\/\",\"url\":\"https:\/\/poker-werbung.de\/sk\/\",\"name\":\"Zar\u00e1bajte peniaze pomocou pokrov\u00e9ho affiliate marketingu\",\"isPartOf\":{\"@id\":\"https:\/\/poker-werbung.de\/sk\/#website\"},\"datePublished\":\"2024-09-09T18:24:17+00:00\",\"breadcrumb\":{\"@id\":\"https:\/\/poker-werbung.de\/sk\/#breadcrumb\"},\"inLanguage\":\"sk-SK\",\"potentialAction\":[{\"@type\":\"ReadAction\",\"target\":[\"https:\/\/poker-werbung.de\/sk\/\"]}]},{\"@type\":\"BreadcrumbList\",\"@id\":\"https:\/\/poker-werbung.de\/sk\/#breadcrumb\",\"itemListElement\":[{\"@type\":\"ListItem\",\"position\":1,\"name\":\"Home\",\"item\":\"https:\/\/poker-werbung.de\/sk\/\"},{\"@type\":\"ListItem\",\"position\":2,\"name\":\"Domov\"}]},{\"@type\":\"WebSite\",\"@id\":\"https:\/\/poker-werbung.de\/sk\/#website\",\"url\":\"https:\/\/poker-werbung.de\/sk\/\",\"name\":\"\",\"description\":\"\",\"potentialAction\":[{\"@type\":\"SearchAction\",\"target\":{\"@type\":\"EntryPoint\",\"urlTemplate\":\"https:\/\/poker-werbung.de\/sk\/?s={search_term_string}\"},\"query-input\":{\"@type\":\"PropertyValueSpecification\",\"valueRequired\":true,\"valueName\":\"search_term_string\"}}],\"inLanguage\":\"sk-SK\"}]}<\/script>\n<!-- \/ Yoast SEO plugin. -->","yoast_head_json":{"title":"Zar\u00e1bajte peniaze pomocou pokrov\u00e9ho affiliate marketingu","robots":{"index":"index","follow":"follow","max-snippet":"max-snippet:-1","max-image-preview":"max-image-preview:large","max-video-preview":"max-video-preview:-1"},"canonical":"https:\/\/poker-werbung.de\/sk\/","og_locale":"sk_SK","og_type":"article","og_title":"Zar\u00e1bajte peniaze pomocou pokrov\u00e9ho affiliate marketingu","og_description":"Pokrov\u00fd affiliate marketing sa vz\u0165ahuje na marketing alebo n\u00e1bor hr\u00e1\u010dov pre pokrov\u00e9 herne. Pokrov\u00fd affiliate je niekto, kto verbuje nov\u00fdch hr\u00e1\u010dov pre jednu alebo viac pokrov\u00fdch hern\u00ed. Na opl\u00e1tku s\u00fa od pokrovej herne platen\u00ed. Znie to jednoducho a aj je. A m\u00f4\u017ee sa zapoji\u0165 ktoko\u013evek! Je v\u0161ak relat\u00edvne jednoduch\u00e9 naverbova\u0165 nov\u00fdch hr\u00e1\u010dov z vlastn\u00e9ho okruhu [&hellip;]","og_url":"https:\/\/poker-werbung.de\/sk\/","twitter_card":"summary_large_image","twitter_misc":{"Predpokladan\u00fd \u010das \u010d\u00edtania":"3 min\u00faty"},"schema":{"@context":"https:\/\/schema.org","@graph":[{"@type":"WebPage","@id":"https:\/\/poker-werbung.de\/sk\/","url":"https:\/\/poker-werbung.de\/sk\/","name":"Zar\u00e1bajte peniaze pomocou pokrov\u00e9ho affiliate marketingu","isPartOf":{"@id":"https:\/\/poker-werbung.de\/sk\/#website"},"datePublished":"2024-09-09T18:24:17+00:00","breadcrumb":{"@id":"https:\/\/poker-werbung.de\/sk\/#breadcrumb"},"inLanguage":"sk-SK","potentialAction":[{"@type":"ReadAction","target":["https:\/\/poker-werbung.de\/sk\/"]}]},{"@type":"BreadcrumbList","@id":"https:\/\/poker-werbung.de\/sk\/#breadcrumb","itemListElement":[{"@type":"ListItem","position":1,"name":"Home","item":"https:\/\/poker-werbung.de\/sk\/"},{"@type":"ListItem","position":2,"name":"Domov"}]},{"@type":"WebSite","@id":"https:\/\/poker-werbung.de\/sk\/#website","url":"https:\/\/poker-werbung.de\/sk\/","name":"","description":"","potentialAction":[{"@type":"SearchAction","target":{"@type":"EntryPoint","urlTemplate":"https:\/\/poker-werbung.de\/sk\/?s={search_term_string}"},"query-input":{"@type":"PropertyValueSpecification","valueRequired":true,"valueName":"search_term_string"}}],"inLanguage":"sk-SK"}]}},"_links":{"self":[{"href":"https:\/\/poker-werbung.de\/sk\/wp-json\/wp\/v2\/pages\/523","targetHints":{"allow":["GET"]}}],"collection":[{"href":"https:\/\/poker-werbung.de\/sk\/wp-json\/wp\/v2\/pages"}],"about":[{"href":"https:\/\/poker-werbung.de\/sk\/wp-json\/wp\/v2\/types\/page"}],"author":[{"embeddable":true,"href":"https:\/\/poker-werbung.de\/sk\/wp-json\/wp\/v2\/users\/1"}],"replies":[{"embeddable":true,"href":"https:\/\/poker-werbung.de\/sk\/wp-json\/wp\/v2\/comments?post=523"}],"version-history":[{"count":0,"href":"https:\/\/poker-werbung.de\/sk\/wp-json\/wp\/v2\/pages\/523\/revisions"}],"wp:attachment":[{"href":"https:\/\/poker-werbung.de\/sk\/wp-json\/wp\/v2\/media?parent=523"}],"curies":[{"name":"wp","href":"https:\/\/api.w.org\/{rel}","templated":true}]}}