{"id":163,"date":"2024-09-09T19:24:17","date_gmt":"2024-09-09T18:24:17","guid":{"rendered":"https:\/\/poker-werbung.de\/acasa\/"},"modified":"2025-08-24T06:47:44","modified_gmt":"2025-08-24T05:47:44","slug":"acasa","status":"publish","type":"page","link":"https:\/\/poker-werbung.de\/ro\/","title":{"rendered":"Acas\u0103"},"content":{"rendered":"<p>**Marketingul afiliat la poker** este marketingul sau publicitatea juc\u0103torilor pentru s\u0103lile de poker. Un afiliat de poker este cineva care recruteaz\u0103 juc\u0103tori noi la una sau mai multe camere de poker. \u00cen schimb, el este pl\u0103tit de camera de poker. Sun\u0103 simplu, \u0219i a\u0219a este. \u0218i toat\u0103 lumea poate participa! Totu\u0219i, este relativ u\u0219or s\u0103 recrutezi juc\u0103tori noi pentru camera ta de poker preferat\u0103 din propriul cerc de prieteni. \u00cen acest scop, camerele au propriile programe a\u0219a-numite \u201eRecomand\u0103 un prieten\u201d.<\/p>\n<p>Un **Program de Afiliere la Poker** este ceva complet diferit, \u0219i anume un instrument sistematic de marketing oferit de camera de poker. Afilia\u021bii de succes recruteaz\u0103 \u00een mod regulat un num\u0103r mare de juc\u0103tori noi prin intermediul propriilor site-uri web \u0219i \u00ee\u0219i pot c\u00e2\u0219tiga existen\u021ba din acest lucru; Cei mai buni afilia\u021bi de poker din lume c\u00e2\u0219tig\u0103 comisioane de \u0219ase cifre \u00een fiecare lun\u0103. Dar pentru a realiza acest lucru, este necesar\u0103 munc\u0103, \u0219i sunt necesare \u0219i un plan \u0219i cuno\u0219tin\u021be speciale &#8211; \u0219i toate acestea le prime\u0219ti de la noi gratuit!<\/p>\n<p>Suntem un grup mic de afilia\u021bi experimenta\u021bi \u00een poker, care au \u00eenceput ca indivizi \u0219i care acum \u0219i-au unit for\u021bele pentru a se sprijini reciproc \u0219i a-\u0219i transmite experien\u021ba noilor afilia\u021bi de poker.<\/p>\n<p>**Marketingul pentru poker (publicitate, afiliere)** se desf\u0103\u0219oar\u0103 \u00een mare parte online, prin intermediul unui site web dedicat. Dar chiar \u0219i cei care nu au propriul site de poker pot c\u00e2\u0219tiga bani ca afilia\u021bi de poker prin publicitate offline folosind coduri bonus de poker. Exist\u0103 multe op\u021biuni pentru asta, iar noi avem \u0219i sfaturi \u00een acest sens. Desigur, po\u021bi (\u0219i ar trebui) s\u0103 le rulezi pe am\u00e2ndou\u0103 \u00een paralel, dac\u0103 este posibil.**Afilierea la poker** este o aventur\u0103 extrem de interesant\u0103 \u0219i profitabil\u0103, aproape ca pokerul \u00een sine.<\/p>\n<p>Odat\u0103 ce propriul site de poker a fost configurat \u0219i plasat cu succes pe Google prin SEO (optimizare pentru motoarele de c\u0103utare), timpul necesar ulterior este relativ scurt \u0219i po\u021bi c\u00e2\u0219tiga bani frumo\u0219i cu pu\u021bin efort. Afilierea la poker este ideal\u0103 pentru a \u00eencepe ca o afacere part-time, dar mul\u021bi oameni au \u00eenceput publicitatea la poker ca un job secundar \u0219i ulterior au transformat-o \u00een jobul lor principal.<\/p>\n<p>Dac\u0103 nu ai nicio idee cum s\u0103 creezi un site web, nu este nevoie s\u0103 disperi. \u00ce\u021bi vom ar\u0103ta pas cu pas pe forumul nostru cum s\u0103 faci asta (chiar \u0219i f\u0103r\u0103 cuno\u0219tin\u021be de HTML). \u0218i exist\u0103 destui oameni \u00een comunitatea noastr\u0103 care te pot ajuta, p\u00e2n\u0103 la punctul de a avea un site la cheie pe care trebuie doar s\u0103-l umpli cu con\u021binut. Nu sunt necesare cuno\u0219tin\u021be deosebit de bune despre strategia de poker &#8211; un site de poker nu trebuie neap\u0103rat s\u0103 aib\u0103 con\u021binut despre antrenorat \u00een poker, dar poate aborda fiecare aspect al pokerului.<\/p>\n<h2>Care este obiectivul t\u0103u \u0219i cum \u00eel atingi?<\/h2>\n<p>Scopul este de a v\u0103 permite s\u0103 c\u00e2\u0219tiga\u021bi bani prin marketing \u0219i publicitate online sau offline pentru camerele de poker. \u00ce\u021bi vom oferi toate cuno\u0219tin\u021bele de care ai nevoie pentru a atinge acest obiectiv. Informa\u021biile introductive sunt disponibile aici, pe site.<\/p>\n<h2>Ce c\u00e2\u0219tig\u0103m din asta?<\/h2>\n<p>E simplu &#8211; primim un comision atunci c\u00e2nd recrut\u0103m noi afilia\u021bi pentru camerele de poker &#8211; cu condi\u021bia ca ace\u0219tia s\u0103 genereze venituri. Nu te cost\u0103 nimic \u0219i merit\u0103 pentru noi doar dac\u0103 ai succes, deoarece primim doar un mic procent din v\u00e2nz\u0103rile tale &#8211; a\u0219a c\u0103 suntem \u00een mod natural motiva\u021bi s\u0103 te ajut\u0103m s\u0103 progresezi \u0219i s\u0103 te sprijinim.<\/p>\n","protected":false},"excerpt":{"rendered":"<p>**Marketingul afiliat la poker** este marketingul sau publicitatea juc\u0103torilor pentru s\u0103lile de poker. Un afiliat de poker este cineva care recruteaz\u0103 juc\u0103tori noi la una sau mai multe camere de poker. \u00cen schimb, el este pl\u0103tit de camera de poker. Sun\u0103 simplu, \u0219i a\u0219a este. \u0218i toat\u0103 lumea poate participa! Totu\u0219i, este relativ u\u0219or s\u0103 [&hellip;]<\/p>\n","protected":false},"author":1,"featured_media":0,"parent":0,"menu_order":0,"comment_status":"closed","ping_status":"closed","template":"","meta":{"footnotes":""},"class_list":["post-163","page","type-page","status-publish","hentry"],"yoast_head":"<!-- This site is optimized with the Yoast SEO plugin v25.9 - https:\/\/yoast.com\/wordpress\/plugins\/seo\/ -->\n<title>C\u00e2\u0219tig\u0103 bani cu marketingul afiliat la poker<\/title>\n<meta name=\"robots\" content=\"index, follow, max-snippet:-1, max-image-preview:large, max-video-preview:-1\" \/>\n<link rel=\"canonical\" href=\"https:\/\/poker-werbung.de\/ro\/\" \/>\n<meta property=\"og:locale\" content=\"ro_RO\" \/>\n<meta property=\"og:type\" content=\"article\" \/>\n<meta property=\"og:title\" content=\"C\u00e2\u0219tig\u0103 bani cu marketingul afiliat la poker\" \/>\n<meta property=\"og:description\" content=\"**Marketingul afiliat la poker** este marketingul sau publicitatea juc\u0103torilor pentru s\u0103lile de poker. Un afiliat de poker este cineva care recruteaz\u0103 juc\u0103tori noi la una sau mai multe camere de poker. \u00cen schimb, el este pl\u0103tit de camera de poker. Sun\u0103 simplu, \u0219i a\u0219a este. \u0218i toat\u0103 lumea poate participa! Totu\u0219i, este relativ u\u0219or s\u0103 [&hellip;]\" \/>\n<meta property=\"og:url\" content=\"https:\/\/poker-werbung.de\/ro\/\" \/>\n<meta property=\"article:modified_time\" content=\"2025-08-24T05:47:44+00:00\" \/>\n<meta name=\"twitter:card\" content=\"summary_large_image\" \/>\n<meta name=\"twitter:label1\" content=\"Timp estimat pentru citire\" \/>\n\t<meta name=\"twitter:data1\" content=\"3 minute\" \/>\n<script type=\"application\/ld+json\" class=\"yoast-schema-graph\">{\"@context\":\"https:\/\/schema.org\",\"@graph\":[{\"@type\":\"WebPage\",\"@id\":\"https:\/\/poker-werbung.de\/ro\/\",\"url\":\"https:\/\/poker-werbung.de\/ro\/\",\"name\":\"C\u00e2\u0219tig\u0103 bani cu marketingul afiliat la poker\",\"isPartOf\":{\"@id\":\"https:\/\/poker-werbung.de\/ro\/#website\"},\"datePublished\":\"2024-09-09T18:24:17+00:00\",\"dateModified\":\"2025-08-24T05:47:44+00:00\",\"breadcrumb\":{\"@id\":\"https:\/\/poker-werbung.de\/ro\/#breadcrumb\"},\"inLanguage\":\"ro-RO\",\"potentialAction\":[{\"@type\":\"ReadAction\",\"target\":[\"https:\/\/poker-werbung.de\/ro\/\"]}]},{\"@type\":\"BreadcrumbList\",\"@id\":\"https:\/\/poker-werbung.de\/ro\/#breadcrumb\",\"itemListElement\":[{\"@type\":\"ListItem\",\"position\":1,\"name\":\"Home\",\"item\":\"https:\/\/poker-werbung.de\/ro\/\"},{\"@type\":\"ListItem\",\"position\":2,\"name\":\"Acas\u0103\"}]},{\"@type\":\"WebSite\",\"@id\":\"https:\/\/poker-werbung.de\/ro\/#website\",\"url\":\"https:\/\/poker-werbung.de\/ro\/\",\"name\":\"\",\"description\":\"\",\"potentialAction\":[{\"@type\":\"SearchAction\",\"target\":{\"@type\":\"EntryPoint\",\"urlTemplate\":\"https:\/\/poker-werbung.de\/ro\/?s={search_term_string}\"},\"query-input\":{\"@type\":\"PropertyValueSpecification\",\"valueRequired\":true,\"valueName\":\"search_term_string\"}}],\"inLanguage\":\"ro-RO\"}]}<\/script>\n<!-- \/ Yoast SEO plugin. -->","yoast_head_json":{"title":"C\u00e2\u0219tig\u0103 bani cu marketingul afiliat la poker","robots":{"index":"index","follow":"follow","max-snippet":"max-snippet:-1","max-image-preview":"max-image-preview:large","max-video-preview":"max-video-preview:-1"},"canonical":"https:\/\/poker-werbung.de\/ro\/","og_locale":"ro_RO","og_type":"article","og_title":"C\u00e2\u0219tig\u0103 bani cu marketingul afiliat la poker","og_description":"**Marketingul afiliat la poker** este marketingul sau publicitatea juc\u0103torilor pentru s\u0103lile de poker. Un afiliat de poker este cineva care recruteaz\u0103 juc\u0103tori noi la una sau mai multe camere de poker. \u00cen schimb, el este pl\u0103tit de camera de poker. Sun\u0103 simplu, \u0219i a\u0219a este. \u0218i toat\u0103 lumea poate participa! Totu\u0219i, este relativ u\u0219or s\u0103 [&hellip;]","og_url":"https:\/\/poker-werbung.de\/ro\/","article_modified_time":"2025-08-24T05:47:44+00:00","twitter_card":"summary_large_image","twitter_misc":{"Timp estimat pentru citire":"3 minute"},"schema":{"@context":"https:\/\/schema.org","@graph":[{"@type":"WebPage","@id":"https:\/\/poker-werbung.de\/ro\/","url":"https:\/\/poker-werbung.de\/ro\/","name":"C\u00e2\u0219tig\u0103 bani cu marketingul afiliat la poker","isPartOf":{"@id":"https:\/\/poker-werbung.de\/ro\/#website"},"datePublished":"2024-09-09T18:24:17+00:00","dateModified":"2025-08-24T05:47:44+00:00","breadcrumb":{"@id":"https:\/\/poker-werbung.de\/ro\/#breadcrumb"},"inLanguage":"ro-RO","potentialAction":[{"@type":"ReadAction","target":["https:\/\/poker-werbung.de\/ro\/"]}]},{"@type":"BreadcrumbList","@id":"https:\/\/poker-werbung.de\/ro\/#breadcrumb","itemListElement":[{"@type":"ListItem","position":1,"name":"Home","item":"https:\/\/poker-werbung.de\/ro\/"},{"@type":"ListItem","position":2,"name":"Acas\u0103"}]},{"@type":"WebSite","@id":"https:\/\/poker-werbung.de\/ro\/#website","url":"https:\/\/poker-werbung.de\/ro\/","name":"","description":"","potentialAction":[{"@type":"SearchAction","target":{"@type":"EntryPoint","urlTemplate":"https:\/\/poker-werbung.de\/ro\/?s={search_term_string}"},"query-input":{"@type":"PropertyValueSpecification","valueRequired":true,"valueName":"search_term_string"}}],"inLanguage":"ro-RO"}]}},"_links":{"self":[{"href":"https:\/\/poker-werbung.de\/ro\/wp-json\/wp\/v2\/pages\/163","targetHints":{"allow":["GET"]}}],"collection":[{"href":"https:\/\/poker-werbung.de\/ro\/wp-json\/wp\/v2\/pages"}],"about":[{"href":"https:\/\/poker-werbung.de\/ro\/wp-json\/wp\/v2\/types\/page"}],"author":[{"embeddable":true,"href":"https:\/\/poker-werbung.de\/ro\/wp-json\/wp\/v2\/users\/1"}],"replies":[{"embeddable":true,"href":"https:\/\/poker-werbung.de\/ro\/wp-json\/wp\/v2\/comments?post=163"}],"version-history":[{"count":1,"href":"https:\/\/poker-werbung.de\/ro\/wp-json\/wp\/v2\/pages\/163\/revisions"}],"predecessor-version":[{"id":176,"href":"https:\/\/poker-werbung.de\/ro\/wp-json\/wp\/v2\/pages\/163\/revisions\/176"}],"wp:attachment":[{"href":"https:\/\/poker-werbung.de\/ro\/wp-json\/wp\/v2\/media?parent=163"}],"curies":[{"name":"wp","href":"https:\/\/api.w.org\/{rel}","templated":true}]}}