{"id":162,"date":"2024-09-09T19:24:17","date_gmt":"2024-09-09T18:24:17","guid":{"rendered":"https:\/\/poker-werbung.de\/casa\/"},"modified":"2025-08-24T06:47:23","modified_gmt":"2025-08-24T05:47:23","slug":"casa","status":"publish","type":"page","link":"https:\/\/poker-werbung.de\/pt-pt\/","title":{"rendered":"Casa"},"content":{"rendered":"<p><strong>O marketing de afiliados de p\u00f3quer \u00e9 o marketing ou a publicidade de jogadores para salas de p\u00f3quer<\/strong>. Um afiliado de p\u00f3quer \u00e9 algu\u00e9m que recruta novos jogadores para uma ou mais salas de p\u00f3quer. Em troca, \u00e9 pago pela sala de p\u00f3quer. Parece simples, e \u00e9. E todos podem participar! No entanto, \u00e9 relativamente f\u00e1cil recrutar novos jogadores para a sua sala de p\u00f3quer favorita a partir do seu pr\u00f3prio c\u00edrculo de amigos. Para isso, as salas disp\u00f5em de programas pr\u00f3prios, denominados &#8220;Recomenda um Amigo&#8221;.<\/p>\n<p>Um <strong>Programa de Afiliados de Poker<\/strong> \u00e9 algo completamente diferente, ou seja, uma ferramenta de marketing sistem\u00e1tica oferecida pela sala de poker. Os afiliados bem-sucedidos recrutam regularmente um grande n\u00famero de novos jogadores atrav\u00e9s dos seus pr\u00f3prios sites e podem ganhar a vida com isso; os melhores afiliados de p\u00f3quer do mundo ganham comiss\u00f5es de seis d\u00edgitos todos os meses. Mas, para o conseguir, \u00e9 preciso trabalho, um plano e um conhecimento especial tamb\u00e9m \u2014 e obt\u00e9m tudo isso de n\u00f3s, gratuitamente!<\/p>\n<p>Somos um pequeno grupo de afiliados de p\u00f3quer experientes que come\u00e7aram como indiv\u00edduos e agora uniram for\u00e7as para se apoiarem mutuamente e partilhar a sua experi\u00eancia com novos afiliados de p\u00f3quer.<\/p>\n<p><strong>O marketing de p\u00f3quer (publicidade, afilia\u00e7\u00e3o)<\/strong> ocorre principalmente online atrav\u00e9s de um site de p\u00f3quer dedicado. Mas mesmo aqueles que n\u00e3o t\u00eam o seu pr\u00f3prio site de p\u00f3quer podem ganhar dinheiro como afiliados de p\u00f3quer anunciando offline utilizando c\u00f3digos de b\u00f3nus de p\u00f3quer. H\u00e1 muitas op\u00e7\u00f5es para isso e tamb\u00e9m temos dicas para isso. Claro que pode (e deve) executar ambos em paralelo, se poss\u00edvel.A filia\u00e7\u00e3o no p\u00f3quer \u00e9 um empreendimento extremamente excitante e lucrativo, quase como o pr\u00f3prio p\u00f3quer.<\/p>\n<p>Assim que o seu pr\u00f3prio site de p\u00f3quer for criado e posicionado com sucesso no Google atrav\u00e9s de SEO (otimiza\u00e7\u00e3o para motores de busca), o tempo necess\u00e1rio ser\u00e1 relativamente curto e poder\u00e1 ganhar um bom dinheiro com pouco esfor\u00e7o. A afilia\u00e7\u00e3o de p\u00f3quer \u00e9 ideal para come\u00e7ar como um neg\u00f3cio a tempo parcial, mas muitas pessoas come\u00e7aram a anunciar no p\u00f3quer como um trabalho secund\u00e1rio e depois transformaram isso no seu trabalho principal.<\/p>\n<p>Se n\u00e3o tem ideia de como criar um site, n\u00e3o precisa de desesperar. Vamos mostrar passo a passo no nosso f\u00f3rum como o fazer (mesmo sem conhecimentos de HTML). E h\u00e1 pessoas suficientes na nossa comunidade que o podem ajudar, ao ponto de criar um site pronto a usar que s\u00f3 precisa de preencher com conte\u00fado. Tamb\u00e9m n\u00e3o \u00e9 necess\u00e1rio um conhecimento particularmente bom de estrat\u00e9gia de p\u00f3quer &#8211; um site de p\u00f3quer n\u00e3o precisa necessariamente de ter conte\u00fado sobre treino de p\u00f3quer, mas pode lidar com todos os aspetos do p\u00f3quer.<\/p>\n<h2>Qual \u200b\u200b\u00e9 o seu objetivo e como o alcan\u00e7ar?<\/h2>\n<p>O objetivo \u00e9 permitir-lhe ganhar dinheiro atrav\u00e9s de marketing e publicidade online ou offline para salas de p\u00f3quer. N\u00f3s fornecer-lhe-emos todo o conhecimento necess\u00e1rio para atingir esse objetivo. As informa\u00e7\u00f5es introdut\u00f3rias est\u00e3o dispon\u00edveis aqui no site.<\/p>\n<h2>O que ganhamos com isso?<\/h2>\n<p>\u00c9 simples: ganhamos uma comiss\u00e3o quando recrutamos novos afiliados para as salas de p\u00f3quer, desde que estes gerem receitas. N\u00e3o lhe custa nada e s\u00f3 vale a pena para n\u00f3s se tiver sucesso, porque s\u00f3 recebemos uma pequena percentagem das suas vendas. Por isso, estamos naturalmente motivados para o ajudar a progredir e a apoi\u00e1-lo.<\/p>\n","protected":false},"excerpt":{"rendered":"<p>O marketing de afiliados de p\u00f3quer \u00e9 o marketing ou a publicidade de jogadores para salas de p\u00f3quer. Um afiliado de p\u00f3quer \u00e9 algu\u00e9m que recruta novos jogadores para uma ou mais salas de p\u00f3quer. Em troca, \u00e9 pago pela sala de p\u00f3quer. Parece simples, e \u00e9. E todos podem participar! No entanto, \u00e9 relativamente [&hellip;]<\/p>\n","protected":false},"author":1,"featured_media":0,"parent":0,"menu_order":0,"comment_status":"closed","ping_status":"closed","template":"","meta":{"footnotes":""},"class_list":["post-162","page","type-page","status-publish","hentry"],"yoast_head":"<!-- This site is optimized with the Yoast SEO plugin v25.9 - https:\/\/yoast.com\/wordpress\/plugins\/seo\/ -->\n<title>Ganhe dinheiro com o marketing de afiliados de p\u00f3quer<\/title>\n<meta name=\"robots\" content=\"index, follow, max-snippet:-1, max-image-preview:large, max-video-preview:-1\" \/>\n<link rel=\"canonical\" href=\"https:\/\/poker-werbung.de\/pt-pt\/\" \/>\n<meta property=\"og:locale\" content=\"pt_PT\" \/>\n<meta property=\"og:type\" content=\"article\" \/>\n<meta property=\"og:title\" content=\"Ganhe dinheiro com o marketing de afiliados de p\u00f3quer\" \/>\n<meta property=\"og:description\" content=\"O marketing de afiliados de p\u00f3quer \u00e9 o marketing ou a publicidade de jogadores para salas de p\u00f3quer. Um afiliado de p\u00f3quer \u00e9 algu\u00e9m que recruta novos jogadores para uma ou mais salas de p\u00f3quer. Em troca, \u00e9 pago pela sala de p\u00f3quer. Parece simples, e \u00e9. E todos podem participar! No entanto, \u00e9 relativamente [&hellip;]\" \/>\n<meta property=\"og:url\" content=\"https:\/\/poker-werbung.de\/pt-pt\/\" \/>\n<meta property=\"article:modified_time\" content=\"2025-08-24T05:47:23+00:00\" \/>\n<meta name=\"twitter:card\" content=\"summary_large_image\" \/>\n<meta name=\"twitter:label1\" content=\"Tempo estimado de leitura\" \/>\n\t<meta name=\"twitter:data1\" content=\"3 minutos\" \/>\n<script type=\"application\/ld+json\" class=\"yoast-schema-graph\">{\"@context\":\"https:\/\/schema.org\",\"@graph\":[{\"@type\":\"WebPage\",\"@id\":\"https:\/\/poker-werbung.de\/pt-pt\/\",\"url\":\"https:\/\/poker-werbung.de\/pt-pt\/\",\"name\":\"Ganhe dinheiro com o marketing de afiliados de p\u00f3quer\",\"isPartOf\":{\"@id\":\"https:\/\/poker-werbung.de\/pt-pt\/#website\"},\"datePublished\":\"2024-09-09T18:24:17+00:00\",\"dateModified\":\"2025-08-24T05:47:23+00:00\",\"breadcrumb\":{\"@id\":\"https:\/\/poker-werbung.de\/pt-pt\/#breadcrumb\"},\"inLanguage\":\"pt-PT\",\"potentialAction\":[{\"@type\":\"ReadAction\",\"target\":[\"https:\/\/poker-werbung.de\/pt-pt\/\"]}]},{\"@type\":\"BreadcrumbList\",\"@id\":\"https:\/\/poker-werbung.de\/pt-pt\/#breadcrumb\",\"itemListElement\":[{\"@type\":\"ListItem\",\"position\":1,\"name\":\"Home\",\"item\":\"https:\/\/poker-werbung.de\/pt-pt\/\"},{\"@type\":\"ListItem\",\"position\":2,\"name\":\"Casa\"}]},{\"@type\":\"WebSite\",\"@id\":\"https:\/\/poker-werbung.de\/pt-pt\/#website\",\"url\":\"https:\/\/poker-werbung.de\/pt-pt\/\",\"name\":\"\",\"description\":\"\",\"potentialAction\":[{\"@type\":\"SearchAction\",\"target\":{\"@type\":\"EntryPoint\",\"urlTemplate\":\"https:\/\/poker-werbung.de\/pt-pt\/?s={search_term_string}\"},\"query-input\":{\"@type\":\"PropertyValueSpecification\",\"valueRequired\":true,\"valueName\":\"search_term_string\"}}],\"inLanguage\":\"pt-PT\"}]}<\/script>\n<!-- \/ Yoast SEO plugin. -->","yoast_head_json":{"title":"Ganhe dinheiro com o marketing de afiliados de p\u00f3quer","robots":{"index":"index","follow":"follow","max-snippet":"max-snippet:-1","max-image-preview":"max-image-preview:large","max-video-preview":"max-video-preview:-1"},"canonical":"https:\/\/poker-werbung.de\/pt-pt\/","og_locale":"pt_PT","og_type":"article","og_title":"Ganhe dinheiro com o marketing de afiliados de p\u00f3quer","og_description":"O marketing de afiliados de p\u00f3quer \u00e9 o marketing ou a publicidade de jogadores para salas de p\u00f3quer. Um afiliado de p\u00f3quer \u00e9 algu\u00e9m que recruta novos jogadores para uma ou mais salas de p\u00f3quer. Em troca, \u00e9 pago pela sala de p\u00f3quer. Parece simples, e \u00e9. E todos podem participar! No entanto, \u00e9 relativamente [&hellip;]","og_url":"https:\/\/poker-werbung.de\/pt-pt\/","article_modified_time":"2025-08-24T05:47:23+00:00","twitter_card":"summary_large_image","twitter_misc":{"Tempo estimado de leitura":"3 minutos"},"schema":{"@context":"https:\/\/schema.org","@graph":[{"@type":"WebPage","@id":"https:\/\/poker-werbung.de\/pt-pt\/","url":"https:\/\/poker-werbung.de\/pt-pt\/","name":"Ganhe dinheiro com o marketing de afiliados de p\u00f3quer","isPartOf":{"@id":"https:\/\/poker-werbung.de\/pt-pt\/#website"},"datePublished":"2024-09-09T18:24:17+00:00","dateModified":"2025-08-24T05:47:23+00:00","breadcrumb":{"@id":"https:\/\/poker-werbung.de\/pt-pt\/#breadcrumb"},"inLanguage":"pt-PT","potentialAction":[{"@type":"ReadAction","target":["https:\/\/poker-werbung.de\/pt-pt\/"]}]},{"@type":"BreadcrumbList","@id":"https:\/\/poker-werbung.de\/pt-pt\/#breadcrumb","itemListElement":[{"@type":"ListItem","position":1,"name":"Home","item":"https:\/\/poker-werbung.de\/pt-pt\/"},{"@type":"ListItem","position":2,"name":"Casa"}]},{"@type":"WebSite","@id":"https:\/\/poker-werbung.de\/pt-pt\/#website","url":"https:\/\/poker-werbung.de\/pt-pt\/","name":"","description":"","potentialAction":[{"@type":"SearchAction","target":{"@type":"EntryPoint","urlTemplate":"https:\/\/poker-werbung.de\/pt-pt\/?s={search_term_string}"},"query-input":{"@type":"PropertyValueSpecification","valueRequired":true,"valueName":"search_term_string"}}],"inLanguage":"pt-PT"}]}},"_links":{"self":[{"href":"https:\/\/poker-werbung.de\/pt-pt\/wp-json\/wp\/v2\/pages\/162","targetHints":{"allow":["GET"]}}],"collection":[{"href":"https:\/\/poker-werbung.de\/pt-pt\/wp-json\/wp\/v2\/pages"}],"about":[{"href":"https:\/\/poker-werbung.de\/pt-pt\/wp-json\/wp\/v2\/types\/page"}],"author":[{"embeddable":true,"href":"https:\/\/poker-werbung.de\/pt-pt\/wp-json\/wp\/v2\/users\/1"}],"replies":[{"embeddable":true,"href":"https:\/\/poker-werbung.de\/pt-pt\/wp-json\/wp\/v2\/comments?post=162"}],"version-history":[{"count":1,"href":"https:\/\/poker-werbung.de\/pt-pt\/wp-json\/wp\/v2\/pages\/162\/revisions"}],"predecessor-version":[{"id":182,"href":"https:\/\/poker-werbung.de\/pt-pt\/wp-json\/wp\/v2\/pages\/162\/revisions\/182"}],"wp:attachment":[{"href":"https:\/\/poker-werbung.de\/pt-pt\/wp-json\/wp\/v2\/media?parent=162"}],"curies":[{"name":"wp","href":"https:\/\/api.w.org\/{rel}","templated":true}]}}