{"id":161,"date":"2024-09-09T19:24:17","date_gmt":"2024-09-09T18:24:17","guid":{"rendered":"https:\/\/poker-werbung.de\/dom\/"},"modified":"2025-08-24T06:46:44","modified_gmt":"2025-08-24T05:46:44","slug":"dom","status":"publish","type":"page","link":"https:\/\/poker-werbung.de\/pl\/","title":{"rendered":"Dom"},"content":{"rendered":"<p><strong>Marketing afiliacyjny pokera to marketing lub reklama graczy w pokojach pokerowych<\/strong>. Afiliant pokerowy to osoba, kt\u00f3ra rekrutuje nowych graczy do jednego lub wi\u0119kszej liczby pokoj\u00f3w pokerowych. W zamian otrzymuje wynagrodzenie od pokoju pokerowego. Brzmi prosto i tak w\u0142a\u015bnie jest. I ka\u017cdy mo\u017ce wzi\u0105\u0107 udzia\u0142! Jednak\u017ce stosunkowo \u0142atwo jest zrekrutowa\u0107 nowych graczy do swojego ulubionego pokoju pokerowego spo\u015br\u00f3d swoich znajomych. W tym celu w pokojach funkcjonuj\u0105 programy tzw. \u201ePole\u0107 znajomemu\u201d.<\/p>\n<p><strong>Program partnerski pokera<\/strong> to co\u015b zupe\u0142nie innego, a mianowicie systematyczne narz\u0119dzie marketingowe oferowane przez pok\u00f3j pokerowy. Skuteczni partnerzy regularnie rekrutuj\u0105 du\u017c\u0105 liczb\u0119 nowych graczy za po\u015brednictwem w\u0142asnych stron internetowych i mog\u0105 na tym zarabia\u0107; Najlepsi partnerzy pokerowi na \u015bwiecie zarabiaj\u0105 sze\u015bciocyfrowe prowizje co miesi\u0105c. Ale \u017ceby to osi\u0105gn\u0105\u0107, konieczna jest praca, plan i specjalistyczna wiedza &#8211; a wszystko to otrzymasz od nas zupe\u0142nie za darmo!<\/p>\n<p>Jeste\u015bmy niewielk\u0105 grup\u0105 do\u015bwiadczonych partner\u00f3w pokerowych, kt\u00f3rzy zaczynali jako osoby prywatne, a teraz po\u0142\u0105czyli si\u0142y, aby wspiera\u0107 si\u0119 nawzajem i przekazywa\u0107 swoje do\u015bwiadczenie nowym partnerom pokerowym.<\/p>\n<p><strong>Marketing pokera (reklama, afiliacja)<\/strong> odbywa si\u0119 g\u0142\u00f3wnie w Internecie, za po\u015brednictwem dedykowanej witryny po\u015bwi\u0119conej pokerowi. Ale nawet ci, kt\u00f3rzy nie maj\u0105 w\u0142asnej strony internetowej o pokerze, mog\u0105 zarabia\u0107 pieni\u0105dze jako partnerzy pokerowi, reklamuj\u0105c si\u0119 offline za pomoc\u0105 kod\u00f3w bonusowych pokerowych. Istnieje wiele mo\u017cliwo\u015bci i mamy na to r\u00f3wnie\u017c wskaz\u00f3wki. Oczywi\u015bcie, je\u015bli to mo\u017cliwe, mo\u017cesz (i powiniene\u015b) uruchomi\u0107 oba programy r\u00f3wnolegle.<strong>Poker Affiliating<\/strong> to niezwykle ekscytuj\u0105ce i dochodowe przedsi\u0119wzi\u0119cie, niemal jak sam poker.<\/p>\n<p>Gdy ju\u017c Twoja w\u0142asna strona internetowa o pokerze zostanie skonfigurowana i umieszczona w Google dzi\u0119ki SEO (optymalizacji pod k\u0105tem wyszukiwarek), p\u00f3\u017aniej b\u0119dziesz musia\u0142 po\u015bwi\u0119ci\u0107 na to stosunkowo niewiele czasu, a przy niewielkim wysi\u0142ku mo\u017cesz zarobi\u0107 dobre pieni\u0105dze. Dzia\u0142alno\u015b\u0107 afiliacyjna w bran\u017cy pokera jest idealna dla os\u00f3b, kt\u00f3re chc\u0105 zacz\u0105\u0107 j\u0105 prowadzi\u0107 w niepe\u0142nym wymiarze godzin, jednak wiele os\u00f3b zaczyna\u0142o od reklamowania pokera jako zaj\u0119cia dodatkowego, a p\u00f3\u017aniej przekszta\u0142ci\u0142o to w swoje g\u0142\u00f3wne zaj\u0119cie.<\/p>\n<p>Je\u015bli nie masz poj\u0119cia, jak stworzy\u0107 stron\u0119 internetow\u0105, nie tra\u0107 nadziei. Poka\u017cemy Ci na naszym forum krok po kroku, jak to zrobi\u0107 (nawet bez znajomo\u015bci HTML). W naszej spo\u0142eczno\u015bci jest wystarczaj\u0105co du\u017co os\u00f3b, kt\u00f3re mog\u0105 ci pom\u00f3c, a\u017c do momentu, w kt\u00f3rym b\u0119dziesz musia\u0142 stworzy\u0107 witryn\u0119 gotow\u0105 do u\u017cycia, kt\u00f3r\u0105 wystarczy wype\u0142ni\u0107 tre\u015bci\u0105. Nie jest wymagana szczeg\u00f3lnie dobra znajomo\u015b\u0107 strategii pokera \u2014 strona internetowa o pokerze nie musi koniecznie zawiera\u0107 tre\u015bci po\u015bwi\u0119conych instrukcjom gry w pokera, lecz mo\u017ce obejmowa\u0107 ka\u017cdy aspekt pokera.<\/p>\n<h2>Jaki jest Tw\u00f3j cel i jak go osi\u0105gn\u0105\u0107?<\/h2>\n<p>Celem jest umo\u017cliwienie Ci zarabiania pieni\u0119dzy poprzez marketing i reklam\u0119 online lub offline pokoj\u00f3w pokerowych. Zapewnimy Ci ca\u0142\u0105 wiedz\u0119 potrzebn\u0105 do osi\u0105gni\u0119cia tego celu. Informacje wprowadzaj\u0105ce s\u0105 dost\u0119pne na stronie internetowej.<\/p>\n<h2>Co z tego mamy?<\/h2>\n<p>To proste &#8211; otrzymujemy prowizj\u0119, gdy rekrutujemy nowych partner\u00f3w do pokoj\u00f3w pokerowych &#8211; pod warunkiem, \u017ce generuj\u0105 oni przych\u00f3d. Nic Ci\u0119 to nie kosztuje, a dla nas b\u0119dzie to op\u0142acalne tylko wtedy, je\u015bli odniesiesz sukces, poniewa\u017c otrzymujemy tylko niewielki procent od Twojej sprzeda\u017cy &#8211; dlatego naturalnie zale\u017cy nam na tym, aby pomaga\u0107 Ci si\u0119 rozwija\u0107 i Ci\u0119 wspiera\u0107.<\/p>\n","protected":false},"excerpt":{"rendered":"<p>Marketing afiliacyjny pokera to marketing lub reklama graczy w pokojach pokerowych. Afiliant pokerowy to osoba, kt\u00f3ra rekrutuje nowych graczy do jednego lub wi\u0119kszej liczby pokoj\u00f3w pokerowych. W zamian otrzymuje wynagrodzenie od pokoju pokerowego. Brzmi prosto i tak w\u0142a\u015bnie jest. I ka\u017cdy mo\u017ce wzi\u0105\u0107 udzia\u0142! Jednak\u017ce stosunkowo \u0142atwo jest zrekrutowa\u0107 nowych graczy do swojego ulubionego pokoju [&hellip;]<\/p>\n","protected":false},"author":1,"featured_media":0,"parent":0,"menu_order":0,"comment_status":"closed","ping_status":"closed","template":"","meta":{"footnotes":""},"class_list":["post-161","page","type-page","status-publish","hentry"],"yoast_head":"<!-- This site is optimized with the Yoast SEO plugin v25.9 - https:\/\/yoast.com\/wordpress\/plugins\/seo\/ -->\n<title>Zarabiaj pieni\u0105dze dzi\u0119ki marketingowi afiliacyjnemu w pokerze<\/title>\n<meta name=\"robots\" content=\"index, follow, max-snippet:-1, max-image-preview:large, max-video-preview:-1\" \/>\n<link rel=\"canonical\" href=\"https:\/\/poker-werbung.de\/pl\/\" \/>\n<meta property=\"og:locale\" content=\"pl_PL\" \/>\n<meta property=\"og:type\" content=\"article\" \/>\n<meta property=\"og:title\" content=\"Zarabiaj pieni\u0105dze dzi\u0119ki marketingowi afiliacyjnemu w pokerze\" \/>\n<meta property=\"og:description\" content=\"Marketing afiliacyjny pokera to marketing lub reklama graczy w pokojach pokerowych. Afiliant pokerowy to osoba, kt\u00f3ra rekrutuje nowych graczy do jednego lub wi\u0119kszej liczby pokoj\u00f3w pokerowych. W zamian otrzymuje wynagrodzenie od pokoju pokerowego. Brzmi prosto i tak w\u0142a\u015bnie jest. I ka\u017cdy mo\u017ce wzi\u0105\u0107 udzia\u0142! Jednak\u017ce stosunkowo \u0142atwo jest zrekrutowa\u0107 nowych graczy do swojego ulubionego pokoju [&hellip;]\" \/>\n<meta property=\"og:url\" content=\"https:\/\/poker-werbung.de\/pl\/\" \/>\n<meta property=\"article:modified_time\" content=\"2025-08-24T05:46:44+00:00\" \/>\n<meta name=\"twitter:card\" content=\"summary_large_image\" \/>\n<meta name=\"twitter:label1\" content=\"Szacowany czas czytania\" \/>\n\t<meta name=\"twitter:data1\" content=\"3 minuty\" \/>\n<script type=\"application\/ld+json\" class=\"yoast-schema-graph\">{\"@context\":\"https:\/\/schema.org\",\"@graph\":[{\"@type\":\"WebPage\",\"@id\":\"https:\/\/poker-werbung.de\/pl\/\",\"url\":\"https:\/\/poker-werbung.de\/pl\/\",\"name\":\"Zarabiaj pieni\u0105dze dzi\u0119ki marketingowi afiliacyjnemu w pokerze\",\"isPartOf\":{\"@id\":\"https:\/\/poker-werbung.de\/pl\/#website\"},\"datePublished\":\"2024-09-09T18:24:17+00:00\",\"dateModified\":\"2025-08-24T05:46:44+00:00\",\"breadcrumb\":{\"@id\":\"https:\/\/poker-werbung.de\/pl\/#breadcrumb\"},\"inLanguage\":\"pl-PL\",\"potentialAction\":[{\"@type\":\"ReadAction\",\"target\":[\"https:\/\/poker-werbung.de\/pl\/\"]}]},{\"@type\":\"BreadcrumbList\",\"@id\":\"https:\/\/poker-werbung.de\/pl\/#breadcrumb\",\"itemListElement\":[{\"@type\":\"ListItem\",\"position\":1,\"name\":\"Home\",\"item\":\"https:\/\/poker-werbung.de\/pl\/\"},{\"@type\":\"ListItem\",\"position\":2,\"name\":\"Dom\"}]},{\"@type\":\"WebSite\",\"@id\":\"https:\/\/poker-werbung.de\/pl\/#website\",\"url\":\"https:\/\/poker-werbung.de\/pl\/\",\"name\":\"\",\"description\":\"\",\"potentialAction\":[{\"@type\":\"SearchAction\",\"target\":{\"@type\":\"EntryPoint\",\"urlTemplate\":\"https:\/\/poker-werbung.de\/pl\/?s={search_term_string}\"},\"query-input\":{\"@type\":\"PropertyValueSpecification\",\"valueRequired\":true,\"valueName\":\"search_term_string\"}}],\"inLanguage\":\"pl-PL\"}]}<\/script>\n<!-- \/ Yoast SEO plugin. -->","yoast_head_json":{"title":"Zarabiaj pieni\u0105dze dzi\u0119ki marketingowi afiliacyjnemu w pokerze","robots":{"index":"index","follow":"follow","max-snippet":"max-snippet:-1","max-image-preview":"max-image-preview:large","max-video-preview":"max-video-preview:-1"},"canonical":"https:\/\/poker-werbung.de\/pl\/","og_locale":"pl_PL","og_type":"article","og_title":"Zarabiaj pieni\u0105dze dzi\u0119ki marketingowi afiliacyjnemu w pokerze","og_description":"Marketing afiliacyjny pokera to marketing lub reklama graczy w pokojach pokerowych. Afiliant pokerowy to osoba, kt\u00f3ra rekrutuje nowych graczy do jednego lub wi\u0119kszej liczby pokoj\u00f3w pokerowych. W zamian otrzymuje wynagrodzenie od pokoju pokerowego. Brzmi prosto i tak w\u0142a\u015bnie jest. I ka\u017cdy mo\u017ce wzi\u0105\u0107 udzia\u0142! Jednak\u017ce stosunkowo \u0142atwo jest zrekrutowa\u0107 nowych graczy do swojego ulubionego pokoju [&hellip;]","og_url":"https:\/\/poker-werbung.de\/pl\/","article_modified_time":"2025-08-24T05:46:44+00:00","twitter_card":"summary_large_image","twitter_misc":{"Szacowany czas czytania":"3 minuty"},"schema":{"@context":"https:\/\/schema.org","@graph":[{"@type":"WebPage","@id":"https:\/\/poker-werbung.de\/pl\/","url":"https:\/\/poker-werbung.de\/pl\/","name":"Zarabiaj pieni\u0105dze dzi\u0119ki marketingowi afiliacyjnemu w pokerze","isPartOf":{"@id":"https:\/\/poker-werbung.de\/pl\/#website"},"datePublished":"2024-09-09T18:24:17+00:00","dateModified":"2025-08-24T05:46:44+00:00","breadcrumb":{"@id":"https:\/\/poker-werbung.de\/pl\/#breadcrumb"},"inLanguage":"pl-PL","potentialAction":[{"@type":"ReadAction","target":["https:\/\/poker-werbung.de\/pl\/"]}]},{"@type":"BreadcrumbList","@id":"https:\/\/poker-werbung.de\/pl\/#breadcrumb","itemListElement":[{"@type":"ListItem","position":1,"name":"Home","item":"https:\/\/poker-werbung.de\/pl\/"},{"@type":"ListItem","position":2,"name":"Dom"}]},{"@type":"WebSite","@id":"https:\/\/poker-werbung.de\/pl\/#website","url":"https:\/\/poker-werbung.de\/pl\/","name":"","description":"","potentialAction":[{"@type":"SearchAction","target":{"@type":"EntryPoint","urlTemplate":"https:\/\/poker-werbung.de\/pl\/?s={search_term_string}"},"query-input":{"@type":"PropertyValueSpecification","valueRequired":true,"valueName":"search_term_string"}}],"inLanguage":"pl-PL"}]}},"_links":{"self":[{"href":"https:\/\/poker-werbung.de\/pl\/wp-json\/wp\/v2\/pages\/161","targetHints":{"allow":["GET"]}}],"collection":[{"href":"https:\/\/poker-werbung.de\/pl\/wp-json\/wp\/v2\/pages"}],"about":[{"href":"https:\/\/poker-werbung.de\/pl\/wp-json\/wp\/v2\/types\/page"}],"author":[{"embeddable":true,"href":"https:\/\/poker-werbung.de\/pl\/wp-json\/wp\/v2\/users\/1"}],"replies":[{"embeddable":true,"href":"https:\/\/poker-werbung.de\/pl\/wp-json\/wp\/v2\/comments?post=161"}],"version-history":[{"count":1,"href":"https:\/\/poker-werbung.de\/pl\/wp-json\/wp\/v2\/pages\/161\/revisions"}],"predecessor-version":[{"id":181,"href":"https:\/\/poker-werbung.de\/pl\/wp-json\/wp\/v2\/pages\/161\/revisions\/181"}],"wp:attachment":[{"href":"https:\/\/poker-werbung.de\/pl\/wp-json\/wp\/v2\/media?parent=161"}],"curies":[{"name":"wp","href":"https:\/\/api.w.org\/{rel}","templated":true}]}}