{"id":160,"date":"2024-09-09T19:24:17","date_gmt":"2024-09-09T18:24:17","guid":{"rendered":"https:\/\/poker-werbung.de\/hjem\/"},"modified":"2025-08-24T06:46:24","modified_gmt":"2025-08-24T05:46:24","slug":"hjem","status":"publish","type":"page","link":"https:\/\/poker-werbung.de\/no\/","title":{"rendered":"Hjem"},"content":{"rendered":"<p><strong>Poker affiliate-markedsf\u00f8ring er markedsf\u00f8ring eller reklame for spillere for pokerrom<\/strong>. En pokeraffiliate er noen som rekrutterer nye spillere til ett eller flere pokerrom. Til gjengjeld f\u00e5r han betalt av pokerrommet. H\u00f8res enkelt ut, og det er det. Og alle kan delta! Det er imidlertid relativt enkelt \u00e5 rekruttere noen nye spillere til favorittpokerrommet ditt fra din egen vennekrets. Til dette form\u00e5let har rommene sine egne s\u00e5kalte \u00abAnbefal en venn\u00bb-programmer.<\/p>\n<p>Et **Poker Affiliate Program** er noe helt annet, nemlig et systematisk markedsf\u00f8ringsverkt\u00f8y som tilbys av pokerrommet. Suksessfulle affiliates rekrutterer regelmessig et stort antall nye spillere gjennom sine egne nettsteder og kan tjene til livets opphold p\u00e5 det; De beste pokerpartnerne i verden tjener sekssifrede provisjoner hver m\u00e5ned. Men for \u00e5 oppn\u00e5 dette er det n\u00f8dvendig med arbeid, og det trengs ogs\u00e5 en plan og spesialkunnskap \u2013 og alt dette f\u00e5r du gratis fra oss!<\/p>\n<p>Vi er en liten gruppe erfarne pokerpartnere som startet som enkeltpersoner og n\u00e5 har sl\u00e5tt oss sammen for \u00e5 st\u00f8tte hverandre og dele erfaringene sine med nye pokerpartnere.<\/p>\n<p><strong>Pokermarkedsf\u00f8ring (reklame, affiliering)<\/strong> foreg\u00e5r for det meste p\u00e5 nett via en egen pokernettside. Men selv de som ikke har sin egen pokernettside kan tjene penger som pokerpartner ved \u00e5 annonsere offline med pokerbonuskoder. Det finnes mange alternativer for dette, og vi har ogs\u00e5 tips for dette. Selvf\u00f8lgelig kan (og b\u00f8r) du kj\u00f8re begge parallelt hvis mulig.<strong>Poker-tilknytning<\/strong> er et ekstremt spennende og lukrativt foretagende, nesten som poker i seg selv.<\/p>\n<p>N\u00e5r din egen pokernettside er satt opp og plassert p\u00e5 Google gjennom SEO (s\u00f8kemotoroptimalisering), er tiden som kreves senere relativt kort, og du kan tjene gode penger med liten innsats. Poker-tilknytning er ideelt for \u00e5 starte som en deltidsbedrift, men mange har startet pokerreklame som en bijobb og senere gjort det til hovedjobben sin.<\/p>\n<p>Hvis du ikke aner hvordan du bygger en nettside, er det ingen grunn til \u00e5 fortvile. Vi viser deg trinn for trinn i forumet v\u00e5rt hvordan du gj\u00f8r det (selv uten HTML-kunnskaper). Og det er nok folk i samfunnet v\u00e5rt som kan hjelpe deg, helt opp til et n\u00f8kkelferdig nettsted som du bare trenger \u00e5 fylle med innhold. Spesielt god kunnskap om pokerstrategi er heller ikke n\u00f8dvendig \u2013 en pokerside trenger ikke n\u00f8dvendigvis \u00e5 ha innhold om pokercoaching, men kan h\u00e5ndtere alle aspekter av poker.<\/p>\n<h2>Hva er m\u00e5let ditt, og hvordan oppn\u00e5r du det?<\/h2>\n<p>M\u00e5let er \u00e5 gj\u00f8re det mulig for deg \u00e5 tjene penger gjennom markedsf\u00f8ring og annonsering p\u00e5 nett eller offline for pokerrom. Vi vil gi deg all kunnskapen du trenger for \u00e5 n\u00e5 dette m\u00e5let. Introduksjonsinformasjonen er tilgjengelig her p\u00e5 nettsiden.<\/p>\n<h2>Hva f\u00e5r vi ut av dette?<\/h2>\n<p>Det er enkelt \u2013 vi f\u00e5r provisjon n\u00e5r vi rekrutterer nye partnere til pokerrommene \u2013 forutsatt at de genererer inntekter. Det koster deg ingenting, og det er bare verdt det for oss hvis du lykkes, fordi vi bare mottar en liten prosentandel av salget ditt \u2013 s\u00e5 vi er naturlig motiverte til \u00e5 hjelpe deg med \u00e5 komme videre og st\u00f8tte deg.<\/p>\n","protected":false},"excerpt":{"rendered":"<p>Poker affiliate-markedsf\u00f8ring er markedsf\u00f8ring eller reklame for spillere for pokerrom. En pokeraffiliate er noen som rekrutterer nye spillere til ett eller flere pokerrom. Til gjengjeld f\u00e5r han betalt av pokerrommet. H\u00f8res enkelt ut, og det er det. Og alle kan delta! Det er imidlertid relativt enkelt \u00e5 rekruttere noen nye spillere til favorittpokerrommet ditt fra [&hellip;]<\/p>\n","protected":false},"author":1,"featured_media":0,"parent":0,"menu_order":0,"comment_status":"closed","ping_status":"closed","template":"","meta":{"footnotes":""},"class_list":["post-160","page","type-page","status-publish","hentry"],"yoast_head":"<!-- This site is optimized with the Yoast SEO plugin v25.9 - https:\/\/yoast.com\/wordpress\/plugins\/seo\/ -->\n<title>Tjen penger med poker affiliate markedsf\u00f8ring<\/title>\n<meta name=\"robots\" content=\"index, follow, max-snippet:-1, max-image-preview:large, max-video-preview:-1\" \/>\n<link rel=\"canonical\" href=\"https:\/\/poker-werbung.de\/no\/\" \/>\n<meta property=\"og:locale\" content=\"nb_NO\" \/>\n<meta property=\"og:type\" content=\"article\" \/>\n<meta property=\"og:title\" content=\"Tjen penger med poker affiliate markedsf\u00f8ring\" \/>\n<meta property=\"og:description\" content=\"Poker affiliate-markedsf\u00f8ring er markedsf\u00f8ring eller reklame for spillere for pokerrom. En pokeraffiliate er noen som rekrutterer nye spillere til ett eller flere pokerrom. Til gjengjeld f\u00e5r han betalt av pokerrommet. H\u00f8res enkelt ut, og det er det. Og alle kan delta! Det er imidlertid relativt enkelt \u00e5 rekruttere noen nye spillere til favorittpokerrommet ditt fra [&hellip;]\" \/>\n<meta property=\"og:url\" content=\"https:\/\/poker-werbung.de\/no\/\" \/>\n<meta property=\"article:modified_time\" content=\"2025-08-24T05:46:24+00:00\" \/>\n<meta name=\"twitter:card\" content=\"summary_large_image\" \/>\n<meta name=\"twitter:label1\" content=\"Ansl. lesetid\" \/>\n\t<meta name=\"twitter:data1\" content=\"3 minutter\" \/>\n<script type=\"application\/ld+json\" class=\"yoast-schema-graph\">{\"@context\":\"https:\/\/schema.org\",\"@graph\":[{\"@type\":\"WebPage\",\"@id\":\"https:\/\/poker-werbung.de\/no\/\",\"url\":\"https:\/\/poker-werbung.de\/no\/\",\"name\":\"Tjen penger med poker affiliate markedsf\u00f8ring\",\"isPartOf\":{\"@id\":\"https:\/\/poker-werbung.de\/no\/#website\"},\"datePublished\":\"2024-09-09T18:24:17+00:00\",\"dateModified\":\"2025-08-24T05:46:24+00:00\",\"breadcrumb\":{\"@id\":\"https:\/\/poker-werbung.de\/no\/#breadcrumb\"},\"inLanguage\":\"nb-NO\",\"potentialAction\":[{\"@type\":\"ReadAction\",\"target\":[\"https:\/\/poker-werbung.de\/no\/\"]}]},{\"@type\":\"BreadcrumbList\",\"@id\":\"https:\/\/poker-werbung.de\/no\/#breadcrumb\",\"itemListElement\":[{\"@type\":\"ListItem\",\"position\":1,\"name\":\"Home\",\"item\":\"https:\/\/poker-werbung.de\/no\/\"},{\"@type\":\"ListItem\",\"position\":2,\"name\":\"Hjem\"}]},{\"@type\":\"WebSite\",\"@id\":\"https:\/\/poker-werbung.de\/no\/#website\",\"url\":\"https:\/\/poker-werbung.de\/no\/\",\"name\":\"\",\"description\":\"\",\"potentialAction\":[{\"@type\":\"SearchAction\",\"target\":{\"@type\":\"EntryPoint\",\"urlTemplate\":\"https:\/\/poker-werbung.de\/no\/?s={search_term_string}\"},\"query-input\":{\"@type\":\"PropertyValueSpecification\",\"valueRequired\":true,\"valueName\":\"search_term_string\"}}],\"inLanguage\":\"nb-NO\"}]}<\/script>\n<!-- \/ Yoast SEO plugin. -->","yoast_head_json":{"title":"Tjen penger med poker affiliate markedsf\u00f8ring","robots":{"index":"index","follow":"follow","max-snippet":"max-snippet:-1","max-image-preview":"max-image-preview:large","max-video-preview":"max-video-preview:-1"},"canonical":"https:\/\/poker-werbung.de\/no\/","og_locale":"nb_NO","og_type":"article","og_title":"Tjen penger med poker affiliate markedsf\u00f8ring","og_description":"Poker affiliate-markedsf\u00f8ring er markedsf\u00f8ring eller reklame for spillere for pokerrom. En pokeraffiliate er noen som rekrutterer nye spillere til ett eller flere pokerrom. Til gjengjeld f\u00e5r han betalt av pokerrommet. H\u00f8res enkelt ut, og det er det. Og alle kan delta! Det er imidlertid relativt enkelt \u00e5 rekruttere noen nye spillere til favorittpokerrommet ditt fra [&hellip;]","og_url":"https:\/\/poker-werbung.de\/no\/","article_modified_time":"2025-08-24T05:46:24+00:00","twitter_card":"summary_large_image","twitter_misc":{"Ansl. lesetid":"3 minutter"},"schema":{"@context":"https:\/\/schema.org","@graph":[{"@type":"WebPage","@id":"https:\/\/poker-werbung.de\/no\/","url":"https:\/\/poker-werbung.de\/no\/","name":"Tjen penger med poker affiliate markedsf\u00f8ring","isPartOf":{"@id":"https:\/\/poker-werbung.de\/no\/#website"},"datePublished":"2024-09-09T18:24:17+00:00","dateModified":"2025-08-24T05:46:24+00:00","breadcrumb":{"@id":"https:\/\/poker-werbung.de\/no\/#breadcrumb"},"inLanguage":"nb-NO","potentialAction":[{"@type":"ReadAction","target":["https:\/\/poker-werbung.de\/no\/"]}]},{"@type":"BreadcrumbList","@id":"https:\/\/poker-werbung.de\/no\/#breadcrumb","itemListElement":[{"@type":"ListItem","position":1,"name":"Home","item":"https:\/\/poker-werbung.de\/no\/"},{"@type":"ListItem","position":2,"name":"Hjem"}]},{"@type":"WebSite","@id":"https:\/\/poker-werbung.de\/no\/#website","url":"https:\/\/poker-werbung.de\/no\/","name":"","description":"","potentialAction":[{"@type":"SearchAction","target":{"@type":"EntryPoint","urlTemplate":"https:\/\/poker-werbung.de\/no\/?s={search_term_string}"},"query-input":{"@type":"PropertyValueSpecification","valueRequired":true,"valueName":"search_term_string"}}],"inLanguage":"nb-NO"}]}},"_links":{"self":[{"href":"https:\/\/poker-werbung.de\/no\/wp-json\/wp\/v2\/pages\/160","targetHints":{"allow":["GET"]}}],"collection":[{"href":"https:\/\/poker-werbung.de\/no\/wp-json\/wp\/v2\/pages"}],"about":[{"href":"https:\/\/poker-werbung.de\/no\/wp-json\/wp\/v2\/types\/page"}],"author":[{"embeddable":true,"href":"https:\/\/poker-werbung.de\/no\/wp-json\/wp\/v2\/users\/1"}],"replies":[{"embeddable":true,"href":"https:\/\/poker-werbung.de\/no\/wp-json\/wp\/v2\/comments?post=160"}],"version-history":[{"count":1,"href":"https:\/\/poker-werbung.de\/no\/wp-json\/wp\/v2\/pages\/160\/revisions"}],"predecessor-version":[{"id":180,"href":"https:\/\/poker-werbung.de\/no\/wp-json\/wp\/v2\/pages\/160\/revisions\/180"}],"wp:attachment":[{"href":"https:\/\/poker-werbung.de\/no\/wp-json\/wp\/v2\/media?parent=160"}],"curies":[{"name":"wp","href":"https:\/\/api.w.org\/{rel}","templated":true}]}}