{"id":527,"date":"2024-09-09T19:24:17","date_gmt":"2024-09-09T18:24:17","guid":{"rendered":"https:\/\/poker-werbung.de\/sakums\/"},"modified":"2024-09-09T19:24:17","modified_gmt":"2024-09-09T18:24:17","slug":"sakums","status":"publish","type":"page","link":"https:\/\/poker-werbung.de\/lv\/","title":{"rendered":"S\u0101kums"},"content":{"rendered":"<p>Pokera partnerm\u0101rketings attiecas uz sp\u0113l\u0113t\u0101ju piesaisti pokera istab\u0101m. Pokera partneris ir persona, kas piesaista jaunus sp\u0113l\u0113t\u0101jus vienai vai vair\u0101k\u0101m pokera istab\u0101m. Apmai\u0146\u0101 pret to vi\u0146iem maks\u0101 pokera istaba. Tas izklaus\u0101s vienk\u0101r\u0161i, un t\u0101 tas ar\u012b ir. Un ikviens var piedal\u012bties! Tom\u0113r ir sam\u0113r\u0101 viegli piesaist\u012bt da\u017eus jaunus sp\u0113l\u0113t\u0101jus no sava draugu loka savai iecien\u012bt\u0101kajai pokera istabai. \u0160im nol\u016bkam istab\u0101m ir savas &#8220;iesaki draugam&#8221; programmas.<\/p>\n<p>Tom\u0113r pokera partnerprogramma ir kaut kas pavisam cits; tas ir sistem\u0101tisks m\u0101rketinga r\u012bks, ko pied\u0101v\u0101 pokera istaba. Veiksm\u012bgi partneri regul\u0101ri piesaista lielu skaitu jaunu sp\u0113l\u0113t\u0101ju, izmantojot savas t\u012bmek\u013ca vietnes, un var no t\u0101 nopeln\u012bt iztiku; lab\u0101kie pokera partneri pasaul\u0113 katru m\u0113nesi nopelna se\u0161ciparu komisijas maksas. Tom\u0113r, lai to sasniegtu, ir nepiecie\u0161ams darbs, pl\u0101ns un specializ\u0113tas zin\u0101\u0161anas \u2013 un j\u016bs to visu sa\u0146emat bez maksas no mums!<\/p>\n<h2>Kas m\u0113s esam<\/h2>\n<p>M\u0113s esam neliela pieredz\u0113ju\u0161u pokera partneru grupa, kas s\u0101ka k\u0101 indiv\u012bdi un tagad ir apvienoju\u0161i sp\u0113kus, lai atbalst\u012btu viens otru un dal\u012btos pieredz\u0113 ar jauniem pokera partneriem.<\/p>\n<p>Pokera m\u0101rketings (rekl\u0101ma, partneru piesaiste) parasti notiek tie\u0161saist\u0113, izmantojot j\u016bsu pa\u0161u pokera vietni. Ta\u010du pat tie, kuriem nav savas pokera vietnes, var nopeln\u012bt naudu k\u0101 pokera partneris, reklam\u0113joties bezsaist\u0113, izmantojot pokera bonusa kodus. To var izdar\u012bt daudzos veidos, un mums ir ar\u012b padomi par to. Protams, ja iesp\u0113jams, j\u016bs varat (un vajadz\u0113tu) dar\u012bt abus paral\u0113li. Pokera partneru piesaiste ir \u0101rk\u0101rt\u012bgi aizraujo\u0161a un ienes\u012bga nodarbe, gandr\u012bz k\u0101 pats pokers.<\/p>\n<p>Kad j\u016bsu pa\u0161u pokera vietne ir izveidota un veiksm\u012bgi ierindota Google mekl\u0113t\u0101j\u0101, izmantojot SEO (mekl\u0113t\u0101jprogrammu optimiz\u0101ciju), v\u0113l\u0101k nepiecie\u0161amais laiks ir sal\u012bdzino\u0161i minim\u0101ls, un j\u016bs varat nopeln\u012bt labu naudu ar nelielu piep\u016bli. Pokera partneru piesaiste ir ide\u0101li piem\u0113rota uz\u0146\u0113m\u0113jdarb\u012bbas uzs\u0101k\u0161anai k\u0101 papildu nodarbo\u0161an\u0101s, ta\u010du daudzi cilv\u0113ki ir s\u0101ku\u0161i pokera rekl\u0101mu k\u0101 papildu nodarbo\u0161anos un v\u0113l\u0101k to p\u0101rv\u0113rtu\u0161i par savu galveno darbu.<\/p>\n<p>Ja jums nav ne jausmas, k\u0101 izveidot vietni, nekr\u012btiet izmisum\u0101. M\u0113s jums soli pa solim par\u0101d\u012bsim, k\u0101 to izdar\u012bt m\u016bsu forum\u0101 (pat bez HTML zin\u0101\u0161an\u0101m). Un m\u016bsu kopien\u0101 ir pietiekami daudz cilv\u0113ku, kas var jums pal\u012bdz\u0113t l\u012bdz pat gatavai vietnei, kas jums tikai j\u0101aizpilda ar saturu. Pat \u012bpa\u0161i labas zin\u0101\u0161anas par pokera strat\u0113\u0123iju nav nepiecie\u0161amas \u2013 pokera vietnei nav oblig\u0101ti j\u0101pied\u0101v\u0101 pokera apm\u0101c\u012bbas saturs, bet t\u0101 var aptvert jebkuru pokera aspektu.<\/p>\n<h2>K\u0101ds ir j\u016bsu m\u0113r\u0137is un k\u0101 j\u016bs to sasniedzat?<\/h2>\n<p>M\u0113r\u0137is ir dot jums iesp\u0113ju nopeln\u012bt naudu ar tie\u0161saistes vai bezsaistes m\u0101rketingu un pokera istabu reklam\u0113\u0161anu.<\/strong> M\u0113s sniegsim jums visas zin\u0101\u0161anas, kas nepiecie\u0161amas \u0161\u012b m\u0113r\u0137a sasnieg\u0161anai. Inform\u0101cija par darba s\u0101k\u0161anu ir pieejama \u0161eit, t\u012bmek\u013ca vietn\u0113.<\/p>\n<h2>Ko m\u0113s no t\u0101 ieg\u016bstam?<\/h2>\n<p>Tas ir vienk\u0101r\u0161i: m\u0113s sa\u0146emam komisijas maksu, kad m\u0113s piesaist\u0101m jaunus partnerus pokera istab\u0101m, ja vien tie g\u016bst ie\u0146\u0113mumus. Tas jums neko nemaks\u0101, un mums tas ir izdev\u012bgi tikai tad, ja jums izdodas, jo m\u0113s sa\u0146emam tikai nelielu procentu\u0101lo da\u013cu no j\u016bsu ie\u0146\u0113mumiem. T\u0101p\u0113c m\u0113s, protams, esam motiv\u0113ti pal\u012bdz\u0113t jums progres\u0113t un atbalst\u012bt j\u016bs.<\/p>\n","protected":false},"excerpt":{"rendered":"<p>Pokera partnerm\u0101rketings attiecas uz sp\u0113l\u0113t\u0101ju piesaisti pokera istab\u0101m. Pokera partneris ir persona, kas piesaista jaunus sp\u0113l\u0113t\u0101jus vienai vai vair\u0101k\u0101m pokera istab\u0101m. Apmai\u0146\u0101 pret to vi\u0146iem maks\u0101 pokera istaba. Tas izklaus\u0101s vienk\u0101r\u0161i, un t\u0101 tas ar\u012b ir. Un ikviens var piedal\u012bties! Tom\u0113r ir sam\u0113r\u0101 viegli piesaist\u012bt da\u017eus jaunus sp\u0113l\u0113t\u0101jus no sava draugu loka savai iecien\u012bt\u0101kajai pokera [&hellip;]<\/p>\n","protected":false},"author":1,"featured_media":0,"parent":0,"menu_order":0,"comment_status":"closed","ping_status":"closed","template":"","meta":{"footnotes":""},"class_list":["post-527","page","type-page","status-publish","hentry"],"yoast_head":"<!-- This site is optimized with the Yoast SEO plugin v25.9 - https:\/\/yoast.com\/wordpress\/plugins\/seo\/ -->\n<title>Pelniet naudu ar pokera fili\u0101\u013cu m\u0101rketingu<\/title>\n<meta name=\"robots\" content=\"index, follow, max-snippet:-1, max-image-preview:large, max-video-preview:-1\" \/>\n<link rel=\"canonical\" href=\"https:\/\/poker-werbung.de\/lv\/\" \/>\n<meta property=\"og:locale\" content=\"lv_LV\" \/>\n<meta property=\"og:type\" content=\"article\" \/>\n<meta property=\"og:title\" content=\"Pelniet naudu ar pokera fili\u0101\u013cu m\u0101rketingu\" \/>\n<meta property=\"og:description\" content=\"Pokera partnerm\u0101rketings attiecas uz sp\u0113l\u0113t\u0101ju piesaisti pokera istab\u0101m. Pokera partneris ir persona, kas piesaista jaunus sp\u0113l\u0113t\u0101jus vienai vai vair\u0101k\u0101m pokera istab\u0101m. Apmai\u0146\u0101 pret to vi\u0146iem maks\u0101 pokera istaba. Tas izklaus\u0101s vienk\u0101r\u0161i, un t\u0101 tas ar\u012b ir. Un ikviens var piedal\u012bties! Tom\u0113r ir sam\u0113r\u0101 viegli piesaist\u012bt da\u017eus jaunus sp\u0113l\u0113t\u0101jus no sava draugu loka savai iecien\u012bt\u0101kajai pokera [&hellip;]\" \/>\n<meta property=\"og:url\" content=\"https:\/\/poker-werbung.de\/lv\/\" \/>\n<meta name=\"twitter:card\" content=\"summary_large_image\" \/>\n<meta name=\"twitter:label1\" content=\"Est. reading time\" \/>\n\t<meta name=\"twitter:data1\" content=\"3 minutes\" \/>\n<script type=\"application\/ld+json\" class=\"yoast-schema-graph\">{\"@context\":\"https:\/\/schema.org\",\"@graph\":[{\"@type\":\"WebPage\",\"@id\":\"https:\/\/poker-werbung.de\/lv\/\",\"url\":\"https:\/\/poker-werbung.de\/lv\/\",\"name\":\"Pelniet naudu ar pokera fili\u0101\u013cu m\u0101rketingu\",\"isPartOf\":{\"@id\":\"https:\/\/poker-werbung.de\/lv\/#website\"},\"datePublished\":\"2024-09-09T18:24:17+00:00\",\"breadcrumb\":{\"@id\":\"https:\/\/poker-werbung.de\/lv\/#breadcrumb\"},\"inLanguage\":\"lv-LV\",\"potentialAction\":[{\"@type\":\"ReadAction\",\"target\":[\"https:\/\/poker-werbung.de\/lv\/\"]}]},{\"@type\":\"BreadcrumbList\",\"@id\":\"https:\/\/poker-werbung.de\/lv\/#breadcrumb\",\"itemListElement\":[{\"@type\":\"ListItem\",\"position\":1,\"name\":\"Home\",\"item\":\"https:\/\/poker-werbung.de\/lv\/\"},{\"@type\":\"ListItem\",\"position\":2,\"name\":\"S\u0101kums\"}]},{\"@type\":\"WebSite\",\"@id\":\"https:\/\/poker-werbung.de\/lv\/#website\",\"url\":\"https:\/\/poker-werbung.de\/lv\/\",\"name\":\"\",\"description\":\"\",\"potentialAction\":[{\"@type\":\"SearchAction\",\"target\":{\"@type\":\"EntryPoint\",\"urlTemplate\":\"https:\/\/poker-werbung.de\/lv\/?s={search_term_string}\"},\"query-input\":{\"@type\":\"PropertyValueSpecification\",\"valueRequired\":true,\"valueName\":\"search_term_string\"}}],\"inLanguage\":\"lv-LV\"}]}<\/script>\n<!-- \/ Yoast SEO plugin. -->","yoast_head_json":{"title":"Pelniet naudu ar pokera fili\u0101\u013cu m\u0101rketingu","robots":{"index":"index","follow":"follow","max-snippet":"max-snippet:-1","max-image-preview":"max-image-preview:large","max-video-preview":"max-video-preview:-1"},"canonical":"https:\/\/poker-werbung.de\/lv\/","og_locale":"lv_LV","og_type":"article","og_title":"Pelniet naudu ar pokera fili\u0101\u013cu m\u0101rketingu","og_description":"Pokera partnerm\u0101rketings attiecas uz sp\u0113l\u0113t\u0101ju piesaisti pokera istab\u0101m. Pokera partneris ir persona, kas piesaista jaunus sp\u0113l\u0113t\u0101jus vienai vai vair\u0101k\u0101m pokera istab\u0101m. Apmai\u0146\u0101 pret to vi\u0146iem maks\u0101 pokera istaba. Tas izklaus\u0101s vienk\u0101r\u0161i, un t\u0101 tas ar\u012b ir. Un ikviens var piedal\u012bties! Tom\u0113r ir sam\u0113r\u0101 viegli piesaist\u012bt da\u017eus jaunus sp\u0113l\u0113t\u0101jus no sava draugu loka savai iecien\u012bt\u0101kajai pokera [&hellip;]","og_url":"https:\/\/poker-werbung.de\/lv\/","twitter_card":"summary_large_image","twitter_misc":{"Est. reading time":"3 minutes"},"schema":{"@context":"https:\/\/schema.org","@graph":[{"@type":"WebPage","@id":"https:\/\/poker-werbung.de\/lv\/","url":"https:\/\/poker-werbung.de\/lv\/","name":"Pelniet naudu ar pokera fili\u0101\u013cu m\u0101rketingu","isPartOf":{"@id":"https:\/\/poker-werbung.de\/lv\/#website"},"datePublished":"2024-09-09T18:24:17+00:00","breadcrumb":{"@id":"https:\/\/poker-werbung.de\/lv\/#breadcrumb"},"inLanguage":"lv-LV","potentialAction":[{"@type":"ReadAction","target":["https:\/\/poker-werbung.de\/lv\/"]}]},{"@type":"BreadcrumbList","@id":"https:\/\/poker-werbung.de\/lv\/#breadcrumb","itemListElement":[{"@type":"ListItem","position":1,"name":"Home","item":"https:\/\/poker-werbung.de\/lv\/"},{"@type":"ListItem","position":2,"name":"S\u0101kums"}]},{"@type":"WebSite","@id":"https:\/\/poker-werbung.de\/lv\/#website","url":"https:\/\/poker-werbung.de\/lv\/","name":"","description":"","potentialAction":[{"@type":"SearchAction","target":{"@type":"EntryPoint","urlTemplate":"https:\/\/poker-werbung.de\/lv\/?s={search_term_string}"},"query-input":{"@type":"PropertyValueSpecification","valueRequired":true,"valueName":"search_term_string"}}],"inLanguage":"lv-LV"}]}},"_links":{"self":[{"href":"https:\/\/poker-werbung.de\/lv\/wp-json\/wp\/v2\/pages\/527","targetHints":{"allow":["GET"]}}],"collection":[{"href":"https:\/\/poker-werbung.de\/lv\/wp-json\/wp\/v2\/pages"}],"about":[{"href":"https:\/\/poker-werbung.de\/lv\/wp-json\/wp\/v2\/types\/page"}],"author":[{"embeddable":true,"href":"https:\/\/poker-werbung.de\/lv\/wp-json\/wp\/v2\/users\/1"}],"replies":[{"embeddable":true,"href":"https:\/\/poker-werbung.de\/lv\/wp-json\/wp\/v2\/comments?post=527"}],"version-history":[{"count":0,"href":"https:\/\/poker-werbung.de\/lv\/wp-json\/wp\/v2\/pages\/527\/revisions"}],"wp:attachment":[{"href":"https:\/\/poker-werbung.de\/lv\/wp-json\/wp\/v2\/media?parent=527"}],"curies":[{"name":"wp","href":"https:\/\/api.w.org\/{rel}","templated":true}]}}