{"id":519,"date":"2024-09-09T19:24:17","date_gmt":"2024-09-09T18:24:17","guid":{"rendered":"https:\/\/poker-werbung.de\/pradzia\/"},"modified":"2024-09-09T19:24:17","modified_gmt":"2024-09-09T18:24:17","slug":"pradzia","status":"publish","type":"page","link":"https:\/\/poker-werbung.de\/lt\/","title":{"rendered":"Prad\u017eia"},"content":{"rendered":"<p>Pokerio partneri\u0173 rinkodara \u2013 tai \u017eaid\u0117j\u0173, skirt\u0173 pokerio kambariams, rinkodara arba verbavimas. Pokerio partneris yra asmuo, kuris verbuoja naujus \u017eaid\u0117jus vienam ar keliems pokerio kambariams. U\u017e tai jiems moka pokerio kambarys. Tai skamba paprastai, ir taip yra. Ir dalyvauti gali kiekvienas! Ta\u010diau gana lengva pritraukti nauj\u0173 \u017eaid\u0117j\u0173 i\u0161 savo draug\u0173 rato \u012f m\u0117gstam\u0105 pokerio kambar\u012f. Kambariai \u0161iam tikslui turi savo \u201erekomenduok draug\u0105\u201c programas.<\/p>\n<p>Ta\u010diau pokerio partneri\u0173 programa yra visi\u0161kai kas kita; tai sisteminga rinkodaros priemon\u0117, kuri\u0105 si\u016blo pokerio kambarys. S\u0117kmingi partneriai reguliariai verbuoja daug nauj\u0173 \u017eaid\u0117j\u0173 per savo svetaines ir gali i\u0161 to pragyventi; geriausi pokerio partneriai pasaulyje kiekvien\u0105 m\u0117nes\u012f u\u017edirba \u0161e\u0161ia\u017eenklius komisinius. Ta\u010diau norint tai pasiekti, reikia darbo, plano ir specializuot\u0173 \u017eini\u0173 \u2013 ir visa tai gausite nemokamai i\u0161 m\u016bs\u0173!<\/p>\n<h2>Kas mes esame<\/h2>\n<p>Esame nedidel\u0117 patyrusi\u0173 pokerio partneri\u0173 grup\u0117, kuri prad\u0117jo kaip individual\u016bs asmenys ir dabar suvienijo j\u0117gas, kad palaikyt\u0173 vienas kit\u0105 ir dalyt\u0173si savo patirtimi su naujais pokerio partneriais.<\/p>\n<p>Pokerio rinkodara (reklama, partneryst\u0117) da\u017eniausiai vyksta internetu per j\u016bs\u0173 pa\u010di\u0173 pokerio svetain\u0119. Ta\u010diau net ir tie, kurie neturi savo pokerio svetain\u0117s, gali u\u017esidirbti pinig\u0173 kaip pokerio partneriai reklamuodamiesi neprisijung\u0119, naudodami pokerio premij\u0173 kodus. Yra daug b\u016bd\u0173 tai padaryti, ir mes taip pat turime patarim\u0173. \u017dinoma, jei \u012fmanoma, galite (ir tur\u0117tum\u0117te) daryti abu lygiagre\u010diai. Pokerio partneryst\u0117 yra nepaprastai \u012fdomi ir pelninga veikla, beveik kaip pats pokeris.<\/p>\n<p>Kai j\u016bs\u0173 pokerio svetain\u0117 bus sukurta ir s\u0117kmingai reitinguojama \u201eGoogle\u201c paie\u0161kos sistemoje naudojant SEO (paie\u0161kos sistem\u0173 optimizavim\u0105), v\u0117liau reik\u0117s gana ma\u017eai laiko, o j\u016bs galite u\u017edirbti gerus pinigus be dideli\u0173 pastang\u0173. Pokerio partneryst\u0117 idealiai tinka pradedant versl\u0105 kaip papildom\u0105 veikl\u0105, ta\u010diau daugelis \u017emoni\u0173 prad\u0117jo pokerio reklam\u0105 kaip papildom\u0105 veikl\u0105, o v\u0117liau pavert\u0117 j\u0105 pagrindiniu darbu.<\/p>\n<p>Jei ne\u017einote, kaip sukurti svetain\u0119, nenusiminkite. Savo forume \u017eingsnis po \u017eingsnio parodysime, kaip tai padaryti (net ir neturint HTML \u017eini\u0173). M\u016bs\u0173 bendruomen\u0117je yra pakankamai \u017emoni\u0173, kurie gali jums pad\u0117ti iki pat paruo\u0161tos svetain\u0117s, kuri\u0105 jums tereikia u\u017epildyti turiniu. Net ir ypa\u010d geros pokerio strategijos \u017einios neb\u016btinos \u2013 pokerio svetain\u0117 neb\u016btinai turi si\u016blyti pokerio mokymo turin\u012f, ji gali apimti bet kur\u012f pokerio aspekt\u0105.<\/p>\n<p>Koks j\u016bs\u0173 tikslas ir kaip j\u012f pasiekti?<\/h2>\n<p>Tikslas \u2013 suteikti jums galimyb\u0119 u\u017esidirbti pinig\u0173 vykdant internetin\u0119 ar neprisijungus vykdom\u0105 pokerio kambari\u0173 rinkodar\u0105 ir reklam\u0105.<\/strong> Mes suteiksime jums visas \u017einias, reikalingas \u0161iam tikslui pasiekti. Pradin\u0119 informacij\u0105 rasite \u010dia, svetain\u0117je.<\/p>\n<p>K\u0105 mes i\u0161 to gauname?<\/h2>\n<p>Tai paprasta: mes gauname komisin\u012f mokest\u012f, kai pritraukiame naujus pokerio kambari\u0173 partnerius, jei jie generuoja pajamas. Jums tai nieko nekainuoja, o mums tai naudinga tik tuo atveju, jei jums sekasi, nes mes gauname tik nedidel\u0119 j\u016bs\u0173 pajam\u0173 dal\u012f. Tod\u0117l esame nat\u016braliai motyvuoti pad\u0117ti jums tobul\u0117ti ir jus palaikyti.<\/p>\n","protected":false},"excerpt":{"rendered":"<p>Pokerio partneri\u0173 rinkodara \u2013 tai \u017eaid\u0117j\u0173, skirt\u0173 pokerio kambariams, rinkodara arba verbavimas. Pokerio partneris yra asmuo, kuris verbuoja naujus \u017eaid\u0117jus vienam ar keliems pokerio kambariams. U\u017e tai jiems moka pokerio kambarys. Tai skamba paprastai, ir taip yra. Ir dalyvauti gali kiekvienas! Ta\u010diau gana lengva pritraukti nauj\u0173 \u017eaid\u0117j\u0173 i\u0161 savo draug\u0173 rato \u012f m\u0117gstam\u0105 pokerio kambar\u012f. [&hellip;]<\/p>\n","protected":false},"author":1,"featured_media":0,"parent":0,"menu_order":0,"comment_status":"closed","ping_status":"closed","template":"","meta":{"footnotes":""},"class_list":["post-519","page","type-page","status-publish","hentry"],"yoast_head":"<!-- This site is optimized with the Yoast SEO plugin v25.9 - https:\/\/yoast.com\/wordpress\/plugins\/seo\/ -->\n<title>U\u017esidirbkite pinig\u0173 su pokerio filial\u0173 rinkodara<\/title>\n<meta name=\"robots\" content=\"index, follow, max-snippet:-1, max-image-preview:large, max-video-preview:-1\" \/>\n<link rel=\"canonical\" href=\"https:\/\/poker-werbung.de\/lt\/\" \/>\n<meta property=\"og:locale\" content=\"lt_LT\" \/>\n<meta property=\"og:type\" content=\"article\" \/>\n<meta property=\"og:title\" content=\"U\u017esidirbkite pinig\u0173 su pokerio filial\u0173 rinkodara\" \/>\n<meta property=\"og:description\" content=\"Pokerio partneri\u0173 rinkodara \u2013 tai \u017eaid\u0117j\u0173, skirt\u0173 pokerio kambariams, rinkodara arba verbavimas. Pokerio partneris yra asmuo, kuris verbuoja naujus \u017eaid\u0117jus vienam ar keliems pokerio kambariams. U\u017e tai jiems moka pokerio kambarys. Tai skamba paprastai, ir taip yra. Ir dalyvauti gali kiekvienas! Ta\u010diau gana lengva pritraukti nauj\u0173 \u017eaid\u0117j\u0173 i\u0161 savo draug\u0173 rato \u012f m\u0117gstam\u0105 pokerio kambar\u012f. [&hellip;]\" \/>\n<meta property=\"og:url\" content=\"https:\/\/poker-werbung.de\/lt\/\" \/>\n<meta name=\"twitter:card\" content=\"summary_large_image\" \/>\n<meta name=\"twitter:label1\" content=\"Est. reading time\" \/>\n\t<meta name=\"twitter:data1\" content=\"2 minut\u0117s\" \/>\n<script type=\"application\/ld+json\" class=\"yoast-schema-graph\">{\"@context\":\"https:\/\/schema.org\",\"@graph\":[{\"@type\":\"WebPage\",\"@id\":\"https:\/\/poker-werbung.de\/lt\/\",\"url\":\"https:\/\/poker-werbung.de\/lt\/\",\"name\":\"U\u017esidirbkite pinig\u0173 su pokerio filial\u0173 rinkodara\",\"isPartOf\":{\"@id\":\"https:\/\/poker-werbung.de\/lt\/#website\"},\"datePublished\":\"2024-09-09T18:24:17+00:00\",\"breadcrumb\":{\"@id\":\"https:\/\/poker-werbung.de\/lt\/#breadcrumb\"},\"inLanguage\":\"lt-LT\",\"potentialAction\":[{\"@type\":\"ReadAction\",\"target\":[\"https:\/\/poker-werbung.de\/lt\/\"]}]},{\"@type\":\"BreadcrumbList\",\"@id\":\"https:\/\/poker-werbung.de\/lt\/#breadcrumb\",\"itemListElement\":[{\"@type\":\"ListItem\",\"position\":1,\"name\":\"Home\",\"item\":\"https:\/\/poker-werbung.de\/lt\/\"},{\"@type\":\"ListItem\",\"position\":2,\"name\":\"Prad\u017eia\"}]},{\"@type\":\"WebSite\",\"@id\":\"https:\/\/poker-werbung.de\/lt\/#website\",\"url\":\"https:\/\/poker-werbung.de\/lt\/\",\"name\":\"\",\"description\":\"\",\"potentialAction\":[{\"@type\":\"SearchAction\",\"target\":{\"@type\":\"EntryPoint\",\"urlTemplate\":\"https:\/\/poker-werbung.de\/lt\/?s={search_term_string}\"},\"query-input\":{\"@type\":\"PropertyValueSpecification\",\"valueRequired\":true,\"valueName\":\"search_term_string\"}}],\"inLanguage\":\"lt-LT\"}]}<\/script>\n<!-- \/ Yoast SEO plugin. -->","yoast_head_json":{"title":"U\u017esidirbkite pinig\u0173 su pokerio filial\u0173 rinkodara","robots":{"index":"index","follow":"follow","max-snippet":"max-snippet:-1","max-image-preview":"max-image-preview:large","max-video-preview":"max-video-preview:-1"},"canonical":"https:\/\/poker-werbung.de\/lt\/","og_locale":"lt_LT","og_type":"article","og_title":"U\u017esidirbkite pinig\u0173 su pokerio filial\u0173 rinkodara","og_description":"Pokerio partneri\u0173 rinkodara \u2013 tai \u017eaid\u0117j\u0173, skirt\u0173 pokerio kambariams, rinkodara arba verbavimas. Pokerio partneris yra asmuo, kuris verbuoja naujus \u017eaid\u0117jus vienam ar keliems pokerio kambariams. U\u017e tai jiems moka pokerio kambarys. Tai skamba paprastai, ir taip yra. Ir dalyvauti gali kiekvienas! Ta\u010diau gana lengva pritraukti nauj\u0173 \u017eaid\u0117j\u0173 i\u0161 savo draug\u0173 rato \u012f m\u0117gstam\u0105 pokerio kambar\u012f. [&hellip;]","og_url":"https:\/\/poker-werbung.de\/lt\/","twitter_card":"summary_large_image","twitter_misc":{"Est. reading time":"2 minut\u0117s"},"schema":{"@context":"https:\/\/schema.org","@graph":[{"@type":"WebPage","@id":"https:\/\/poker-werbung.de\/lt\/","url":"https:\/\/poker-werbung.de\/lt\/","name":"U\u017esidirbkite pinig\u0173 su pokerio filial\u0173 rinkodara","isPartOf":{"@id":"https:\/\/poker-werbung.de\/lt\/#website"},"datePublished":"2024-09-09T18:24:17+00:00","breadcrumb":{"@id":"https:\/\/poker-werbung.de\/lt\/#breadcrumb"},"inLanguage":"lt-LT","potentialAction":[{"@type":"ReadAction","target":["https:\/\/poker-werbung.de\/lt\/"]}]},{"@type":"BreadcrumbList","@id":"https:\/\/poker-werbung.de\/lt\/#breadcrumb","itemListElement":[{"@type":"ListItem","position":1,"name":"Home","item":"https:\/\/poker-werbung.de\/lt\/"},{"@type":"ListItem","position":2,"name":"Prad\u017eia"}]},{"@type":"WebSite","@id":"https:\/\/poker-werbung.de\/lt\/#website","url":"https:\/\/poker-werbung.de\/lt\/","name":"","description":"","potentialAction":[{"@type":"SearchAction","target":{"@type":"EntryPoint","urlTemplate":"https:\/\/poker-werbung.de\/lt\/?s={search_term_string}"},"query-input":{"@type":"PropertyValueSpecification","valueRequired":true,"valueName":"search_term_string"}}],"inLanguage":"lt-LT"}]}},"_links":{"self":[{"href":"https:\/\/poker-werbung.de\/lt\/wp-json\/wp\/v2\/pages\/519","targetHints":{"allow":["GET"]}}],"collection":[{"href":"https:\/\/poker-werbung.de\/lt\/wp-json\/wp\/v2\/pages"}],"about":[{"href":"https:\/\/poker-werbung.de\/lt\/wp-json\/wp\/v2\/types\/page"}],"author":[{"embeddable":true,"href":"https:\/\/poker-werbung.de\/lt\/wp-json\/wp\/v2\/users\/1"}],"replies":[{"embeddable":true,"href":"https:\/\/poker-werbung.de\/lt\/wp-json\/wp\/v2\/comments?post=519"}],"version-history":[{"count":0,"href":"https:\/\/poker-werbung.de\/lt\/wp-json\/wp\/v2\/pages\/519\/revisions"}],"wp:attachment":[{"href":"https:\/\/poker-werbung.de\/lt\/wp-json\/wp\/v2\/media?parent=519"}],"curies":[{"name":"wp","href":"https:\/\/api.w.org\/{rel}","templated":true}]}}