{"id":152,"date":"2024-09-09T19:24:17","date_gmt":"2024-09-09T18:24:17","guid":{"rendered":"https:\/\/poker-werbung.de\/casa\/"},"modified":"2025-08-24T06:44:58","modified_gmt":"2025-08-24T05:44:58","slug":"casa","status":"publish","type":"page","link":"https:\/\/poker-werbung.de\/it\/","title":{"rendered":"Casa"},"content":{"rendered":"<p><strong>Il Poker Affiliate Marketing \u00e8 il marketing o la pubblicit\u00e0 dei giocatori per le sale da poker<\/strong>. Un affiliato di poker \u00e8 qualcuno che recluta nuovi giocatori in una o pi\u00f9 sale da poker. In cambio viene pagato dalla sala da poker. Sembra semplice, e lo \u00e8. E tutti possono partecipare! Tuttavia, \u00e8 relativamente facile reclutare nuovi giocatori per la tua sala da poker preferita tra la tua cerchia di amici. A questo scopo, le camere dispongono di propri programmi cosiddetti &#8220;Segnala un amico&#8221;.<\/p>\n<p>Un <strong>programma di affiliazione al poker<\/strong> \u00e8 qualcosa di completamente diverso, ovvero uno strumento di marketing sistematico offerto dalla sala da poker. Gli affiliati di successo reclutano regolarmente un gran numero di nuovi giocatori tramite i propri siti web e possono guadagnarsi da vivere con questo; I migliori affiliati di poker al mondo guadagnano ogni mese commissioni a sei cifre. Ma per raggiungere questo obiettivo \u00e8 necessario lavorare, avere un piano e avere conoscenze specifiche. E tutto questo da noi \u00e8 gratis!<\/p>\n<p>Siamo un piccolo gruppo di affiliati esperti di poker che hanno iniziato come singoli individui e ora hanno unito le forze per sostenersi a vicenda e trasmettere la loro esperienza ai nuovi affiliati di poker.<\/p>\n<p><strong>Il marketing del poker (pubblicit\u00e0, affiliazione)<\/strong> avviene principalmente online tramite un sito web dedicato al poker. Ma anche chi non ha un proprio sito web di poker pu\u00f2 guadagnare soldi come affiliato di poker pubblicizzandosi offline tramite i codici bonus del poker. Esistono numerose possibilit\u00e0 e noi possiamo darvi anche qualche suggerimento. Naturalmente, se possibile, puoi (e dovresti) eseguirli entrambi in parallelo.L&#8217;affiliazione al poker \u00e8 un&#8217;attivit\u00e0 estremamente entusiasmante e redditizia, quasi come il poker stesso.<\/p>\n<p>Una volta creato il tuo sito di poker e posizionato con successo su Google tramite SEO (ottimizzazione per i motori di ricerca), il tempo necessario in seguito \u00e8 relativamente breve e puoi guadagnare bene con poco sforzo. L&#8217;affiliazione al poker \u00e8 l&#8217;ideale per iniziare un&#8217;attivit\u00e0 part-time, ma molte persone hanno iniziato a pubblicizzare il poker come un secondo lavoro e in seguito l&#8217;hanno trasformato nella loro occupazione principale.<\/p>\n<p>Se non hai idea di come creare un sito web, non disperare. Nel nostro forum ti mostreremo passo dopo passo come farlo (anche senza conoscere l&#8217;HTML). E nella nostra comunit\u00e0 ci sono abbastanza persone che possono aiutarti, fino alla creazione di un sito chiavi in \u200b\u200bmano che dovrai solo riempire di contenuti. Non \u00e8 richiesta una conoscenza particolarmente approfondita della strategia del poker: un sito di poker non deve necessariamente offrire contenuti di coaching sul poker, ma pu\u00f2 trattare ogni aspetto del poker.<\/p>\n<h2>Qual \u200b\u200b\u00e8 il tuo obiettivo e come lo raggiungi?<\/h2>\n<p>L&#8217;obiettivo \u00e8 quello di consentirti di guadagnare denaro tramite marketing e pubblicit\u00e0 online e offline per le sale da poker. Ti forniremo tutte le conoscenze necessarie per raggiungere questo obiettivo. Le informazioni introduttive sono disponibili qui sul sito web.<\/p>\n<h2>Cosa ne ricaviamo?<\/h2>\n<p>\u00c8 semplice: riceviamo una commissione quando reclutiamo nuovi affiliati per le sale da poker, a condizione che generino entrate. Non ti costa nulla e per noi ne vale la pena solo se hai successo, perch\u00e9 riceviamo solo una piccola percentuale delle tue vendite, quindi siamo naturalmente motivati \u200b\u200bad aiutarti a progredire e a supportarti.<\/p>\n","protected":false},"excerpt":{"rendered":"<p>Il Poker Affiliate Marketing \u00e8 il marketing o la pubblicit\u00e0 dei giocatori per le sale da poker. Un affiliato di poker \u00e8 qualcuno che recluta nuovi giocatori in una o pi\u00f9 sale da poker. In cambio viene pagato dalla sala da poker. Sembra semplice, e lo \u00e8. E tutti possono partecipare! Tuttavia, \u00e8 relativamente facile [&hellip;]<\/p>\n","protected":false},"author":1,"featured_media":0,"parent":0,"menu_order":0,"comment_status":"closed","ping_status":"closed","template":"","meta":{"footnotes":""},"class_list":["post-152","page","type-page","status-publish","hentry"],"yoast_head":"<!-- This site is optimized with the Yoast SEO plugin v25.9 - https:\/\/yoast.com\/wordpress\/plugins\/seo\/ -->\n<title>Guadagna con il marketing di affiliazione del poker<\/title>\n<meta name=\"robots\" content=\"index, follow, max-snippet:-1, max-image-preview:large, max-video-preview:-1\" \/>\n<link rel=\"canonical\" href=\"https:\/\/poker-werbung.de\/it\/\" \/>\n<meta property=\"og:locale\" content=\"it_IT\" \/>\n<meta property=\"og:type\" content=\"article\" \/>\n<meta property=\"og:title\" content=\"Guadagna con il marketing di affiliazione del poker\" \/>\n<meta property=\"og:description\" content=\"Il Poker Affiliate Marketing \u00e8 il marketing o la pubblicit\u00e0 dei giocatori per le sale da poker. Un affiliato di poker \u00e8 qualcuno che recluta nuovi giocatori in una o pi\u00f9 sale da poker. In cambio viene pagato dalla sala da poker. Sembra semplice, e lo \u00e8. E tutti possono partecipare! Tuttavia, \u00e8 relativamente facile [&hellip;]\" \/>\n<meta property=\"og:url\" content=\"https:\/\/poker-werbung.de\/it\/\" \/>\n<meta property=\"article:modified_time\" content=\"2025-08-24T05:44:58+00:00\" \/>\n<meta name=\"twitter:card\" content=\"summary_large_image\" \/>\n<meta name=\"twitter:label1\" content=\"Tempo di lettura stimato\" \/>\n\t<meta name=\"twitter:data1\" content=\"3 minuti\" \/>\n<script type=\"application\/ld+json\" class=\"yoast-schema-graph\">{\"@context\":\"https:\/\/schema.org\",\"@graph\":[{\"@type\":\"WebPage\",\"@id\":\"https:\/\/poker-werbung.de\/it\/\",\"url\":\"https:\/\/poker-werbung.de\/it\/\",\"name\":\"Guadagna con il marketing di affiliazione del poker\",\"isPartOf\":{\"@id\":\"https:\/\/poker-werbung.de\/it\/#website\"},\"datePublished\":\"2024-09-09T18:24:17+00:00\",\"dateModified\":\"2025-08-24T05:44:58+00:00\",\"breadcrumb\":{\"@id\":\"https:\/\/poker-werbung.de\/it\/#breadcrumb\"},\"inLanguage\":\"it-IT\",\"potentialAction\":[{\"@type\":\"ReadAction\",\"target\":[\"https:\/\/poker-werbung.de\/it\/\"]}]},{\"@type\":\"BreadcrumbList\",\"@id\":\"https:\/\/poker-werbung.de\/it\/#breadcrumb\",\"itemListElement\":[{\"@type\":\"ListItem\",\"position\":1,\"name\":\"Home\",\"item\":\"https:\/\/poker-werbung.de\/it\/\"},{\"@type\":\"ListItem\",\"position\":2,\"name\":\"Casa\"}]},{\"@type\":\"WebSite\",\"@id\":\"https:\/\/poker-werbung.de\/it\/#website\",\"url\":\"https:\/\/poker-werbung.de\/it\/\",\"name\":\"\",\"description\":\"\",\"potentialAction\":[{\"@type\":\"SearchAction\",\"target\":{\"@type\":\"EntryPoint\",\"urlTemplate\":\"https:\/\/poker-werbung.de\/it\/?s={search_term_string}\"},\"query-input\":{\"@type\":\"PropertyValueSpecification\",\"valueRequired\":true,\"valueName\":\"search_term_string\"}}],\"inLanguage\":\"it-IT\"}]}<\/script>\n<!-- \/ Yoast SEO plugin. -->","yoast_head_json":{"title":"Guadagna con il marketing di affiliazione del poker","robots":{"index":"index","follow":"follow","max-snippet":"max-snippet:-1","max-image-preview":"max-image-preview:large","max-video-preview":"max-video-preview:-1"},"canonical":"https:\/\/poker-werbung.de\/it\/","og_locale":"it_IT","og_type":"article","og_title":"Guadagna con il marketing di affiliazione del poker","og_description":"Il Poker Affiliate Marketing \u00e8 il marketing o la pubblicit\u00e0 dei giocatori per le sale da poker. Un affiliato di poker \u00e8 qualcuno che recluta nuovi giocatori in una o pi\u00f9 sale da poker. In cambio viene pagato dalla sala da poker. Sembra semplice, e lo \u00e8. E tutti possono partecipare! Tuttavia, \u00e8 relativamente facile [&hellip;]","og_url":"https:\/\/poker-werbung.de\/it\/","article_modified_time":"2025-08-24T05:44:58+00:00","twitter_card":"summary_large_image","twitter_misc":{"Tempo di lettura stimato":"3 minuti"},"schema":{"@context":"https:\/\/schema.org","@graph":[{"@type":"WebPage","@id":"https:\/\/poker-werbung.de\/it\/","url":"https:\/\/poker-werbung.de\/it\/","name":"Guadagna con il marketing di affiliazione del poker","isPartOf":{"@id":"https:\/\/poker-werbung.de\/it\/#website"},"datePublished":"2024-09-09T18:24:17+00:00","dateModified":"2025-08-24T05:44:58+00:00","breadcrumb":{"@id":"https:\/\/poker-werbung.de\/it\/#breadcrumb"},"inLanguage":"it-IT","potentialAction":[{"@type":"ReadAction","target":["https:\/\/poker-werbung.de\/it\/"]}]},{"@type":"BreadcrumbList","@id":"https:\/\/poker-werbung.de\/it\/#breadcrumb","itemListElement":[{"@type":"ListItem","position":1,"name":"Home","item":"https:\/\/poker-werbung.de\/it\/"},{"@type":"ListItem","position":2,"name":"Casa"}]},{"@type":"WebSite","@id":"https:\/\/poker-werbung.de\/it\/#website","url":"https:\/\/poker-werbung.de\/it\/","name":"","description":"","potentialAction":[{"@type":"SearchAction","target":{"@type":"EntryPoint","urlTemplate":"https:\/\/poker-werbung.de\/it\/?s={search_term_string}"},"query-input":{"@type":"PropertyValueSpecification","valueRequired":true,"valueName":"search_term_string"}}],"inLanguage":"it-IT"}]}},"_links":{"self":[{"href":"https:\/\/poker-werbung.de\/it\/wp-json\/wp\/v2\/pages\/152","targetHints":{"allow":["GET"]}}],"collection":[{"href":"https:\/\/poker-werbung.de\/it\/wp-json\/wp\/v2\/pages"}],"about":[{"href":"https:\/\/poker-werbung.de\/it\/wp-json\/wp\/v2\/types\/page"}],"author":[{"embeddable":true,"href":"https:\/\/poker-werbung.de\/it\/wp-json\/wp\/v2\/users\/1"}],"replies":[{"embeddable":true,"href":"https:\/\/poker-werbung.de\/it\/wp-json\/wp\/v2\/comments?post=152"}],"version-history":[{"count":1,"href":"https:\/\/poker-werbung.de\/it\/wp-json\/wp\/v2\/pages\/152\/revisions"}],"predecessor-version":[{"id":178,"href":"https:\/\/poker-werbung.de\/it\/wp-json\/wp\/v2\/pages\/152\/revisions\/178"}],"wp:attachment":[{"href":"https:\/\/poker-werbung.de\/it\/wp-json\/wp\/v2\/media?parent=152"}],"curies":[{"name":"wp","href":"https:\/\/api.w.org\/{rel}","templated":true}]}}