{"id":526,"date":"2024-09-09T19:24:17","date_gmt":"2024-09-09T18:24:17","guid":{"rendered":"https:\/\/poker-werbung.de\/otthon\/"},"modified":"2024-09-09T19:24:17","modified_gmt":"2024-09-09T18:24:17","slug":"otthon","status":"publish","type":"page","link":"https:\/\/poker-werbung.de\/hu\/","title":{"rendered":"Otthon"},"content":{"rendered":"<p>A p\u00f3ker affiliate marketing a j\u00e1t\u00e9kosok p\u00f3kertermekbe val\u00f3 toborz\u00e1s\u00e1t vagy marketingj\u00e9t jelenti. A p\u00f3ker affiliate olyan szem\u00e9ly, aki \u00faj j\u00e1t\u00e9kosokat toboroz egy vagy t\u00f6bb p\u00f3kerterembe. Cser\u00e9be a p\u00f3kerterem fizet nekik. Egyszer\u0171en hangzik, \u00e9s az is. \u00c9s b\u00e1rki r\u00e9szt vehet! Azonban viszonylag k\u00f6nny\u0171 \u00faj j\u00e1t\u00e9kosokat toborozni a saj\u00e1t bar\u00e1ti k\u00f6r\u00f6db\u0151l a kedvenc p\u00f3kertermedbe. A termeknek erre a c\u00e9lra saj\u00e1t &#8222;aj\u00e1nlj egy bar\u00e1tot&#8221; programjaik vannak.<\/p>\n<p>A p\u00f3ker affiliate program azonban valami teljesen m\u00e1s; ez egy szisztematikus marketingeszk\u00f6z, amelyet a p\u00f3kerterem k\u00edn\u00e1l. A sikeres affiliate-ek rendszeresen toboroznak nagysz\u00e1m\u00fa \u00faj j\u00e1t\u00e9kost a saj\u00e1t weboldalaikon kereszt\u00fcl, \u00e9s ebb\u0151l meg is tudnak \u00e9lni; a vil\u00e1g legjobb p\u00f3ker affiliate-jei havonta hatsz\u00e1mjegy\u0171 jutal\u00e9kokat keresnek. Ennek el\u00e9r\u00e9s\u00e9hez azonban munk\u00e1ra, tervre \u00e9s speci\u00e1lis ismeretekre van sz\u00fcks\u00e9g \u2013 \u00e9s mindezt ingyen megkapod t\u0151l\u00fcnk!<\/p>\n<p>Kik vagyunk<\/h2>\n<p>Tapasztalt p\u00f3ker affiliate-ek kis csoportja vagyunk, akik mag\u00e1nszem\u00e9lyk\u00e9nt indultak, \u00e9s most egyes\u00edtett\u00e9k er\u0151iket, hogy t\u00e1mogass\u00e1k egym\u00e1st \u00e9s megossz\u00e1k tapasztalataikat az \u00faj p\u00f3ker affiliate-ekkel.<\/p>\n<p>A p\u00f3kermarketing (hirdet\u00e9s, affiliate) \u00e1ltal\u00e1ban online t\u00f6rt\u00e9nik a saj\u00e1t p\u00f3ker weboldaladon kereszt\u00fcl. De m\u00e9g azok is kereshetnek p\u00e9nzt p\u00f3ker affiliate-k\u00e9nt offline hirdet\u00e9ssel, p\u00f3ker b\u00f3nuszk\u00f3dok haszn\u00e1lat\u00e1val. Ennek sz\u00e1mos m\u00f3dja van, \u00e9s erre is vannak tippjeink. Term\u00e9szetesen lehet\u0151s\u00e9g szerint p\u00e1rhuzamosan is lehet (\u00e9s kell is) mindkett\u0151t csin\u00e1lni. A p\u00f3ker affiliate egy rendk\u00edv\u00fcl izgalmas \u00e9s j\u00f6vedelmez\u0151 tev\u00e9kenys\u00e9g, szinte olyan, mint maga a p\u00f3ker.<\/p>\n<p>Miut\u00e1n a saj\u00e1t p\u00f3ker weboldalad l\u00e9trej\u00f6tt \u00e9s sikeresen rangsorol\u00f3dott a Google-ben a SEO (keres\u0151optimaliz\u00e1l\u00e1s) seg\u00edts\u00e9g\u00e9vel, a k\u00e9s\u0151bbi sz\u00fcks\u00e9ges id\u0151 viszonylag minim\u00e1lis, \u00e9s kev\u00e9s er\u0151fesz\u00edt\u00e9ssel j\u00f3 p\u00e9nzt kereshetsz. A p\u00f3ker affiliate ide\u00e1lis egy v\u00e1llalkoz\u00e1s mell\u00e9k\u00e1ll\u00e1sk\u00e9nt t\u00f6rt\u00e9n\u0151 ind\u00edt\u00e1s\u00e1hoz, de sokan mell\u00e9k\u00e1ll\u00e1sk\u00e9nt kezdt\u00e9k a p\u00f3kerhirdet\u00e9st, majd k\u00e9s\u0151bb f\u0151\u00e1ll\u00e1ss\u00e1 tett\u00e9k.<\/p>\n<p>Ha fogalmad sincs, hogyan kell weboldalt \u00e9p\u00edteni, ne ess k\u00e9ts\u00e9gbe. L\u00e9p\u00e9sr\u0151l l\u00e9p\u00e9sre megmutatjuk, hogyan kell csin\u00e1lni a f\u00f3rumunkon (ak\u00e1r HTML ismeretek n\u00e9lk\u00fcl is). \u00c9s a k\u00f6z\u00f6ss\u00e9g\u00fcnkben el\u00e9g ember van, aki eg\u00e9szen a kulcsrak\u00e9sz weboldalig tud seg\u00edteni, amit csak tartalommal kell felt\u00f6ltened. M\u00e9g a p\u00f3kerstrat\u00e9gia k\u00fcl\u00f6n\u00f6sen j\u00f3 ismerete sem sz\u00fcks\u00e9ges \u2013 egy p\u00f3keroldalnak nem felt\u00e9tlen\u00fcl kell p\u00f3keroktat\u00f3 tartalmakat k\u00edn\u00e1lnia, hanem a p\u00f3ker b\u00e1rmely aspektus\u00e1t lefedheti.<\/p>\n<h2>Mi a c\u00e9lod, \u00e9s hogyan \u00e9red el?<\/h2>\n<p>A c\u00e9l az, hogy p\u00e9nzt kereshess a p\u00f3kertermek online vagy offline marketingj\u00e9vel \u00e9s hirdet\u00e9s\u00e9vel.<\/strong> Minden sz\u00fcks\u00e9ges tud\u00e1st biztos\u00edtunk sz\u00e1modra a c\u00e9l el\u00e9r\u00e9s\u00e9hez. A kezd\u0151 l\u00e9p\u00e9sek itt, a weboldalon \u00e9rhet\u0151k el.<\/p>\n<h2>Mit nyer\u00fcnk ezzel?<\/h2>\n<p>Egyszer\u0171: jutal\u00e9kot kapunk, amikor \u00faj partnereket toborzunk a p\u00f3kertermekbe, felt\u00e9ve, hogy bev\u00e9telt gener\u00e1lnak. Ez neked semmibe sem ker\u00fcl, \u00e9s csak akkor \u00e9ri meg nek\u00fcnk, ha sikeres vagy, mert a bev\u00e9telednek csak kis sz\u00e1zal\u00e9k\u00e1t kapjuk meg. Ez\u00e9rt term\u00e9szetesen motiv\u00e1ltak vagyunk arra, hogy seg\u00edts\u00fcnk a fejl\u0151d\u00e9sedben \u00e9s t\u00e1mogassunk t\u00e9ged.<\/p>\n","protected":false},"excerpt":{"rendered":"<p>A p\u00f3ker affiliate marketing a j\u00e1t\u00e9kosok p\u00f3kertermekbe val\u00f3 toborz\u00e1s\u00e1t vagy marketingj\u00e9t jelenti. A p\u00f3ker affiliate olyan szem\u00e9ly, aki \u00faj j\u00e1t\u00e9kosokat toboroz egy vagy t\u00f6bb p\u00f3kerterembe. Cser\u00e9be a p\u00f3kerterem fizet nekik. Egyszer\u0171en hangzik, \u00e9s az is. \u00c9s b\u00e1rki r\u00e9szt vehet! Azonban viszonylag k\u00f6nny\u0171 \u00faj j\u00e1t\u00e9kosokat toborozni a saj\u00e1t bar\u00e1ti k\u00f6r\u00f6db\u0151l a kedvenc p\u00f3kertermedbe. A termeknek erre [&hellip;]<\/p>\n","protected":false},"author":1,"featured_media":0,"parent":0,"menu_order":0,"comment_status":"closed","ping_status":"closed","template":"","meta":{"footnotes":""},"class_list":["post-526","page","type-page","status-publish","hentry"],"yoast_head":"<!-- This site is optimized with the Yoast SEO plugin v25.9 - https:\/\/yoast.com\/wordpress\/plugins\/seo\/ -->\n<title>Keress p\u00e9nzt p\u00f3ker affiliate marketinggel<\/title>\n<meta name=\"robots\" content=\"index, follow, max-snippet:-1, max-image-preview:large, max-video-preview:-1\" \/>\n<link rel=\"canonical\" href=\"https:\/\/poker-werbung.de\/hu\/\" \/>\n<meta property=\"og:locale\" content=\"hu_HU\" \/>\n<meta property=\"og:type\" content=\"article\" \/>\n<meta property=\"og:title\" content=\"Keress p\u00e9nzt p\u00f3ker affiliate marketinggel\" \/>\n<meta property=\"og:description\" content=\"A p\u00f3ker affiliate marketing a j\u00e1t\u00e9kosok p\u00f3kertermekbe val\u00f3 toborz\u00e1s\u00e1t vagy marketingj\u00e9t jelenti. A p\u00f3ker affiliate olyan szem\u00e9ly, aki \u00faj j\u00e1t\u00e9kosokat toboroz egy vagy t\u00f6bb p\u00f3kerterembe. Cser\u00e9be a p\u00f3kerterem fizet nekik. Egyszer\u0171en hangzik, \u00e9s az is. \u00c9s b\u00e1rki r\u00e9szt vehet! Azonban viszonylag k\u00f6nny\u0171 \u00faj j\u00e1t\u00e9kosokat toborozni a saj\u00e1t bar\u00e1ti k\u00f6r\u00f6db\u0151l a kedvenc p\u00f3kertermedbe. A termeknek erre [&hellip;]\" \/>\n<meta property=\"og:url\" content=\"https:\/\/poker-werbung.de\/hu\/\" \/>\n<meta name=\"twitter:card\" content=\"summary_large_image\" \/>\n<meta name=\"twitter:label1\" content=\"Becs\u00fclt olvas\u00e1si id\u0151\" \/>\n\t<meta name=\"twitter:data1\" content=\"3 perc\" \/>\n<script type=\"application\/ld+json\" class=\"yoast-schema-graph\">{\"@context\":\"https:\/\/schema.org\",\"@graph\":[{\"@type\":\"WebPage\",\"@id\":\"https:\/\/poker-werbung.de\/hu\/\",\"url\":\"https:\/\/poker-werbung.de\/hu\/\",\"name\":\"Keress p\u00e9nzt p\u00f3ker affiliate marketinggel\",\"isPartOf\":{\"@id\":\"https:\/\/poker-werbung.de\/hu\/#website\"},\"datePublished\":\"2024-09-09T18:24:17+00:00\",\"breadcrumb\":{\"@id\":\"https:\/\/poker-werbung.de\/hu\/#breadcrumb\"},\"inLanguage\":\"hu\",\"potentialAction\":[{\"@type\":\"ReadAction\",\"target\":[\"https:\/\/poker-werbung.de\/hu\/\"]}]},{\"@type\":\"BreadcrumbList\",\"@id\":\"https:\/\/poker-werbung.de\/hu\/#breadcrumb\",\"itemListElement\":[{\"@type\":\"ListItem\",\"position\":1,\"name\":\"Home\",\"item\":\"https:\/\/poker-werbung.de\/hu\/\"},{\"@type\":\"ListItem\",\"position\":2,\"name\":\"Otthon\"}]},{\"@type\":\"WebSite\",\"@id\":\"https:\/\/poker-werbung.de\/hu\/#website\",\"url\":\"https:\/\/poker-werbung.de\/hu\/\",\"name\":\"\",\"description\":\"\",\"potentialAction\":[{\"@type\":\"SearchAction\",\"target\":{\"@type\":\"EntryPoint\",\"urlTemplate\":\"https:\/\/poker-werbung.de\/hu\/?s={search_term_string}\"},\"query-input\":{\"@type\":\"PropertyValueSpecification\",\"valueRequired\":true,\"valueName\":\"search_term_string\"}}],\"inLanguage\":\"hu\"}]}<\/script>\n<!-- \/ Yoast SEO plugin. -->","yoast_head_json":{"title":"Keress p\u00e9nzt p\u00f3ker affiliate marketinggel","robots":{"index":"index","follow":"follow","max-snippet":"max-snippet:-1","max-image-preview":"max-image-preview:large","max-video-preview":"max-video-preview:-1"},"canonical":"https:\/\/poker-werbung.de\/hu\/","og_locale":"hu_HU","og_type":"article","og_title":"Keress p\u00e9nzt p\u00f3ker affiliate marketinggel","og_description":"A p\u00f3ker affiliate marketing a j\u00e1t\u00e9kosok p\u00f3kertermekbe val\u00f3 toborz\u00e1s\u00e1t vagy marketingj\u00e9t jelenti. A p\u00f3ker affiliate olyan szem\u00e9ly, aki \u00faj j\u00e1t\u00e9kosokat toboroz egy vagy t\u00f6bb p\u00f3kerterembe. Cser\u00e9be a p\u00f3kerterem fizet nekik. Egyszer\u0171en hangzik, \u00e9s az is. \u00c9s b\u00e1rki r\u00e9szt vehet! Azonban viszonylag k\u00f6nny\u0171 \u00faj j\u00e1t\u00e9kosokat toborozni a saj\u00e1t bar\u00e1ti k\u00f6r\u00f6db\u0151l a kedvenc p\u00f3kertermedbe. A termeknek erre [&hellip;]","og_url":"https:\/\/poker-werbung.de\/hu\/","twitter_card":"summary_large_image","twitter_misc":{"Becs\u00fclt olvas\u00e1si id\u0151":"3 perc"},"schema":{"@context":"https:\/\/schema.org","@graph":[{"@type":"WebPage","@id":"https:\/\/poker-werbung.de\/hu\/","url":"https:\/\/poker-werbung.de\/hu\/","name":"Keress p\u00e9nzt p\u00f3ker affiliate marketinggel","isPartOf":{"@id":"https:\/\/poker-werbung.de\/hu\/#website"},"datePublished":"2024-09-09T18:24:17+00:00","breadcrumb":{"@id":"https:\/\/poker-werbung.de\/hu\/#breadcrumb"},"inLanguage":"hu","potentialAction":[{"@type":"ReadAction","target":["https:\/\/poker-werbung.de\/hu\/"]}]},{"@type":"BreadcrumbList","@id":"https:\/\/poker-werbung.de\/hu\/#breadcrumb","itemListElement":[{"@type":"ListItem","position":1,"name":"Home","item":"https:\/\/poker-werbung.de\/hu\/"},{"@type":"ListItem","position":2,"name":"Otthon"}]},{"@type":"WebSite","@id":"https:\/\/poker-werbung.de\/hu\/#website","url":"https:\/\/poker-werbung.de\/hu\/","name":"","description":"","potentialAction":[{"@type":"SearchAction","target":{"@type":"EntryPoint","urlTemplate":"https:\/\/poker-werbung.de\/hu\/?s={search_term_string}"},"query-input":{"@type":"PropertyValueSpecification","valueRequired":true,"valueName":"search_term_string"}}],"inLanguage":"hu"}]}},"_links":{"self":[{"href":"https:\/\/poker-werbung.de\/hu\/wp-json\/wp\/v2\/pages\/526","targetHints":{"allow":["GET"]}}],"collection":[{"href":"https:\/\/poker-werbung.de\/hu\/wp-json\/wp\/v2\/pages"}],"about":[{"href":"https:\/\/poker-werbung.de\/hu\/wp-json\/wp\/v2\/types\/page"}],"author":[{"embeddable":true,"href":"https:\/\/poker-werbung.de\/hu\/wp-json\/wp\/v2\/users\/1"}],"replies":[{"embeddable":true,"href":"https:\/\/poker-werbung.de\/hu\/wp-json\/wp\/v2\/comments?post=526"}],"version-history":[{"count":0,"href":"https:\/\/poker-werbung.de\/hu\/wp-json\/wp\/v2\/pages\/526\/revisions"}],"wp:attachment":[{"href":"https:\/\/poker-werbung.de\/hu\/wp-json\/wp\/v2\/media?parent=526"}],"curies":[{"name":"wp","href":"https:\/\/api.w.org\/{rel}","templated":true}]}}