{"id":518,"date":"2024-09-09T19:24:17","date_gmt":"2024-09-09T18:24:17","guid":{"rendered":"https:\/\/poker-werbung.de\/home\/"},"modified":"2024-09-09T19:24:17","modified_gmt":"2024-09-09T18:24:17","slug":"home","status":"publish","type":"page","link":"https:\/\/poker-werbung.de\/hr\/","title":{"rendered":"Home"},"content":{"rendered":"<p>Poker affiliate marketing odnosi se na marketing ili regrutiranje igra\u010da za poker sobe. Poker affiliate je netko tko regrutira nove igra\u010de za jednu ili vi\u0161e poker soba. Zauzvrat, poker soba ih pla\u0107a. Zvu\u010di jednostavno i jest. I svatko mo\u017ee sudjelovati! Me\u0111utim, relativno je lako regrutirati neke nove igra\u010de iz vlastitog kruga prijatelja za va\u0161u omiljenu poker sobu. Sobe imaju vlastite programe &#8220;preporu\u010di prijatelja&#8221; u tu svrhu.<\/p>\n<p>Me\u0111utim, poker affiliate program je ne\u0161to sasvim drugo; to je sustavni marketin\u0161ki alat koji nudi poker soba. Uspje\u0161ni affiliate partneri redovito regrutiraju veliki broj novih igra\u010da putem vlastitih web stranica i od toga mogu \u017eivjeti; najbolji poker affiliate partneri na svijetu zara\u0111uju \u0161esteroznamenkaste provizije svaki mjesec. Me\u0111utim, postizanje toga zahtijeva rad, plan i specijalizirano znanje &#8211; a sve to dobivate besplatno od nas!<\/p>\n<h2>Tko smo mi<\/h2>\n<p>Mi smo mala grupa iskusnih poker affiliate partnera koji su zapo\u010deli kao pojedinci, a sada su udru\u017eili snage kako bi se me\u0111usobno podr\u017eavali i dijelili svoja iskustva s novim poker affiliate partnerima.<\/p>\n<p>Poker marketing (ogla\u0161avanje, affiliate) obi\u010dno se odvija online putem va\u0161e vlastite poker web stranice. Ali \u010dak i oni koji nemaju vlastitu poker web stranicu mogu zaraditi novac kao poker affiliate ogla\u0161avanjem offline koriste\u0107i poker bonus kodove. Postoji mnogo na\u010dina za to, a mi imamo i savjete za to. Naravno, mo\u017eete (i trebali biste) raditi oboje paralelno ako je mogu\u0107e. Poker affiliate je izuzetno uzbudljiva i unosna aktivnost, gotovo kao i sam poker.<\/p>\n<p>Nakon \u0161to je va\u0161a vlastita poker web stranica postavljena i uspje\u0161no rangirana na Googleu putem SEO-a (optimizacije za tra\u017eilice), vrijeme potrebno kasnije je relativno minimalno, a mo\u017eete zaraditi dobar novac uz malo truda. Poker affiliate je idealan za pokretanje posla kao sporednog posla, ali mnogi ljudi su zapo\u010deli s ogla\u0161avanjem pokera kao sporednim poslom, a kasnije su to pretvorili u svoj glavni posao.<\/p>\n<p>Ako nemate pojma kako izraditi web stranicu, ne o\u010dajavajte. Pokazat \u0107emo vam korak po korak kako to u\u010diniti na na\u0161em forumu (\u010dak i bez znanja HTML-a). I u na\u0161oj zajednici ima dovoljno ljudi koji vam mogu pomo\u0107i sve do gotove web stranice koju samo trebate ispuniti sadr\u017eajem. \u010cak ni posebno dobro poznavanje poker strategije nije potrebno \u2013 poker stranica ne mora nu\u017eno nuditi sadr\u017eaj za poker obuku, ali mo\u017ee pokriti bilo koji aspekt pokera.<\/p>\n<h2>Koji je va\u0161 cilj i kako ga posti\u017eete?<\/h2>\n<p>Cilj je omogu\u0107iti vam da zaradite novac online ili offline marketingom i ogla\u0161avanjem za poker sobe.<\/strong> Pru\u017eit \u0107emo vam svo znanje koje vam je potrebno za postizanje ovog cilja. Informacije za po\u010detak dostupne su ovdje na web stranici.<\/p>\n<h2>\u0160to mi dobivamo od toga?<\/h2>\n<p>Jednostavno je: dobivamo proviziju kada regrutiramo nove partnere za poker sobe, pod uvjetom da ostvare prihod. To vas ni\u0161ta ne ko\u0161ta, a nama se isplati samo ako ste uspje\u0161ni, jer mi primamo samo mali postotak va\u0161eg prihoda. Stoga smo prirodno motivirani da vam pomognemo u napretku i podr\u017eimo vas.<\/p>\n","protected":false},"excerpt":{"rendered":"<p>Poker affiliate marketing odnosi se na marketing ili regrutiranje igra\u010da za poker sobe. Poker affiliate je netko tko regrutira nove igra\u010de za jednu ili vi\u0161e poker soba. Zauzvrat, poker soba ih pla\u0107a. Zvu\u010di jednostavno i jest. I svatko mo\u017ee sudjelovati! Me\u0111utim, relativno je lako regrutirati neke nove igra\u010de iz vlastitog kruga prijatelja za va\u0161u omiljenu [&hellip;]<\/p>\n","protected":false},"author":1,"featured_media":0,"parent":0,"menu_order":0,"comment_status":"closed","ping_status":"closed","template":"","meta":{"footnotes":""},"class_list":["post-518","page","type-page","status-publish","hentry"],"yoast_head":"<!-- This site is optimized with the Yoast SEO plugin v25.9 - https:\/\/yoast.com\/wordpress\/plugins\/seo\/ -->\n<title>Zaradite novac uz affiliate marketing u pokeru<\/title>\n<meta name=\"robots\" content=\"index, follow, max-snippet:-1, max-image-preview:large, max-video-preview:-1\" \/>\n<link rel=\"canonical\" href=\"https:\/\/poker-werbung.de\/hr\/\" \/>\n<meta property=\"og:locale\" content=\"hr_HR\" \/>\n<meta property=\"og:type\" content=\"article\" \/>\n<meta property=\"og:title\" content=\"Zaradite novac uz affiliate marketing u pokeru\" \/>\n<meta property=\"og:description\" content=\"Poker affiliate marketing odnosi se na marketing ili regrutiranje igra\u010da za poker sobe. Poker affiliate je netko tko regrutira nove igra\u010de za jednu ili vi\u0161e poker soba. Zauzvrat, poker soba ih pla\u0107a. Zvu\u010di jednostavno i jest. I svatko mo\u017ee sudjelovati! Me\u0111utim, relativno je lako regrutirati neke nove igra\u010de iz vlastitog kruga prijatelja za va\u0161u omiljenu [&hellip;]\" \/>\n<meta property=\"og:url\" content=\"https:\/\/poker-werbung.de\/hr\/\" \/>\n<meta name=\"twitter:card\" content=\"summary_large_image\" \/>\n<meta name=\"twitter:label1\" content=\"Procijenjeno vrijeme \u010ditanja\" \/>\n\t<meta name=\"twitter:data1\" content=\"3 minute\" \/>\n<script type=\"application\/ld+json\" class=\"yoast-schema-graph\">{\"@context\":\"https:\/\/schema.org\",\"@graph\":[{\"@type\":\"WebPage\",\"@id\":\"https:\/\/poker-werbung.de\/hr\/\",\"url\":\"https:\/\/poker-werbung.de\/hr\/\",\"name\":\"Zaradite novac uz affiliate marketing u pokeru\",\"isPartOf\":{\"@id\":\"https:\/\/poker-werbung.de\/hr\/#website\"},\"datePublished\":\"2024-09-09T18:24:17+00:00\",\"breadcrumb\":{\"@id\":\"https:\/\/poker-werbung.de\/hr\/#breadcrumb\"},\"inLanguage\":\"hr\",\"potentialAction\":[{\"@type\":\"ReadAction\",\"target\":[\"https:\/\/poker-werbung.de\/hr\/\"]}]},{\"@type\":\"BreadcrumbList\",\"@id\":\"https:\/\/poker-werbung.de\/hr\/#breadcrumb\",\"itemListElement\":[{\"@type\":\"ListItem\",\"position\":1,\"name\":\"Home\",\"item\":\"https:\/\/poker-werbung.de\/hr\/\"},{\"@type\":\"ListItem\",\"position\":2,\"name\":\"Home\"}]},{\"@type\":\"WebSite\",\"@id\":\"https:\/\/poker-werbung.de\/hr\/#website\",\"url\":\"https:\/\/poker-werbung.de\/hr\/\",\"name\":\"\",\"description\":\"\",\"potentialAction\":[{\"@type\":\"SearchAction\",\"target\":{\"@type\":\"EntryPoint\",\"urlTemplate\":\"https:\/\/poker-werbung.de\/hr\/?s={search_term_string}\"},\"query-input\":{\"@type\":\"PropertyValueSpecification\",\"valueRequired\":true,\"valueName\":\"search_term_string\"}}],\"inLanguage\":\"hr\"}]}<\/script>\n<!-- \/ Yoast SEO plugin. -->","yoast_head_json":{"title":"Zaradite novac uz affiliate marketing u pokeru","robots":{"index":"index","follow":"follow","max-snippet":"max-snippet:-1","max-image-preview":"max-image-preview:large","max-video-preview":"max-video-preview:-1"},"canonical":"https:\/\/poker-werbung.de\/hr\/","og_locale":"hr_HR","og_type":"article","og_title":"Zaradite novac uz affiliate marketing u pokeru","og_description":"Poker affiliate marketing odnosi se na marketing ili regrutiranje igra\u010da za poker sobe. Poker affiliate je netko tko regrutira nove igra\u010de za jednu ili vi\u0161e poker soba. Zauzvrat, poker soba ih pla\u0107a. Zvu\u010di jednostavno i jest. I svatko mo\u017ee sudjelovati! Me\u0111utim, relativno je lako regrutirati neke nove igra\u010de iz vlastitog kruga prijatelja za va\u0161u omiljenu [&hellip;]","og_url":"https:\/\/poker-werbung.de\/hr\/","twitter_card":"summary_large_image","twitter_misc":{"Procijenjeno vrijeme \u010ditanja":"3 minute"},"schema":{"@context":"https:\/\/schema.org","@graph":[{"@type":"WebPage","@id":"https:\/\/poker-werbung.de\/hr\/","url":"https:\/\/poker-werbung.de\/hr\/","name":"Zaradite novac uz affiliate marketing u pokeru","isPartOf":{"@id":"https:\/\/poker-werbung.de\/hr\/#website"},"datePublished":"2024-09-09T18:24:17+00:00","breadcrumb":{"@id":"https:\/\/poker-werbung.de\/hr\/#breadcrumb"},"inLanguage":"hr","potentialAction":[{"@type":"ReadAction","target":["https:\/\/poker-werbung.de\/hr\/"]}]},{"@type":"BreadcrumbList","@id":"https:\/\/poker-werbung.de\/hr\/#breadcrumb","itemListElement":[{"@type":"ListItem","position":1,"name":"Home","item":"https:\/\/poker-werbung.de\/hr\/"},{"@type":"ListItem","position":2,"name":"Home"}]},{"@type":"WebSite","@id":"https:\/\/poker-werbung.de\/hr\/#website","url":"https:\/\/poker-werbung.de\/hr\/","name":"","description":"","potentialAction":[{"@type":"SearchAction","target":{"@type":"EntryPoint","urlTemplate":"https:\/\/poker-werbung.de\/hr\/?s={search_term_string}"},"query-input":{"@type":"PropertyValueSpecification","valueRequired":true,"valueName":"search_term_string"}}],"inLanguage":"hr"}]}},"_links":{"self":[{"href":"https:\/\/poker-werbung.de\/hr\/wp-json\/wp\/v2\/pages\/518","targetHints":{"allow":["GET"]}}],"collection":[{"href":"https:\/\/poker-werbung.de\/hr\/wp-json\/wp\/v2\/pages"}],"about":[{"href":"https:\/\/poker-werbung.de\/hr\/wp-json\/wp\/v2\/types\/page"}],"author":[{"embeddable":true,"href":"https:\/\/poker-werbung.de\/hr\/wp-json\/wp\/v2\/users\/1"}],"replies":[{"embeddable":true,"href":"https:\/\/poker-werbung.de\/hr\/wp-json\/wp\/v2\/comments?post=518"}],"version-history":[{"count":0,"href":"https:\/\/poker-werbung.de\/hr\/wp-json\/wp\/v2\/pages\/518\/revisions"}],"wp:attachment":[{"href":"https:\/\/poker-werbung.de\/hr\/wp-json\/wp\/v2\/media?parent=518"}],"curies":[{"name":"wp","href":"https:\/\/api.w.org\/{rel}","templated":true}]}}