{"id":151,"date":"2024-09-09T19:24:17","date_gmt":"2024-09-09T18:24:17","guid":{"rendered":"https:\/\/poker-werbung.de\/maison\/"},"modified":"2025-08-24T06:44:32","modified_gmt":"2025-08-24T05:44:32","slug":"maison","status":"publish","type":"page","link":"https:\/\/poker-werbung.de\/fr\/","title":{"rendered":"Maison"},"content":{"rendered":"<p><strong>Le marketing d&rsquo;affiliation au poker est le marketing ou la publicit\u00e9 des joueurs pour les salles de poker<\/strong>. Un affili\u00e9 de poker est une personne qui recrute de nouveaux joueurs dans une ou plusieurs salles de poker. En \u00e9change, il est pay\u00e9 par la salle de poker. Cela semble simple, et \u00e7a l\u2019est. Et tout le monde peut participer ! Cependant, il est relativement facile de recruter de nouveaux joueurs pour votre salle de poker pr\u00e9f\u00e9r\u00e9e parmi votre propre cercle d&rsquo;amis. \u00c0 cet effet, les salles disposent de leurs propres programmes dits \u00ab\u00a0Recommander un ami\u00a0\u00bb.<\/p>\n<p>Un <strong>programme d&rsquo;affiliation de poker<\/strong> est quelque chose de compl\u00e8tement diff\u00e9rent, \u00e0 savoir un outil de marketing syst\u00e9matique propos\u00e9 par la salle de poker. Les affili\u00e9s qui r\u00e9ussissent recrutent r\u00e9guli\u00e8rement un grand nombre de nouveaux joueurs via leurs propres sites Web et peuvent en vivre\u00a0; les meilleurs affili\u00e9s de poker au monde gagnent des commissions \u00e0 six chiffres chaque mois. Mais pour y parvenir, il faut du travail, un plan et des connaissances particuli\u00e8res &#8211; et vous obtenez tout cela gratuitement chez nous !<\/p>\n<p>Nous sommes un petit groupe d&rsquo;affili\u00e9s de poker exp\u00e9riment\u00e9s qui ont commenc\u00e9 en tant qu&rsquo;individus et qui ont maintenant uni leurs forces pour se soutenir mutuellement et transmettre leur exp\u00e9rience aux nouveaux affili\u00e9s de poker.<\/p>\n<p><strong>Le marketing du poker (publicit\u00e9, affiliation)<\/strong>\u00a0se d\u00e9roule principalement en ligne via un site Web de poker d\u00e9di\u00e9. Mais m\u00eame ceux qui n&rsquo;ont pas leur propre site Web de poker peuvent gagner de l&rsquo;argent en tant qu&rsquo;affili\u00e9 de poker en faisant de la publicit\u00e9 hors ligne \u00e0 l&rsquo;aide de codes bonus de poker. Il existe de nombreuses options pour cela, et nous avons \u00e9galement des conseils \u00e0 ce sujet. Bien s\u00fbr, vous pouvez (et devez) ex\u00e9cuter les deux en parall\u00e8le si possible.L&rsquo;affiliation au poker est une activit\u00e9 extr\u00eamement excitante et lucrative, presque comme le poker lui-m\u00eame.<\/p>\n<p>Une fois que votre propre site Web de poker a \u00e9t\u00e9 cr\u00e9\u00e9 et plac\u00e9 avec succ\u00e8s sur Google gr\u00e2ce au r\u00e9f\u00e9rencement (optimisation des moteurs de recherche), le temps n\u00e9cessaire par la suite est relativement court et vous pouvez gagner beaucoup d&rsquo;argent avec peu d&rsquo;efforts. L&rsquo;affiliation au poker est id\u00e9ale pour d\u00e9marrer une entreprise \u00e0 temps partiel, mais de nombreuses personnes ont commenc\u00e9 \u00e0 faire de la publicit\u00e9 pour le poker comme un travail secondaire et en ont ensuite fait leur travail principal.<\/p>\n<p>Si vous n\u2019avez aucune id\u00e9e de comment cr\u00e9er un site Web, ne d\u00e9sesp\u00e9rez pas. Nous vous montrerons \u00e9tape par \u00e9tape dans notre forum comment le faire (m\u00eame sans connaissances HTML). Et il y a suffisamment de personnes dans notre communaut\u00e9 qui peuvent vous aider, jusqu&rsquo;\u00e0 un site cl\u00e9 en main que vous n&rsquo;aurez plus qu&rsquo;\u00e0 remplir de contenu. Une connaissance particuli\u00e8rement bonne de la strat\u00e9gie du poker n&rsquo;est pas non plus requise &#8211; un site de poker n&rsquo;a pas n\u00e9cessairement besoin de contenu sur le coaching de poker, mais peut traiter de tous les aspects du poker.<\/p>\n<h2>Quel est votre objectif et comment l&rsquo;atteignez-vous\u00a0?<\/h2>\n<p>L&rsquo;objectif est de vous permettre de gagner de l&rsquo;argent gr\u00e2ce au marketing et \u00e0 la publicit\u00e9 en ligne ou hors ligne pour les salles de poker. Nous vous fournirons toutes les connaissances dont vous avez besoin pour atteindre cet objectif. Les informations introductives sont disponibles ici sur le site.<\/p>\n<h2>Qu&rsquo;est-ce que cela nous apporte\u00a0?<\/h2>\n<p>C&rsquo;est simple : nous recevons une commission lorsque nous recrutons de nouveaux affili\u00e9s pour les salles de poker, \u00e0 condition qu&rsquo;ils g\u00e9n\u00e8rent des revenus. Cela ne vous co\u00fbte rien et cela ne vaut la peine pour nous que si vous r\u00e9ussissez, car nous ne recevons qu&rsquo;un petit pourcentage de vos ventes &#8211; nous sommes donc naturellement motiv\u00e9s \u00e0 vous aider \u00e0 progresser et \u00e0 vous soutenir.<\/p>\n","protected":false},"excerpt":{"rendered":"<p>Le marketing d&rsquo;affiliation au poker est le marketing ou la publicit\u00e9 des joueurs pour les salles de poker. Un affili\u00e9 de poker est une personne qui recrute de nouveaux joueurs dans une ou plusieurs salles de poker. En \u00e9change, il est pay\u00e9 par la salle de poker. Cela semble simple, et \u00e7a l\u2019est. Et tout [&hellip;]<\/p>\n","protected":false},"author":1,"featured_media":0,"parent":0,"menu_order":0,"comment_status":"closed","ping_status":"closed","template":"","meta":{"footnotes":""},"class_list":["post-151","page","type-page","status-publish","hentry"],"yoast_head":"<!-- This site is optimized with the Yoast SEO plugin v25.9 - https:\/\/yoast.com\/wordpress\/plugins\/seo\/ -->\n<title>Gagnez de l&#039;argent avec le marketing d&#039;affiliation au poker<\/title>\n<meta name=\"robots\" content=\"index, follow, max-snippet:-1, max-image-preview:large, max-video-preview:-1\" \/>\n<link rel=\"canonical\" href=\"https:\/\/poker-werbung.de\/fr\/\" \/>\n<meta property=\"og:locale\" content=\"fr_FR\" \/>\n<meta property=\"og:type\" content=\"article\" \/>\n<meta property=\"og:title\" content=\"Gagnez de l&#039;argent avec le marketing d&#039;affiliation au poker\" \/>\n<meta property=\"og:description\" content=\"Le marketing d&rsquo;affiliation au poker est le marketing ou la publicit\u00e9 des joueurs pour les salles de poker. Un affili\u00e9 de poker est une personne qui recrute de nouveaux joueurs dans une ou plusieurs salles de poker. En \u00e9change, il est pay\u00e9 par la salle de poker. Cela semble simple, et \u00e7a l\u2019est. Et tout [&hellip;]\" \/>\n<meta property=\"og:url\" content=\"https:\/\/poker-werbung.de\/fr\/\" \/>\n<meta property=\"article:modified_time\" content=\"2025-08-24T05:44:32+00:00\" \/>\n<meta name=\"twitter:card\" content=\"summary_large_image\" \/>\n<meta name=\"twitter:label1\" content=\"Dur\u00e9e de lecture estim\u00e9e\" \/>\n\t<meta name=\"twitter:data1\" content=\"3 minutes\" \/>\n<script type=\"application\/ld+json\" class=\"yoast-schema-graph\">{\"@context\":\"https:\/\/schema.org\",\"@graph\":[{\"@type\":\"WebPage\",\"@id\":\"https:\/\/poker-werbung.de\/fr\/\",\"url\":\"https:\/\/poker-werbung.de\/fr\/\",\"name\":\"Gagnez de l'argent avec le marketing d'affiliation au poker\",\"isPartOf\":{\"@id\":\"https:\/\/poker-werbung.de\/fr\/#website\"},\"datePublished\":\"2024-09-09T18:24:17+00:00\",\"dateModified\":\"2025-08-24T05:44:32+00:00\",\"breadcrumb\":{\"@id\":\"https:\/\/poker-werbung.de\/fr\/#breadcrumb\"},\"inLanguage\":\"fr-FR\",\"potentialAction\":[{\"@type\":\"ReadAction\",\"target\":[\"https:\/\/poker-werbung.de\/fr\/\"]}]},{\"@type\":\"BreadcrumbList\",\"@id\":\"https:\/\/poker-werbung.de\/fr\/#breadcrumb\",\"itemListElement\":[{\"@type\":\"ListItem\",\"position\":1,\"name\":\"Home\",\"item\":\"https:\/\/poker-werbung.de\/fr\/\"},{\"@type\":\"ListItem\",\"position\":2,\"name\":\"Maison\"}]},{\"@type\":\"WebSite\",\"@id\":\"https:\/\/poker-werbung.de\/fr\/#website\",\"url\":\"https:\/\/poker-werbung.de\/fr\/\",\"name\":\"\",\"description\":\"\",\"potentialAction\":[{\"@type\":\"SearchAction\",\"target\":{\"@type\":\"EntryPoint\",\"urlTemplate\":\"https:\/\/poker-werbung.de\/fr\/?s={search_term_string}\"},\"query-input\":{\"@type\":\"PropertyValueSpecification\",\"valueRequired\":true,\"valueName\":\"search_term_string\"}}],\"inLanguage\":\"fr-FR\"}]}<\/script>\n<!-- \/ Yoast SEO plugin. -->","yoast_head_json":{"title":"Gagnez de l'argent avec le marketing d'affiliation au poker","robots":{"index":"index","follow":"follow","max-snippet":"max-snippet:-1","max-image-preview":"max-image-preview:large","max-video-preview":"max-video-preview:-1"},"canonical":"https:\/\/poker-werbung.de\/fr\/","og_locale":"fr_FR","og_type":"article","og_title":"Gagnez de l'argent avec le marketing d'affiliation au poker","og_description":"Le marketing d&rsquo;affiliation au poker est le marketing ou la publicit\u00e9 des joueurs pour les salles de poker. Un affili\u00e9 de poker est une personne qui recrute de nouveaux joueurs dans une ou plusieurs salles de poker. En \u00e9change, il est pay\u00e9 par la salle de poker. Cela semble simple, et \u00e7a l\u2019est. Et tout [&hellip;]","og_url":"https:\/\/poker-werbung.de\/fr\/","article_modified_time":"2025-08-24T05:44:32+00:00","twitter_card":"summary_large_image","twitter_misc":{"Dur\u00e9e de lecture estim\u00e9e":"3 minutes"},"schema":{"@context":"https:\/\/schema.org","@graph":[{"@type":"WebPage","@id":"https:\/\/poker-werbung.de\/fr\/","url":"https:\/\/poker-werbung.de\/fr\/","name":"Gagnez de l'argent avec le marketing d'affiliation au poker","isPartOf":{"@id":"https:\/\/poker-werbung.de\/fr\/#website"},"datePublished":"2024-09-09T18:24:17+00:00","dateModified":"2025-08-24T05:44:32+00:00","breadcrumb":{"@id":"https:\/\/poker-werbung.de\/fr\/#breadcrumb"},"inLanguage":"fr-FR","potentialAction":[{"@type":"ReadAction","target":["https:\/\/poker-werbung.de\/fr\/"]}]},{"@type":"BreadcrumbList","@id":"https:\/\/poker-werbung.de\/fr\/#breadcrumb","itemListElement":[{"@type":"ListItem","position":1,"name":"Home","item":"https:\/\/poker-werbung.de\/fr\/"},{"@type":"ListItem","position":2,"name":"Maison"}]},{"@type":"WebSite","@id":"https:\/\/poker-werbung.de\/fr\/#website","url":"https:\/\/poker-werbung.de\/fr\/","name":"","description":"","potentialAction":[{"@type":"SearchAction","target":{"@type":"EntryPoint","urlTemplate":"https:\/\/poker-werbung.de\/fr\/?s={search_term_string}"},"query-input":{"@type":"PropertyValueSpecification","valueRequired":true,"valueName":"search_term_string"}}],"inLanguage":"fr-FR"}]}},"_links":{"self":[{"href":"https:\/\/poker-werbung.de\/fr\/wp-json\/wp\/v2\/pages\/151","targetHints":{"allow":["GET"]}}],"collection":[{"href":"https:\/\/poker-werbung.de\/fr\/wp-json\/wp\/v2\/pages"}],"about":[{"href":"https:\/\/poker-werbung.de\/fr\/wp-json\/wp\/v2\/types\/page"}],"author":[{"embeddable":true,"href":"https:\/\/poker-werbung.de\/fr\/wp-json\/wp\/v2\/users\/1"}],"replies":[{"embeddable":true,"href":"https:\/\/poker-werbung.de\/fr\/wp-json\/wp\/v2\/comments?post=151"}],"version-history":[{"count":1,"href":"https:\/\/poker-werbung.de\/fr\/wp-json\/wp\/v2\/pages\/151\/revisions"}],"predecessor-version":[{"id":174,"href":"https:\/\/poker-werbung.de\/fr\/wp-json\/wp\/v2\/pages\/151\/revisions\/174"}],"wp:attachment":[{"href":"https:\/\/poker-werbung.de\/fr\/wp-json\/wp\/v2\/media?parent=151"}],"curies":[{"name":"wp","href":"https:\/\/api.w.org\/{rel}","templated":true}]}}