{"id":159,"date":"2024-09-09T19:24:17","date_gmt":"2024-09-09T18:24:17","guid":{"rendered":"https:\/\/poker-werbung.de\/kotiin\/"},"modified":"2025-08-24T06:43:54","modified_gmt":"2025-08-24T05:43:54","slug":"kotiin","status":"publish","type":"page","link":"https:\/\/poker-werbung.de\/fi\/","title":{"rendered":"Kotiin"},"content":{"rendered":"<p><strong>Pokerin kumppanuusmarkkinointi on pelaajien markkinointia tai mainostamista pokerihuoneille<\/strong>. Pokerikumppani on henkil\u00f6, joka rekrytoi uusia pelaajia yhteen tai useampaan pokerihuoneeseen. Vastineeksi pokerihuone maksaa h\u00e4nelle. Kuulostaa yksinkertaiselta, ja sit\u00e4 se onkin. Ja kaikki voivat osallistua! On kuitenkin suhteellisen helppoa rekrytoida uusia pelaajia suosikkipokerihuoneeseesi omasta yst\u00e4v\u00e4piirist\u00e4si. T\u00e4t\u00e4 tarkoitusta varten huoneissa on omat niin sanotut &#8221;Suosittele yst\u00e4v\u00e4lle&#8221; -ohjelmansa.<\/p>\n<p>**Pokerin kumppanuusohjelma** on jotain t\u00e4ysin erilaista, nimitt\u00e4in pokerihuoneen tarjoama systemaattinen markkinointity\u00f6kalu. Menestyneet yhteisty\u00f6kumppanit rekrytoivat s\u00e4\u00e4nn\u00f6llisesti suuria m\u00e4\u00e4ri\u00e4 uusia pelaajia omien verkkosivustojensa kautta ja voivat ansaita sill\u00e4 elantonsa; Maailman parhaat pokerikumppanit ansaitsevat kuusinumeroisia palkkioita joka kuukausi. Mutta t\u00e4m\u00e4n saavuttamiseksi tarvitaan ty\u00f6t\u00e4, ja tarvitaan my\u00f6s suunnitelmaa ja erityisosaamista &#8211; ja saat kaiken t\u00e4m\u00e4n meilt\u00e4 ilmaiseksi!<\/p>\n<p>Olemme pieni ryhm\u00e4 kokeneita pokerikumppaneita, jotka aloittivat yksil\u00f6in\u00e4 ja ovat nyt yhdist\u00e4neet voimansa tukeakseen toisiaan ja jakaakseen kokemustaan \u200b\u200buusille pokerikumppaneille.<\/p>\n<p><strong>Pokerin markkinointi (mainonta, kumppanuusmarkkinointi)<\/strong> tapahtuu enimm\u00e4kseen verkossa erillisen pokerisivuston kautta. Mutta jopa ne, joilla ei ole omaa pokerisivustoa, voivat ansaita rahaa pokerikumppanina mainostamalla offline-tilassa k\u00e4ytt\u00e4m\u00e4ll\u00e4 pokeribonuskoodeja. T\u00e4h\u00e4n on monia vaihtoehtoja, ja meill\u00e4 on my\u00f6s vinkkej\u00e4 t\u00e4h\u00e4n. Tietenkin voit (ja kannattaa) k\u00e4ytt\u00e4\u00e4 molempia rinnakkain, jos mahdollista.<strong>Pokerin kumppanuus<\/strong>\u00a0on \u00e4\u00e4rimm\u00e4isen j\u00e4nnitt\u00e4v\u00e4 ja tuottoisa harrastus, melkein kuin pokeri itse.<\/p>\n<p>Kun oma pokerisivustosi on perustettu ja sijoitettu onnistuneesti Googleen hakukoneoptimoinnin (SEO) avulla, my\u00f6hemmin tarvittava aika on suhteellisen lyhyt ja voit ansaita hyv\u00e4\u00e4 rahaa pienell\u00e4 vaivalla. Pokerikumppanina toimiminen on ihanteellinen aloittelijalle osa-aikaisena yrityksen\u00e4, mutta monet ihmiset ovat aloittaneet pokerimainonnan sivuty\u00f6n\u00e4 ja my\u00f6hemmin tehneet siit\u00e4 p\u00e4\u00e4ty\u00f6ns\u00e4.<\/p>\n<p>Jos sinulla ei ole aavistustakaan siit\u00e4, miten verkkosivusto rakennetaan, ei ole syyt\u00e4 ep\u00e4toivoon. N\u00e4yt\u00e4mme foorumillamme askel askeleelta, miten se tehd\u00e4\u00e4n (my\u00f6s ilman HTML-osaamista). Ja yhteis\u00f6ss\u00e4mme on tarpeeksi ihmisi\u00e4, jotka voivat auttaa sinua aina k\u00e4ytt\u00f6valmiin sivuston luomiseen asti, joka sinun tarvitsee vain t\u00e4ytt\u00e4\u00e4 sis\u00e4ll\u00f6ll\u00e4. Erityisen hyv\u00e4\u00e4 pokeristrategian tuntemusta ei my\u00f6sk\u00e4\u00e4n vaadita \u2013 pokerisivustolla ei v\u00e4ltt\u00e4m\u00e4tt\u00e4 tarvitse olla sis\u00e4lt\u00f6\u00e4 pokerivalmennuksesta, mutta se voi k\u00e4sitell\u00e4 kaikkia pokerin osa-alueita.<\/p>\n<h2>Mik\u00e4 on tavoitteesi ja miten saavutat sen?<\/h2>\n<p>Tavoitteena on auttaa sinua ansaitsemaan rahaa pokerihuoneiden online- tai offline-markkinoinnin ja mainonnan kautta. Tarjoamme sinulle kaiken tarvittavan tiedon t\u00e4m\u00e4n tavoitteen saavuttamiseksi. Johdantotiedot l\u00f6ytyv\u00e4t t\u00e4\u00e4lt\u00e4 verkkosivuilta.<\/p>\n<h2>Mit\u00e4 me t\u00e4st\u00e4 hy\u00f6dymme?<\/h2>\n<p>Se on yksinkertaista \u2013 saamme palkkion, kun rekrytoimme uusia kumppaneita pokerihuoneille \u2013 edellytt\u00e4en, ett\u00e4 he tuottavat tuloja. Se ei maksa sinulle mit\u00e4\u00e4n, ja se on meille vaivan arvoista vain, jos onnistut, koska saamme vain pienen prosenttiosuuden myynnist\u00e4si \u2013 joten olemme luonnollisesti motivoituneita auttamaan sinua kehittym\u00e4\u00e4n ja tukemaan sinua.<\/p>\n","protected":false},"excerpt":{"rendered":"<p>Pokerin kumppanuusmarkkinointi on pelaajien markkinointia tai mainostamista pokerihuoneille. Pokerikumppani on henkil\u00f6, joka rekrytoi uusia pelaajia yhteen tai useampaan pokerihuoneeseen. Vastineeksi pokerihuone maksaa h\u00e4nelle. Kuulostaa yksinkertaiselta, ja sit\u00e4 se onkin. Ja kaikki voivat osallistua! On kuitenkin suhteellisen helppoa rekrytoida uusia pelaajia suosikkipokerihuoneeseesi omasta yst\u00e4v\u00e4piirist\u00e4si. T\u00e4t\u00e4 tarkoitusta varten huoneissa on omat niin sanotut &#8221;Suosittele yst\u00e4v\u00e4lle&#8221; -ohjelmansa. **Pokerin [&hellip;]<\/p>\n","protected":false},"author":1,"featured_media":0,"parent":0,"menu_order":0,"comment_status":"closed","ping_status":"closed","template":"","meta":{"footnotes":""},"class_list":["post-159","page","type-page","status-publish","hentry"],"yoast_head":"<!-- This site is optimized with the Yoast SEO plugin v25.9 - https:\/\/yoast.com\/wordpress\/plugins\/seo\/ -->\n<title>Tienaa rahaa pokerin affiliate-markkinoinnilla<\/title>\n<meta name=\"robots\" content=\"index, follow, max-snippet:-1, max-image-preview:large, max-video-preview:-1\" \/>\n<link rel=\"canonical\" href=\"https:\/\/poker-werbung.de\/fi\/\" \/>\n<meta property=\"og:locale\" content=\"fi_FI\" \/>\n<meta property=\"og:type\" content=\"article\" \/>\n<meta property=\"og:title\" content=\"Tienaa rahaa pokerin affiliate-markkinoinnilla\" \/>\n<meta property=\"og:description\" content=\"Pokerin kumppanuusmarkkinointi on pelaajien markkinointia tai mainostamista pokerihuoneille. Pokerikumppani on henkil\u00f6, joka rekrytoi uusia pelaajia yhteen tai useampaan pokerihuoneeseen. Vastineeksi pokerihuone maksaa h\u00e4nelle. Kuulostaa yksinkertaiselta, ja sit\u00e4 se onkin. Ja kaikki voivat osallistua! On kuitenkin suhteellisen helppoa rekrytoida uusia pelaajia suosikkipokerihuoneeseesi omasta yst\u00e4v\u00e4piirist\u00e4si. T\u00e4t\u00e4 tarkoitusta varten huoneissa on omat niin sanotut &#8221;Suosittele yst\u00e4v\u00e4lle&#8221; -ohjelmansa. **Pokerin [&hellip;]\" \/>\n<meta property=\"og:url\" content=\"https:\/\/poker-werbung.de\/fi\/\" \/>\n<meta property=\"article:modified_time\" content=\"2025-08-24T05:43:54+00:00\" \/>\n<meta name=\"twitter:card\" content=\"summary_large_image\" \/>\n<meta name=\"twitter:label1\" content=\"Arvioitu lukuaika\" \/>\n\t<meta name=\"twitter:data1\" content=\"2 minuuttia\" \/>\n<script type=\"application\/ld+json\" class=\"yoast-schema-graph\">{\"@context\":\"https:\/\/schema.org\",\"@graph\":[{\"@type\":\"WebPage\",\"@id\":\"https:\/\/poker-werbung.de\/fi\/\",\"url\":\"https:\/\/poker-werbung.de\/fi\/\",\"name\":\"Tienaa rahaa pokerin affiliate-markkinoinnilla\",\"isPartOf\":{\"@id\":\"https:\/\/poker-werbung.de\/fi\/#website\"},\"datePublished\":\"2024-09-09T18:24:17+00:00\",\"dateModified\":\"2025-08-24T05:43:54+00:00\",\"breadcrumb\":{\"@id\":\"https:\/\/poker-werbung.de\/fi\/#breadcrumb\"},\"inLanguage\":\"fi\",\"potentialAction\":[{\"@type\":\"ReadAction\",\"target\":[\"https:\/\/poker-werbung.de\/fi\/\"]}]},{\"@type\":\"BreadcrumbList\",\"@id\":\"https:\/\/poker-werbung.de\/fi\/#breadcrumb\",\"itemListElement\":[{\"@type\":\"ListItem\",\"position\":1,\"name\":\"Home\",\"item\":\"https:\/\/poker-werbung.de\/fi\/\"},{\"@type\":\"ListItem\",\"position\":2,\"name\":\"Kotiin\"}]},{\"@type\":\"WebSite\",\"@id\":\"https:\/\/poker-werbung.de\/fi\/#website\",\"url\":\"https:\/\/poker-werbung.de\/fi\/\",\"name\":\"\",\"description\":\"\",\"potentialAction\":[{\"@type\":\"SearchAction\",\"target\":{\"@type\":\"EntryPoint\",\"urlTemplate\":\"https:\/\/poker-werbung.de\/fi\/?s={search_term_string}\"},\"query-input\":{\"@type\":\"PropertyValueSpecification\",\"valueRequired\":true,\"valueName\":\"search_term_string\"}}],\"inLanguage\":\"fi\"}]}<\/script>\n<!-- \/ Yoast SEO plugin. -->","yoast_head_json":{"title":"Tienaa rahaa pokerin affiliate-markkinoinnilla","robots":{"index":"index","follow":"follow","max-snippet":"max-snippet:-1","max-image-preview":"max-image-preview:large","max-video-preview":"max-video-preview:-1"},"canonical":"https:\/\/poker-werbung.de\/fi\/","og_locale":"fi_FI","og_type":"article","og_title":"Tienaa rahaa pokerin affiliate-markkinoinnilla","og_description":"Pokerin kumppanuusmarkkinointi on pelaajien markkinointia tai mainostamista pokerihuoneille. Pokerikumppani on henkil\u00f6, joka rekrytoi uusia pelaajia yhteen tai useampaan pokerihuoneeseen. Vastineeksi pokerihuone maksaa h\u00e4nelle. Kuulostaa yksinkertaiselta, ja sit\u00e4 se onkin. Ja kaikki voivat osallistua! On kuitenkin suhteellisen helppoa rekrytoida uusia pelaajia suosikkipokerihuoneeseesi omasta yst\u00e4v\u00e4piirist\u00e4si. T\u00e4t\u00e4 tarkoitusta varten huoneissa on omat niin sanotut &#8221;Suosittele yst\u00e4v\u00e4lle&#8221; -ohjelmansa. **Pokerin [&hellip;]","og_url":"https:\/\/poker-werbung.de\/fi\/","article_modified_time":"2025-08-24T05:43:54+00:00","twitter_card":"summary_large_image","twitter_misc":{"Arvioitu lukuaika":"2 minuuttia"},"schema":{"@context":"https:\/\/schema.org","@graph":[{"@type":"WebPage","@id":"https:\/\/poker-werbung.de\/fi\/","url":"https:\/\/poker-werbung.de\/fi\/","name":"Tienaa rahaa pokerin affiliate-markkinoinnilla","isPartOf":{"@id":"https:\/\/poker-werbung.de\/fi\/#website"},"datePublished":"2024-09-09T18:24:17+00:00","dateModified":"2025-08-24T05:43:54+00:00","breadcrumb":{"@id":"https:\/\/poker-werbung.de\/fi\/#breadcrumb"},"inLanguage":"fi","potentialAction":[{"@type":"ReadAction","target":["https:\/\/poker-werbung.de\/fi\/"]}]},{"@type":"BreadcrumbList","@id":"https:\/\/poker-werbung.de\/fi\/#breadcrumb","itemListElement":[{"@type":"ListItem","position":1,"name":"Home","item":"https:\/\/poker-werbung.de\/fi\/"},{"@type":"ListItem","position":2,"name":"Kotiin"}]},{"@type":"WebSite","@id":"https:\/\/poker-werbung.de\/fi\/#website","url":"https:\/\/poker-werbung.de\/fi\/","name":"","description":"","potentialAction":[{"@type":"SearchAction","target":{"@type":"EntryPoint","urlTemplate":"https:\/\/poker-werbung.de\/fi\/?s={search_term_string}"},"query-input":{"@type":"PropertyValueSpecification","valueRequired":true,"valueName":"search_term_string"}}],"inLanguage":"fi"}]}},"_links":{"self":[{"href":"https:\/\/poker-werbung.de\/fi\/wp-json\/wp\/v2\/pages\/159","targetHints":{"allow":["GET"]}}],"collection":[{"href":"https:\/\/poker-werbung.de\/fi\/wp-json\/wp\/v2\/pages"}],"about":[{"href":"https:\/\/poker-werbung.de\/fi\/wp-json\/wp\/v2\/types\/page"}],"author":[{"embeddable":true,"href":"https:\/\/poker-werbung.de\/fi\/wp-json\/wp\/v2\/users\/1"}],"replies":[{"embeddable":true,"href":"https:\/\/poker-werbung.de\/fi\/wp-json\/wp\/v2\/comments?post=159"}],"version-history":[{"count":1,"href":"https:\/\/poker-werbung.de\/fi\/wp-json\/wp\/v2\/pages\/159\/revisions"}],"predecessor-version":[{"id":173,"href":"https:\/\/poker-werbung.de\/fi\/wp-json\/wp\/v2\/pages\/159\/revisions\/173"}],"wp:attachment":[{"href":"https:\/\/poker-werbung.de\/fi\/wp-json\/wp\/v2\/media?parent=159"}],"curies":[{"name":"wp","href":"https:\/\/api.w.org\/{rel}","templated":true}]}}