{"id":516,"date":"2024-09-09T19:24:17","date_gmt":"2024-09-09T18:24:17","guid":{"rendered":"https:\/\/poker-werbung.de\/avaleht\/"},"modified":"2024-09-09T19:24:17","modified_gmt":"2024-09-09T18:24:17","slug":"avaleht","status":"publish","type":"page","link":"https:\/\/poker-werbung.de\/et\/","title":{"rendered":"Avaleht"},"content":{"rendered":"<p>Pokkeri partnerlusprogramm viitab m\u00e4ngijate turundamisele v\u00f5i v\u00e4rbamisele pokkeritubadesse. Pokkeri partner on keegi, kes v\u00e4rbab uusi m\u00e4ngijaid \u00fchte v\u00f5i mitmesse pokkerituppa. Vastutasuks maksab pokkerituba neile. See k\u00f5lab lihtsalt ja see ongi nii. Ja iga\u00fcks saab osaleda! Siiski on suhteliselt lihtne v\u00e4rvata uusi m\u00e4ngijaid oma s\u00f5pruskonnast oma lemmikpokkerituppa. Selleks on tubadel oma &#8220;soovita s\u00f5brale&#8221; programmid.<\/p>\n<p>Pokkeri partnerlusprogramm on aga midagi t\u00e4iesti erinevat; see on pokkeritoa pakutav s\u00fcstemaatiline turundusvahend. Edukad partnerid v\u00e4rbavad regulaarselt oma veebisaitide kaudu suurt hulka uusi m\u00e4ngijaid ja saavad sellega elatist teenida; maailma parimad pokkeripartnerid teenivad iga kuu kuuekohalisi komisjonitasusid. Selle saavutamiseks on aga vaja t\u00f6\u00f6d, plaani ja erialaseid teadmisi \u2013 ja te saate selle k\u00f5ik meilt tasuta!<\/p>\n<h2>Kes me oleme<\/h2>\n<p>Oleme v\u00e4ike grupp kogenud pokkeripartnereid, kes alustasid \u00fcksikisikutena ja on n\u00fc\u00fcd \u00fchendanud j\u00f5ud, et \u00fcksteist toetada ja jagada oma kogemusi uute pokkeripartneritega.<\/p>\n<p>Pokkeriturundus (reklaam, partnerlus) toimub tavaliselt veebis teie enda pokkeriveebisaidi kaudu. Kuid isegi need, kellel pole oma pokkeriveebisaiti, saavad pokkeripartnerina raha teenida, reklaamides seda v\u00f5rgu\u00fchenduseta, kasutades pokkeri boonuskoode. Selleks on palju v\u00f5imalusi ja meil on ka selleks n\u00e4pun\u00e4iteid. Loomulikult saate (ja peaksite) tegema m\u00f5lemat paralleelselt, kui v\u00f5imalik. Pokkeripartnerlus on \u00e4\u00e4rmiselt p\u00f5nev ja tulus tegevus, peaaegu nagu pokker ise.<\/p>\n<p>Kui teie enda pokkeriveebisait on loodud ja otsingumootorite optimeerimise (SEO) abil Google&#8217;is edukalt reastatud, on hiljem kuluv aeg suhteliselt minimaalne ja saate v\u00e4hese vaevaga head raha teenida. Pokkeripartnerlus on ideaalne ettev\u00f5tte alustamiseks k\u00f5rvaltegevusena, kuid paljud inimesed on alustanud pokkerireklaami k\u00f5rvaltegevusena ja hiljem muutnud selle oma p\u00f5hit\u00f6\u00f6ks.<\/p>\n<p>Kui teil pole aimugi, kuidas veebisaiti luua, \u00e4rge heitke meelt. N\u00e4itame teile samm-sammult, kuidas seda teha meie foorumis (isegi ilma HTML-teadmisteta). Ja meie kogukonnas on piisavalt inimesi, kes saavad teid aidata kuni v\u00f5tmed k\u00e4tte saidini, mille peate vaid sisuga t\u00e4itma. Isegi eriti head pokkeristrateegiate tundmine pole vajalik \u2013 pokkerileht ei pea tingimata pakkuma pokkerikoolituse sisu, vaid v\u00f5ib h\u00f5lmata mis tahes pokkeri aspekti.<\/p>\n<h2>Mis on teie eesm\u00e4rk ja kuidas te selle saavutate?<\/h2>\n<p>Eesm\u00e4rk on v\u00f5imaldada teil teenida raha pokkeritubade veebi- v\u00f5i tavaturunduse ja reklaamiga.<\/strong> Pakume teile k\u00f5iki selle eesm\u00e4rgi saavutamiseks vajalikke teadmisi. Alustamise teave on saadaval siin veebisaidil.<\/p>\n<h2>Mida me sellest saame?<\/h2>\n<p>See on lihtne: me saame komisjonitasu, kui v\u00e4rbame pokkeritubadesse uusi partnereid, eeldusel, et nad teenivad tulu. See ei maksa teile midagi ja meile on see kasulik ainult siis, kui olete edukas, sest me saame teie tulust vaid v\u00e4ikese protsendi. Seet\u00f5ttu oleme loomulikult motiveeritud teid edasi arendama ja toetama.<\/p>\n","protected":false},"excerpt":{"rendered":"<p>Pokkeri partnerlusprogramm viitab m\u00e4ngijate turundamisele v\u00f5i v\u00e4rbamisele pokkeritubadesse. Pokkeri partner on keegi, kes v\u00e4rbab uusi m\u00e4ngijaid \u00fchte v\u00f5i mitmesse pokkerituppa. Vastutasuks maksab pokkerituba neile. See k\u00f5lab lihtsalt ja see ongi nii. Ja iga\u00fcks saab osaleda! Siiski on suhteliselt lihtne v\u00e4rvata uusi m\u00e4ngijaid oma s\u00f5pruskonnast oma lemmikpokkerituppa. Selleks on tubadel oma &#8220;soovita s\u00f5brale&#8221; programmid. Pokkeri partnerlusprogramm [&hellip;]<\/p>\n","protected":false},"author":1,"featured_media":0,"parent":0,"menu_order":0,"comment_status":"closed","ping_status":"closed","template":"","meta":{"footnotes":""},"class_list":["post-516","page","type-page","status-publish","hentry"],"yoast_head":"<!-- This site is optimized with the Yoast SEO plugin v25.9 - https:\/\/yoast.com\/wordpress\/plugins\/seo\/ -->\n<title>Teeni raha pokkeri affiliate-turundusega<\/title>\n<meta name=\"robots\" content=\"index, follow, max-snippet:-1, max-image-preview:large, max-video-preview:-1\" \/>\n<link rel=\"canonical\" href=\"https:\/\/poker-werbung.de\/et\/\" \/>\n<meta property=\"og:locale\" content=\"et_EE\" \/>\n<meta property=\"og:type\" content=\"article\" \/>\n<meta property=\"og:title\" content=\"Teeni raha pokkeri affiliate-turundusega\" \/>\n<meta property=\"og:description\" content=\"Pokkeri partnerlusprogramm viitab m\u00e4ngijate turundamisele v\u00f5i v\u00e4rbamisele pokkeritubadesse. Pokkeri partner on keegi, kes v\u00e4rbab uusi m\u00e4ngijaid \u00fchte v\u00f5i mitmesse pokkerituppa. Vastutasuks maksab pokkerituba neile. See k\u00f5lab lihtsalt ja see ongi nii. Ja iga\u00fcks saab osaleda! Siiski on suhteliselt lihtne v\u00e4rvata uusi m\u00e4ngijaid oma s\u00f5pruskonnast oma lemmikpokkerituppa. Selleks on tubadel oma &#8220;soovita s\u00f5brale&#8221; programmid. Pokkeri partnerlusprogramm [&hellip;]\" \/>\n<meta property=\"og:url\" content=\"https:\/\/poker-werbung.de\/et\/\" \/>\n<meta name=\"twitter:card\" content=\"summary_large_image\" \/>\n<meta name=\"twitter:label1\" content=\"Est. reading time\" \/>\n\t<meta name=\"twitter:data1\" content=\"2 minutit\" \/>\n<script type=\"application\/ld+json\" class=\"yoast-schema-graph\">{\"@context\":\"https:\/\/schema.org\",\"@graph\":[{\"@type\":\"WebPage\",\"@id\":\"https:\/\/poker-werbung.de\/et\/\",\"url\":\"https:\/\/poker-werbung.de\/et\/\",\"name\":\"Teeni raha pokkeri affiliate-turundusega\",\"isPartOf\":{\"@id\":\"https:\/\/poker-werbung.de\/et\/#website\"},\"datePublished\":\"2024-09-09T18:24:17+00:00\",\"breadcrumb\":{\"@id\":\"https:\/\/poker-werbung.de\/et\/#breadcrumb\"},\"inLanguage\":\"et\",\"potentialAction\":[{\"@type\":\"ReadAction\",\"target\":[\"https:\/\/poker-werbung.de\/et\/\"]}]},{\"@type\":\"BreadcrumbList\",\"@id\":\"https:\/\/poker-werbung.de\/et\/#breadcrumb\",\"itemListElement\":[{\"@type\":\"ListItem\",\"position\":1,\"name\":\"Home\",\"item\":\"https:\/\/poker-werbung.de\/et\/\"},{\"@type\":\"ListItem\",\"position\":2,\"name\":\"Avaleht\"}]},{\"@type\":\"WebSite\",\"@id\":\"https:\/\/poker-werbung.de\/et\/#website\",\"url\":\"https:\/\/poker-werbung.de\/et\/\",\"name\":\"\",\"description\":\"\",\"potentialAction\":[{\"@type\":\"SearchAction\",\"target\":{\"@type\":\"EntryPoint\",\"urlTemplate\":\"https:\/\/poker-werbung.de\/et\/?s={search_term_string}\"},\"query-input\":{\"@type\":\"PropertyValueSpecification\",\"valueRequired\":true,\"valueName\":\"search_term_string\"}}],\"inLanguage\":\"et\"}]}<\/script>\n<!-- \/ Yoast SEO plugin. -->","yoast_head_json":{"title":"Teeni raha pokkeri affiliate-turundusega","robots":{"index":"index","follow":"follow","max-snippet":"max-snippet:-1","max-image-preview":"max-image-preview:large","max-video-preview":"max-video-preview:-1"},"canonical":"https:\/\/poker-werbung.de\/et\/","og_locale":"et_EE","og_type":"article","og_title":"Teeni raha pokkeri affiliate-turundusega","og_description":"Pokkeri partnerlusprogramm viitab m\u00e4ngijate turundamisele v\u00f5i v\u00e4rbamisele pokkeritubadesse. Pokkeri partner on keegi, kes v\u00e4rbab uusi m\u00e4ngijaid \u00fchte v\u00f5i mitmesse pokkerituppa. Vastutasuks maksab pokkerituba neile. See k\u00f5lab lihtsalt ja see ongi nii. Ja iga\u00fcks saab osaleda! Siiski on suhteliselt lihtne v\u00e4rvata uusi m\u00e4ngijaid oma s\u00f5pruskonnast oma lemmikpokkerituppa. Selleks on tubadel oma &#8220;soovita s\u00f5brale&#8221; programmid. Pokkeri partnerlusprogramm [&hellip;]","og_url":"https:\/\/poker-werbung.de\/et\/","twitter_card":"summary_large_image","twitter_misc":{"Est. reading time":"2 minutit"},"schema":{"@context":"https:\/\/schema.org","@graph":[{"@type":"WebPage","@id":"https:\/\/poker-werbung.de\/et\/","url":"https:\/\/poker-werbung.de\/et\/","name":"Teeni raha pokkeri affiliate-turundusega","isPartOf":{"@id":"https:\/\/poker-werbung.de\/et\/#website"},"datePublished":"2024-09-09T18:24:17+00:00","breadcrumb":{"@id":"https:\/\/poker-werbung.de\/et\/#breadcrumb"},"inLanguage":"et","potentialAction":[{"@type":"ReadAction","target":["https:\/\/poker-werbung.de\/et\/"]}]},{"@type":"BreadcrumbList","@id":"https:\/\/poker-werbung.de\/et\/#breadcrumb","itemListElement":[{"@type":"ListItem","position":1,"name":"Home","item":"https:\/\/poker-werbung.de\/et\/"},{"@type":"ListItem","position":2,"name":"Avaleht"}]},{"@type":"WebSite","@id":"https:\/\/poker-werbung.de\/et\/#website","url":"https:\/\/poker-werbung.de\/et\/","name":"","description":"","potentialAction":[{"@type":"SearchAction","target":{"@type":"EntryPoint","urlTemplate":"https:\/\/poker-werbung.de\/et\/?s={search_term_string}"},"query-input":{"@type":"PropertyValueSpecification","valueRequired":true,"valueName":"search_term_string"}}],"inLanguage":"et"}]}},"_links":{"self":[{"href":"https:\/\/poker-werbung.de\/et\/wp-json\/wp\/v2\/pages\/516","targetHints":{"allow":["GET"]}}],"collection":[{"href":"https:\/\/poker-werbung.de\/et\/wp-json\/wp\/v2\/pages"}],"about":[{"href":"https:\/\/poker-werbung.de\/et\/wp-json\/wp\/v2\/types\/page"}],"author":[{"embeddable":true,"href":"https:\/\/poker-werbung.de\/et\/wp-json\/wp\/v2\/users\/1"}],"replies":[{"embeddable":true,"href":"https:\/\/poker-werbung.de\/et\/wp-json\/wp\/v2\/comments?post=516"}],"version-history":[{"count":0,"href":"https:\/\/poker-werbung.de\/et\/wp-json\/wp\/v2\/pages\/516\/revisions"}],"wp:attachment":[{"href":"https:\/\/poker-werbung.de\/et\/wp-json\/wp\/v2\/media?parent=516"}],"curies":[{"name":"wp","href":"https:\/\/api.w.org\/{rel}","templated":true}]}}