{"id":153,"date":"2024-09-09T19:24:17","date_gmt":"2024-09-09T18:24:17","guid":{"rendered":"https:\/\/poker-werbung.de\/hogar\/"},"modified":"2025-08-24T06:48:06","modified_gmt":"2025-08-24T05:48:06","slug":"hogar","status":"publish","type":"page","link":"https:\/\/poker-werbung.de\/es\/","title":{"rendered":"Hogar"},"content":{"rendered":"<p>El marketing de afiliados de p\u00f3quer es la comercializaci\u00f3n o publicidad de jugadores para salas de p\u00f3quer. Un afiliado de p\u00f3quer es alguien que recluta nuevos jugadores para una o m\u00e1s salas de p\u00f3quer. A cambio, la sala de p\u00f3quer le paga. Suena simple y lo es. \u00a1Y todos pueden participar! Sin embargo, es relativamente f\u00e1cil reclutar algunos nuevos jugadores para tu sala de p\u00f3quer favorita dentro de tu propio c\u00edrculo de amigos. Para ello las habitaciones disponen de su propio programa denominado \u00abRecomienda a un amigo\u00bb.<\/p>\n<p>Un <strong>Programa de Afiliados de Poker<\/strong> es algo completamente diferente, es decir, una herramienta de marketing sistem\u00e1tica ofrecida por la sala de poker. Los afiliados exitosos reclutan regularmente grandes cantidades de nuevos jugadores a trav\u00e9s de sus propios sitios web y pueden ganarse la vida con ello; Los mejores afiliados de poker del mundo ganan comisiones de seis cifras cada mes. Pero para lograrlo es necesario trabajar, tener un plan y tener conocimientos especiales. \u00a1Todo esto lo conseguimos de forma gratuita!<\/p>\n<p>Somos un peque\u00f1o grupo de afiliados de poker experimentados que comenzamos como individuos y ahora hemos unido fuerzas para apoyarnos mutuamente y transmitir nuestra experiencia a nuevos afiliados de poker.<\/p>\n<p>El marketing de p\u00f3quer (publicidad, afiliaci\u00f3n) se realiza principalmente en l\u00ednea a trav\u00e9s de un sitio web de p\u00f3quer dedicado. Pero incluso aquellos que no tienen su propio sitio web de p\u00f3quer pueden ganar dinero como afiliados de p\u00f3quer haciendo publicidad fuera de l\u00ednea utilizando c\u00f3digos de bonificaci\u00f3n de p\u00f3quer. Hay muchas opciones para esto y tambi\u00e9n tenemos consejos para ello. Por supuesto, puedes (y debes) ejecutar ambos en paralelo si es posible.La <strong>afiliaci\u00f3n al p\u00f3quer<\/strong> es una actividad extremadamente emocionante y lucrativa, casi como el p\u00f3quer en s\u00ed.<\/p>\n<p>Una vez que su propio sitio web de p\u00f3quer se haya creado y colocado con \u00e9xito en Google a trav\u00e9s de SEO (optimizaci\u00f3n de motores de b\u00fasqueda), el tiempo necesario despu\u00e9s es relativamente corto y puede ganar un buen dinero con poco esfuerzo. La afiliaci\u00f3n de p\u00f3ker es ideal para comenzar como un negocio a tiempo parcial, pero muchas personas han comenzado con la publicidad de p\u00f3ker como un trabajo secundario y luego lo han convertido en su trabajo principal.<\/p>\n<p>Si no tienes idea de c\u00f3mo crear un sitio web, no hay necesidad de desesperarse. Te mostraremos paso a paso en nuestro foro c\u00f3mo hacerlo (incluso sin conocimientos de HTML). Y hay suficientes personas en nuestra comunidad que pueden ayudarte, hasta el punto de crear un sitio listo para usar que solo necesitas llenar con contenido. Tampoco es necesario tener conocimientos especialmente buenos de estrategia de p\u00f3quer: un sitio de p\u00f3quer no necesariamente tiene que tener contenido sobre entrenamiento de p\u00f3quer, pero puede abordar todos los aspectos del p\u00f3quer.<br \/>\n\u00bfCu\u00e1l es tu objetivo y c\u00f3mo lo logras?<br \/>\nEl objetivo es permitirle ganar dinero a trav\u00e9s del marketing y la publicidad en l\u00ednea o fuera de l\u00ednea para salas de p\u00f3quer. Te proporcionaremos todo el conocimiento que necesitas para lograr este objetivo. La informaci\u00f3n introductoria est\u00e1 disponible aqu\u00ed en el sitio web.<br \/>\n\u00bfQu\u00e9 ganamos con esto?<br \/>\nEs simple: recibimos una comisi\u00f3n cuando reclutamos nuevos afiliados para las salas de p\u00f3quer, siempre que generen ingresos. No le cuesta nada y solo vale la pena para nosotros si tiene \u00e9xito, porque solo recibimos un peque\u00f1o porcentaje de sus ventas, por lo que estamos naturalmente motivados a ayudarlo a progresar y apoyarlo.<\/p>\n","protected":false},"excerpt":{"rendered":"<p>El marketing de afiliados de p\u00f3quer es la comercializaci\u00f3n o publicidad de jugadores para salas de p\u00f3quer. Un afiliado de p\u00f3quer es alguien que recluta nuevos jugadores para una o m\u00e1s salas de p\u00f3quer. A cambio, la sala de p\u00f3quer le paga. Suena simple y lo es. \u00a1Y todos pueden participar! Sin embargo, es relativamente [&hellip;]<\/p>\n","protected":false},"author":1,"featured_media":0,"parent":0,"menu_order":0,"comment_status":"closed","ping_status":"closed","template":"","meta":{"footnotes":""},"class_list":["post-153","page","type-page","status-publish","hentry"],"yoast_head":"<!-- This site is optimized with the Yoast SEO plugin v25.9 - https:\/\/yoast.com\/wordpress\/plugins\/seo\/ -->\n<title>Gana dinero con el marketing de afiliados de p\u00f3ker<\/title>\n<meta name=\"robots\" content=\"index, follow, max-snippet:-1, max-image-preview:large, max-video-preview:-1\" \/>\n<link rel=\"canonical\" href=\"https:\/\/poker-werbung.de\/es\/\" \/>\n<meta property=\"og:locale\" content=\"es_ES\" \/>\n<meta property=\"og:type\" content=\"article\" \/>\n<meta property=\"og:title\" content=\"Gana dinero con el marketing de afiliados de p\u00f3ker\" \/>\n<meta property=\"og:description\" content=\"El marketing de afiliados de p\u00f3quer es la comercializaci\u00f3n o publicidad de jugadores para salas de p\u00f3quer. Un afiliado de p\u00f3quer es alguien que recluta nuevos jugadores para una o m\u00e1s salas de p\u00f3quer. A cambio, la sala de p\u00f3quer le paga. Suena simple y lo es. \u00a1Y todos pueden participar! Sin embargo, es relativamente [&hellip;]\" \/>\n<meta property=\"og:url\" content=\"https:\/\/poker-werbung.de\/es\/\" \/>\n<meta property=\"article:modified_time\" content=\"2025-08-24T05:48:06+00:00\" \/>\n<meta name=\"twitter:card\" content=\"summary_large_image\" \/>\n<meta name=\"twitter:label1\" content=\"Tiempo de lectura\" \/>\n\t<meta name=\"twitter:data1\" content=\"3 minutos\" \/>\n<script type=\"application\/ld+json\" class=\"yoast-schema-graph\">{\"@context\":\"https:\/\/schema.org\",\"@graph\":[{\"@type\":\"WebPage\",\"@id\":\"https:\/\/poker-werbung.de\/es\/\",\"url\":\"https:\/\/poker-werbung.de\/es\/\",\"name\":\"Gana dinero con el marketing de afiliados de p\u00f3ker\",\"isPartOf\":{\"@id\":\"https:\/\/poker-werbung.de\/es\/#website\"},\"datePublished\":\"2024-09-09T18:24:17+00:00\",\"dateModified\":\"2025-08-24T05:48:06+00:00\",\"breadcrumb\":{\"@id\":\"https:\/\/poker-werbung.de\/es\/#breadcrumb\"},\"inLanguage\":\"es\",\"potentialAction\":[{\"@type\":\"ReadAction\",\"target\":[\"https:\/\/poker-werbung.de\/es\/\"]}]},{\"@type\":\"BreadcrumbList\",\"@id\":\"https:\/\/poker-werbung.de\/es\/#breadcrumb\",\"itemListElement\":[{\"@type\":\"ListItem\",\"position\":1,\"name\":\"Home\",\"item\":\"https:\/\/poker-werbung.de\/es\/\"},{\"@type\":\"ListItem\",\"position\":2,\"name\":\"Hogar\"}]},{\"@type\":\"WebSite\",\"@id\":\"https:\/\/poker-werbung.de\/es\/#website\",\"url\":\"https:\/\/poker-werbung.de\/es\/\",\"name\":\"\",\"description\":\"\",\"potentialAction\":[{\"@type\":\"SearchAction\",\"target\":{\"@type\":\"EntryPoint\",\"urlTemplate\":\"https:\/\/poker-werbung.de\/es\/?s={search_term_string}\"},\"query-input\":{\"@type\":\"PropertyValueSpecification\",\"valueRequired\":true,\"valueName\":\"search_term_string\"}}],\"inLanguage\":\"es\"}]}<\/script>\n<!-- \/ Yoast SEO plugin. -->","yoast_head_json":{"title":"Gana dinero con el marketing de afiliados de p\u00f3ker","robots":{"index":"index","follow":"follow","max-snippet":"max-snippet:-1","max-image-preview":"max-image-preview:large","max-video-preview":"max-video-preview:-1"},"canonical":"https:\/\/poker-werbung.de\/es\/","og_locale":"es_ES","og_type":"article","og_title":"Gana dinero con el marketing de afiliados de p\u00f3ker","og_description":"El marketing de afiliados de p\u00f3quer es la comercializaci\u00f3n o publicidad de jugadores para salas de p\u00f3quer. Un afiliado de p\u00f3quer es alguien que recluta nuevos jugadores para una o m\u00e1s salas de p\u00f3quer. A cambio, la sala de p\u00f3quer le paga. Suena simple y lo es. \u00a1Y todos pueden participar! Sin embargo, es relativamente [&hellip;]","og_url":"https:\/\/poker-werbung.de\/es\/","article_modified_time":"2025-08-24T05:48:06+00:00","twitter_card":"summary_large_image","twitter_misc":{"Tiempo de lectura":"3 minutos"},"schema":{"@context":"https:\/\/schema.org","@graph":[{"@type":"WebPage","@id":"https:\/\/poker-werbung.de\/es\/","url":"https:\/\/poker-werbung.de\/es\/","name":"Gana dinero con el marketing de afiliados de p\u00f3ker","isPartOf":{"@id":"https:\/\/poker-werbung.de\/es\/#website"},"datePublished":"2024-09-09T18:24:17+00:00","dateModified":"2025-08-24T05:48:06+00:00","breadcrumb":{"@id":"https:\/\/poker-werbung.de\/es\/#breadcrumb"},"inLanguage":"es","potentialAction":[{"@type":"ReadAction","target":["https:\/\/poker-werbung.de\/es\/"]}]},{"@type":"BreadcrumbList","@id":"https:\/\/poker-werbung.de\/es\/#breadcrumb","itemListElement":[{"@type":"ListItem","position":1,"name":"Home","item":"https:\/\/poker-werbung.de\/es\/"},{"@type":"ListItem","position":2,"name":"Hogar"}]},{"@type":"WebSite","@id":"https:\/\/poker-werbung.de\/es\/#website","url":"https:\/\/poker-werbung.de\/es\/","name":"","description":"","potentialAction":[{"@type":"SearchAction","target":{"@type":"EntryPoint","urlTemplate":"https:\/\/poker-werbung.de\/es\/?s={search_term_string}"},"query-input":{"@type":"PropertyValueSpecification","valueRequired":true,"valueName":"search_term_string"}}],"inLanguage":"es"}]}},"_links":{"self":[{"href":"https:\/\/poker-werbung.de\/es\/wp-json\/wp\/v2\/pages\/153","targetHints":{"allow":["GET"]}}],"collection":[{"href":"https:\/\/poker-werbung.de\/es\/wp-json\/wp\/v2\/pages"}],"about":[{"href":"https:\/\/poker-werbung.de\/es\/wp-json\/wp\/v2\/types\/page"}],"author":[{"embeddable":true,"href":"https:\/\/poker-werbung.de\/es\/wp-json\/wp\/v2\/users\/1"}],"replies":[{"embeddable":true,"href":"https:\/\/poker-werbung.de\/es\/wp-json\/wp\/v2\/comments?post=153"}],"version-history":[{"count":1,"href":"https:\/\/poker-werbung.de\/es\/wp-json\/wp\/v2\/pages\/153\/revisions"}],"predecessor-version":[{"id":179,"href":"https:\/\/poker-werbung.de\/es\/wp-json\/wp\/v2\/pages\/153\/revisions\/179"}],"wp:attachment":[{"href":"https:\/\/poker-werbung.de\/es\/wp-json\/wp\/v2\/media?parent=153"}],"curies":[{"name":"wp","href":"https:\/\/api.w.org\/{rel}","templated":true}]}}