{"id":158,"date":"2024-09-09T19:24:17","date_gmt":"2024-09-09T18:24:17","guid":{"rendered":"https:\/\/poker-werbung.de\/hjem\/"},"modified":"2025-08-24T06:47:02","modified_gmt":"2025-08-24T05:47:02","slug":"hjem","status":"publish","type":"page","link":"https:\/\/poker-werbung.de\/da\/","title":{"rendered":"Hjem"},"content":{"rendered":"<p><strong>Poker Affiliate Marketing er markedsf\u00f8ring eller reklame for spillere til pokerrum<\/strong>. En pokeraffiliate er en person, der rekrutterer nye spillere til et eller flere pokerrum. Til geng\u00e6ld bliver han betalt af pokerrummet. Lyder simpelt, og det er det ogs\u00e5. Og alle kan deltage! Det er dog relativt nemt at rekruttere nogle nye spillere til dit yndlingspokerrum fra din egen vennekreds. Til dette form\u00e5l har v\u00e6relserne deres egne s\u00e5kaldte &#8220;Anbefal en ven&#8221;-programmer.<\/p>\n<p>Et **Poker Affiliate Program** er noget helt andet, nemlig et systematisk marketingv\u00e6rkt\u00f8j, der tilbydes af pokerrummet. Succesfulde affiliates rekrutterer regelm\u00e6ssigt et stort antal nye spillere via deres egne hjemmesider og kan tjene til livets ophold ved det; De bedste pokeraffiliates i verden tjener sekscifrede provisioner hver m\u00e5ned. Men for at opn\u00e5 dette er arbejde n\u00f8dvendigt, og det kr\u00e6ver ogs\u00e5 en plan og s\u00e6rlig viden &#8211; og alt dette f\u00e5r du gratis fra os!<\/p>\n<p>Vi er en lille gruppe erfarne pokeraffiliates, der startede som enkeltpersoner og nu har sl\u00e5et os sammen for at st\u00f8tte hinanden og videregive deres erfaring til nye pokeraffiliates.<\/p>\n<p><strong>Pokermarkedsf\u00f8ring (reklame, affiliering)<\/strong> foreg\u00e5r hovedsageligt online via en dedikeret pokerhjemmeside. Men selv dem, der ikke har deres egen pokerhjemmeside, kan tjene penge som pokeraffiliate ved at annoncere offline ved hj\u00e6lp af pokerbonuskoder. Der er mange muligheder for dette, og vi har ogs\u00e5 tips til dette. Selvf\u00f8lgelig kan (og b\u00f8r) du k\u00f8re begge dele parallelt, hvis det er muligt.<strong>Poker-affiliering<\/strong> er et ekstremt sp\u00e6ndende og lukrativt foretagende, n\u00e6sten ligesom poker selv.<\/p>\n<p>N\u00e5r din egen pokerhjemmeside er blevet oprettet og placeret succesfuldt p\u00e5 Google via SEO (s\u00f8gemaskineoptimering), er den tid, der kr\u00e6ves senere, relativt kort, og du kan tjene gode penge med en lille indsats. Poker-affiliering er ideelt til at starte som en deltidsvirksomhed, men mange mennesker har startet pokerreklame som et bijob og senere gjort det til deres hovedjob.<\/p>\n<p>Hvis du ikke aner, hvordan man bygger en hjemmeside, er der ingen grund til at fortvivle. Vi viser dig trin for trin i vores forum, hvordan du g\u00f8r det (selv uden HTML-kendskab). Og der er nok mennesker i vores f\u00e6llesskab, der kan hj\u00e6lpe dig, helt op til det punkt, hvor du skal have en f\u00e6rdig hjemmeside, som du bare skal fylde med indhold. S\u00e6rligt godt kendskab til pokerstrategi er heller ikke p\u00e5kr\u00e6vet &#8211; en pokerside beh\u00f8ver ikke n\u00f8dvendigvis at have indhold om pokercoaching, men kan h\u00e5ndtere alle aspekter af poker.<\/p>\n<h2>Hvad er dit m\u00e5l, og hvordan opn\u00e5r du det?<\/h2>\n<p>M\u00e5let er at g\u00f8re det muligt for dig at tjene penge gennem online eller offline markedsf\u00f8ring og reklame for pokerrum. Vi vil give dig al den viden, du har brug for, for at n\u00e5 dette m\u00e5l. Introduktionsinformationen er tilg\u00e6ngelig her p\u00e5 hjemmesiden.<\/p>\n<h2>Hvad f\u00e5r vi ud af dette?<\/h2>\n<p>Det er simpelt &#8211; vi f\u00e5r en provision, n\u00e5r vi rekrutterer nye affiliates til pokerrummene &#8211; forudsat at de genererer indt\u00e6gter. Det koster dig ikke noget, og det er kun det v\u00e6rd for os, hvis du har succes, for vi modtager kun en lille procentdel af dit salg &#8211; s\u00e5 vi er naturligt motiverede til at hj\u00e6lpe dig med at komme videre og st\u00f8tte dig.<\/p>\n","protected":false},"excerpt":{"rendered":"<p>Poker Affiliate Marketing er markedsf\u00f8ring eller reklame for spillere til pokerrum. En pokeraffiliate er en person, der rekrutterer nye spillere til et eller flere pokerrum. Til geng\u00e6ld bliver han betalt af pokerrummet. Lyder simpelt, og det er det ogs\u00e5. Og alle kan deltage! Det er dog relativt nemt at rekruttere nogle nye spillere til dit [&hellip;]<\/p>\n","protected":false},"author":1,"featured_media":0,"parent":0,"menu_order":0,"comment_status":"closed","ping_status":"closed","template":"","meta":{"footnotes":""},"class_list":["post-158","page","type-page","status-publish","hentry"],"yoast_head":"<!-- This site is optimized with the Yoast SEO plugin v25.9 - https:\/\/yoast.com\/wordpress\/plugins\/seo\/ -->\n<title>Tjen penge med poker affiliate marketing<\/title>\n<meta name=\"robots\" content=\"index, follow, max-snippet:-1, max-image-preview:large, max-video-preview:-1\" \/>\n<link rel=\"canonical\" href=\"https:\/\/poker-werbung.de\/da\/\" \/>\n<meta property=\"og:locale\" content=\"da_DK\" \/>\n<meta property=\"og:type\" content=\"article\" \/>\n<meta property=\"og:title\" content=\"Tjen penge med poker affiliate marketing\" \/>\n<meta property=\"og:description\" content=\"Poker Affiliate Marketing er markedsf\u00f8ring eller reklame for spillere til pokerrum. En pokeraffiliate er en person, der rekrutterer nye spillere til et eller flere pokerrum. Til geng\u00e6ld bliver han betalt af pokerrummet. Lyder simpelt, og det er det ogs\u00e5. Og alle kan deltage! Det er dog relativt nemt at rekruttere nogle nye spillere til dit [&hellip;]\" \/>\n<meta property=\"og:url\" content=\"https:\/\/poker-werbung.de\/da\/\" \/>\n<meta property=\"article:modified_time\" content=\"2025-08-24T05:47:02+00:00\" \/>\n<meta name=\"twitter:card\" content=\"summary_large_image\" \/>\n<meta name=\"twitter:label1\" content=\"Estimeret l\u00e6setid\" \/>\n\t<meta name=\"twitter:data1\" content=\"3 minutter\" \/>\n<script type=\"application\/ld+json\" class=\"yoast-schema-graph\">{\"@context\":\"https:\/\/schema.org\",\"@graph\":[{\"@type\":\"WebPage\",\"@id\":\"https:\/\/poker-werbung.de\/da\/\",\"url\":\"https:\/\/poker-werbung.de\/da\/\",\"name\":\"Tjen penge med poker affiliate marketing\",\"isPartOf\":{\"@id\":\"https:\/\/poker-werbung.de\/da\/#website\"},\"datePublished\":\"2024-09-09T18:24:17+00:00\",\"dateModified\":\"2025-08-24T05:47:02+00:00\",\"breadcrumb\":{\"@id\":\"https:\/\/poker-werbung.de\/da\/#breadcrumb\"},\"inLanguage\":\"da-DK\",\"potentialAction\":[{\"@type\":\"ReadAction\",\"target\":[\"https:\/\/poker-werbung.de\/da\/\"]}]},{\"@type\":\"BreadcrumbList\",\"@id\":\"https:\/\/poker-werbung.de\/da\/#breadcrumb\",\"itemListElement\":[{\"@type\":\"ListItem\",\"position\":1,\"name\":\"Home\",\"item\":\"https:\/\/poker-werbung.de\/da\/\"},{\"@type\":\"ListItem\",\"position\":2,\"name\":\"Hjem\"}]},{\"@type\":\"WebSite\",\"@id\":\"https:\/\/poker-werbung.de\/da\/#website\",\"url\":\"https:\/\/poker-werbung.de\/da\/\",\"name\":\"\",\"description\":\"\",\"potentialAction\":[{\"@type\":\"SearchAction\",\"target\":{\"@type\":\"EntryPoint\",\"urlTemplate\":\"https:\/\/poker-werbung.de\/da\/?s={search_term_string}\"},\"query-input\":{\"@type\":\"PropertyValueSpecification\",\"valueRequired\":true,\"valueName\":\"search_term_string\"}}],\"inLanguage\":\"da-DK\"}]}<\/script>\n<!-- \/ Yoast SEO plugin. -->","yoast_head_json":{"title":"Tjen penge med poker affiliate marketing","robots":{"index":"index","follow":"follow","max-snippet":"max-snippet:-1","max-image-preview":"max-image-preview:large","max-video-preview":"max-video-preview:-1"},"canonical":"https:\/\/poker-werbung.de\/da\/","og_locale":"da_DK","og_type":"article","og_title":"Tjen penge med poker affiliate marketing","og_description":"Poker Affiliate Marketing er markedsf\u00f8ring eller reklame for spillere til pokerrum. En pokeraffiliate er en person, der rekrutterer nye spillere til et eller flere pokerrum. Til geng\u00e6ld bliver han betalt af pokerrummet. Lyder simpelt, og det er det ogs\u00e5. Og alle kan deltage! Det er dog relativt nemt at rekruttere nogle nye spillere til dit [&hellip;]","og_url":"https:\/\/poker-werbung.de\/da\/","article_modified_time":"2025-08-24T05:47:02+00:00","twitter_card":"summary_large_image","twitter_misc":{"Estimeret l\u00e6setid":"3 minutter"},"schema":{"@context":"https:\/\/schema.org","@graph":[{"@type":"WebPage","@id":"https:\/\/poker-werbung.de\/da\/","url":"https:\/\/poker-werbung.de\/da\/","name":"Tjen penge med poker affiliate marketing","isPartOf":{"@id":"https:\/\/poker-werbung.de\/da\/#website"},"datePublished":"2024-09-09T18:24:17+00:00","dateModified":"2025-08-24T05:47:02+00:00","breadcrumb":{"@id":"https:\/\/poker-werbung.de\/da\/#breadcrumb"},"inLanguage":"da-DK","potentialAction":[{"@type":"ReadAction","target":["https:\/\/poker-werbung.de\/da\/"]}]},{"@type":"BreadcrumbList","@id":"https:\/\/poker-werbung.de\/da\/#breadcrumb","itemListElement":[{"@type":"ListItem","position":1,"name":"Home","item":"https:\/\/poker-werbung.de\/da\/"},{"@type":"ListItem","position":2,"name":"Hjem"}]},{"@type":"WebSite","@id":"https:\/\/poker-werbung.de\/da\/#website","url":"https:\/\/poker-werbung.de\/da\/","name":"","description":"","potentialAction":[{"@type":"SearchAction","target":{"@type":"EntryPoint","urlTemplate":"https:\/\/poker-werbung.de\/da\/?s={search_term_string}"},"query-input":{"@type":"PropertyValueSpecification","valueRequired":true,"valueName":"search_term_string"}}],"inLanguage":"da-DK"}]}},"_links":{"self":[{"href":"https:\/\/poker-werbung.de\/da\/wp-json\/wp\/v2\/pages\/158","targetHints":{"allow":["GET"]}}],"collection":[{"href":"https:\/\/poker-werbung.de\/da\/wp-json\/wp\/v2\/pages"}],"about":[{"href":"https:\/\/poker-werbung.de\/da\/wp-json\/wp\/v2\/types\/page"}],"author":[{"embeddable":true,"href":"https:\/\/poker-werbung.de\/da\/wp-json\/wp\/v2\/users\/1"}],"replies":[{"embeddable":true,"href":"https:\/\/poker-werbung.de\/da\/wp-json\/wp\/v2\/comments?post=158"}],"version-history":[{"count":1,"href":"https:\/\/poker-werbung.de\/da\/wp-json\/wp\/v2\/pages\/158\/revisions"}],"predecessor-version":[{"id":172,"href":"https:\/\/poker-werbung.de\/da\/wp-json\/wp\/v2\/pages\/158\/revisions\/172"}],"wp:attachment":[{"href":"https:\/\/poker-werbung.de\/da\/wp-json\/wp\/v2\/media?parent=158"}],"curies":[{"name":"wp","href":"https:\/\/api.w.org\/{rel}","templated":true}]}}