{"id":149,"date":"2024-09-09T19:24:17","date_gmt":"2024-09-09T18:24:17","guid":{"rendered":"https:\/\/poker-werbung.de\/domov\/"},"modified":"2025-08-24T06:42:48","modified_gmt":"2025-08-24T05:42:48","slug":"domov","status":"publish","type":"page","link":"https:\/\/poker-werbung.de\/cs\/","title":{"rendered":"Domov"},"content":{"rendered":"<p><strong>Pokerov\u00fd affiliate marketing je marketing nebo reklama hr\u00e1\u010d\u016f pro pokerov\u00e9 herny<\/strong>. Pokerov\u00fd affiliate partner je n\u011bkdo, kdo rekrutuje nov\u00e9 hr\u00e1\u010de do jedn\u00e9 nebo v\u00edce pokerov\u00fdch heren. Na opl\u00e1tku mu plat\u00ed pokerov\u00e1 herna. Zn\u00ed to jednodu\u0161e a je to tak. A z\u00fa\u010dastnit se m\u016f\u017ee ka\u017ed\u00fd! Je v\u0161ak relativn\u011b snadn\u00e9 z\u00edskat nov\u00e9 hr\u00e1\u010de pro va\u0161i obl\u00edbenou pokerovou hernu z okruhu va\u0161ich p\u0159\u00e1tel. Za t\u00edmto \u00fa\u010delem maj\u00ed m\u00edstnosti vlastn\u00ed tzv. programy \u201eDoporu\u010dte p\u0159\u00edtele\u201c.<\/p>\n<p>**Pokerov\u00fd partnersk\u00fd program** je n\u011bco \u00fapln\u011b jin\u00e9ho, \u200b\u200bkonkr\u00e9tn\u011b systematick\u00fd marketingov\u00fd n\u00e1stroj nab\u00edzen\u00fd pokerovou hernou. \u00dasp\u011b\u0161n\u00ed affiliate partneri pravideln\u011b rekrutuj\u00ed velk\u00e9 mno\u017estv\u00ed nov\u00fdch hr\u00e1\u010d\u016f prost\u0159ednictv\u00edm sv\u00fdch vlastn\u00edch webov\u00fdch str\u00e1nek a mohou se t\u00edm \u017eivit; Nejlep\u0161\u00ed pokerov\u00ed affiliate partne\u0159i na sv\u011bt\u011b vyd\u011bl\u00e1vaj\u00ed ka\u017ed\u00fd m\u011bs\u00edc \u0161estim\u00edstn\u00e9 provize. Ale k dosa\u017een\u00ed tohoto c\u00edle je nutn\u00e1 pr\u00e1ce, pl\u00e1n a speci\u00e1ln\u00ed znalosti \u2013 a to v\u0161e u n\u00e1s z\u00edsk\u00e1te zdarma!<\/p>\n<p>Jsme mal\u00e1 skupina zku\u0161en\u00fdch pokerov\u00fdch affiliate partner\u016f, kte\u0159\u00ed za\u010d\u00ednali jako jednotlivci a nyn\u00ed spojili s\u00edly, aby se navz\u00e1jem podporovali a p\u0159ed\u00e1vali sv\u00e9 zku\u0161enosti nov\u00fdm pokerov\u00fdm affiliate partner\u016fm.<\/p>\n<p><strong>Pokerov\u00fd marketing (reklama, affiliate marketing)<\/strong>\u00a0v\u011bt\u0161inou prob\u00edh\u00e1 online prost\u0159ednictv\u00edm specializovan\u00fdch pokerov\u00fdch webov\u00fdch str\u00e1nek. Ale i ti, kte\u0159\u00ed nemaj\u00ed vlastn\u00ed pokerov\u00e9 webov\u00e9 str\u00e1nky, si mohou vyd\u011bl\u00e1vat pen\u00edze jako pokerov\u00ed affiliate partne\u0159i inzerov\u00e1n\u00edm offline pomoc\u00ed pokerov\u00fdch bonusov\u00fdch k\u00f3d\u016f. Existuje mnoho mo\u017enost\u00ed a my pro to m\u00e1me tak\u00e9 tipy. Samoz\u0159ejm\u011b m\u016f\u017eete (a m\u011bli byste) spustit oba paraleln\u011b, pokud je to mo\u017en\u00e9.**Poker Affiliate** je extr\u00e9mn\u011b vzru\u0161uj\u00edc\u00ed a lukrativn\u00ed podnik, t\u00e9m\u011b\u0159 jako samotn\u00fd poker.<\/p>\n<p>Jakmile si zalo\u017e\u00edte vlastn\u00ed pokerovou str\u00e1nku a \u00fasp\u011b\u0161n\u011b ji um\u00edst\u00edte na Google pomoc\u00ed SEO (optimalizace pro vyhled\u00e1va\u010de), je \u010das pot\u0159ebn\u00fd k tomu relativn\u011b kr\u00e1tk\u00fd a s minim\u00e1ln\u00edm \u00fasil\u00edm si m\u016f\u017eete vyd\u011blat slu\u0161n\u00e9 pen\u00edze. Pokerov\u00e9 affiliate je ide\u00e1ln\u00ed pro za\u010d\u00e1tek jako brig\u00e1da, ale mnoho lid\u00ed za\u010dalo s pokerovou reklamou jako s vedlej\u0161\u00edm zam\u011bstn\u00e1n\u00edm a pozd\u011bji si z toho ud\u011blalo hlavn\u00ed zam\u011bstn\u00e1n\u00ed.<\/p>\n<p>Pokud nem\u00e1te pon\u011bt\u00ed, jak vytvo\u0159it webov\u00e9 str\u00e1nky, nen\u00ed d\u016fvod zoufat. V na\u0161em f\u00f3ru v\u00e1m krok za krokem uk\u00e1\u017eeme, jak na to (i bez znalosti HTML). A v na\u0161\u00ed komunit\u011b je dostatek lid\u00ed, kte\u0159\u00ed v\u00e1m mohou pomoci, a to a\u017e do bodu, kdy se jedn\u00e1 o web na kl\u00ed\u010d, kter\u00fd sta\u010d\u00ed jen naplnit obsahem. Nen\u00ed vy\u017eadov\u00e1na ani obzvl\u00e1\u0161t\u011b dobr\u00e1 znalost pokerov\u00e9 strategie \u2013 pokerov\u00e1 str\u00e1nka nemus\u00ed nutn\u011b m\u00edt obsah o pokerov\u00e9m kou\u010dinku, ale m\u016f\u017ee se zab\u00fdvat v\u0161emi aspekty pokeru.<\/p>\n<h2>Jak\u00fd je v\u00e1\u0161 c\u00edl a jak ho dos\u00e1hnete?<\/h2>\n<p>C\u00edlem je umo\u017enit v\u00e1m vyd\u011bl\u00e1vat pen\u00edze prost\u0159ednictv\u00edm online nebo offline marketingu a reklamy pro pokerov\u00e9 herny. Poskytneme v\u00e1m ve\u0161ker\u00e9 znalosti, kter\u00e9 pot\u0159ebujete k dosa\u017een\u00ed tohoto c\u00edle. \u00davodn\u00ed informace jsou k dispozici zde na webov\u00fdch str\u00e1nk\u00e1ch.<\/p>\n<h2>Co z toho z\u00edsk\u00e1me?<\/h2>\n<p>Je to jednoduch\u00e9 \u2013 dostaneme provizi, kdy\u017e do pokerov\u00fdch heren naverbujeme nov\u00e9 affiliate partnery \u2013 za p\u0159edpokladu, \u017ee generuj\u00ed p\u0159\u00edjmy. Nic v\u00e1s to nestoj\u00ed a pro n\u00e1s se to vyplat\u00ed jen tehdy, pokud budete \u00fasp\u011b\u0161n\u00ed, proto\u017ee my dost\u00e1v\u00e1me jen mal\u00e9 procento z va\u0161ich prodej\u016f \u2013 tak\u017ee jsme p\u0159irozen\u011b motivov\u00e1ni v\u00e1m pom\u00e1hat s pokrokem a podporovat v\u00e1s.<\/p>\n","protected":false},"excerpt":{"rendered":"<p>Pokerov\u00fd affiliate marketing je marketing nebo reklama hr\u00e1\u010d\u016f pro pokerov\u00e9 herny. Pokerov\u00fd affiliate partner je n\u011bkdo, kdo rekrutuje nov\u00e9 hr\u00e1\u010de do jedn\u00e9 nebo v\u00edce pokerov\u00fdch heren. Na opl\u00e1tku mu plat\u00ed pokerov\u00e1 herna. Zn\u00ed to jednodu\u0161e a je to tak. A z\u00fa\u010dastnit se m\u016f\u017ee ka\u017ed\u00fd! Je v\u0161ak relativn\u011b snadn\u00e9 z\u00edskat nov\u00e9 hr\u00e1\u010de pro va\u0161i obl\u00edbenou pokerovou [&hellip;]<\/p>\n","protected":false},"author":1,"featured_media":0,"parent":0,"menu_order":0,"comment_status":"closed","ping_status":"closed","template":"","meta":{"footnotes":""},"class_list":["post-149","page","type-page","status-publish","hentry"],"yoast_head":"<!-- This site is optimized with the Yoast SEO plugin v25.9 - https:\/\/yoast.com\/wordpress\/plugins\/seo\/ -->\n<title>Vyd\u011bl\u00e1vejte pen\u00edze s pokerov\u00fdm affiliate marketingem<\/title>\n<meta name=\"robots\" content=\"index, follow, max-snippet:-1, max-image-preview:large, max-video-preview:-1\" \/>\n<link rel=\"canonical\" href=\"https:\/\/poker-werbung.de\/cs\/\" \/>\n<meta property=\"og:locale\" content=\"cs_CZ\" \/>\n<meta property=\"og:type\" content=\"article\" \/>\n<meta property=\"og:title\" content=\"Vyd\u011bl\u00e1vejte pen\u00edze s pokerov\u00fdm affiliate marketingem\" \/>\n<meta property=\"og:description\" content=\"Pokerov\u00fd affiliate marketing je marketing nebo reklama hr\u00e1\u010d\u016f pro pokerov\u00e9 herny. Pokerov\u00fd affiliate partner je n\u011bkdo, kdo rekrutuje nov\u00e9 hr\u00e1\u010de do jedn\u00e9 nebo v\u00edce pokerov\u00fdch heren. Na opl\u00e1tku mu plat\u00ed pokerov\u00e1 herna. Zn\u00ed to jednodu\u0161e a je to tak. A z\u00fa\u010dastnit se m\u016f\u017ee ka\u017ed\u00fd! Je v\u0161ak relativn\u011b snadn\u00e9 z\u00edskat nov\u00e9 hr\u00e1\u010de pro va\u0161i obl\u00edbenou pokerovou [&hellip;]\" \/>\n<meta property=\"og:url\" content=\"https:\/\/poker-werbung.de\/cs\/\" \/>\n<meta property=\"article:modified_time\" content=\"2025-08-24T05:42:48+00:00\" \/>\n<meta name=\"twitter:card\" content=\"summary_large_image\" \/>\n<meta name=\"twitter:label1\" content=\"Odhadovan\u00e1 doba \u010dten\u00ed\" \/>\n\t<meta name=\"twitter:data1\" content=\"3 minuty\" \/>\n<script type=\"application\/ld+json\" class=\"yoast-schema-graph\">{\"@context\":\"https:\/\/schema.org\",\"@graph\":[{\"@type\":\"WebPage\",\"@id\":\"https:\/\/poker-werbung.de\/cs\/\",\"url\":\"https:\/\/poker-werbung.de\/cs\/\",\"name\":\"Vyd\u011bl\u00e1vejte pen\u00edze s pokerov\u00fdm affiliate marketingem\",\"isPartOf\":{\"@id\":\"https:\/\/poker-werbung.de\/cs\/#website\"},\"datePublished\":\"2024-09-09T18:24:17+00:00\",\"dateModified\":\"2025-08-24T05:42:48+00:00\",\"breadcrumb\":{\"@id\":\"https:\/\/poker-werbung.de\/cs\/#breadcrumb\"},\"inLanguage\":\"cs\",\"potentialAction\":[{\"@type\":\"ReadAction\",\"target\":[\"https:\/\/poker-werbung.de\/cs\/\"]}]},{\"@type\":\"BreadcrumbList\",\"@id\":\"https:\/\/poker-werbung.de\/cs\/#breadcrumb\",\"itemListElement\":[{\"@type\":\"ListItem\",\"position\":1,\"name\":\"Home\",\"item\":\"https:\/\/poker-werbung.de\/cs\/\"},{\"@type\":\"ListItem\",\"position\":2,\"name\":\"Domov\"}]},{\"@type\":\"WebSite\",\"@id\":\"https:\/\/poker-werbung.de\/cs\/#website\",\"url\":\"https:\/\/poker-werbung.de\/cs\/\",\"name\":\"\",\"description\":\"\",\"potentialAction\":[{\"@type\":\"SearchAction\",\"target\":{\"@type\":\"EntryPoint\",\"urlTemplate\":\"https:\/\/poker-werbung.de\/cs\/?s={search_term_string}\"},\"query-input\":{\"@type\":\"PropertyValueSpecification\",\"valueRequired\":true,\"valueName\":\"search_term_string\"}}],\"inLanguage\":\"cs\"}]}<\/script>\n<!-- \/ Yoast SEO plugin. -->","yoast_head_json":{"title":"Vyd\u011bl\u00e1vejte pen\u00edze s pokerov\u00fdm affiliate marketingem","robots":{"index":"index","follow":"follow","max-snippet":"max-snippet:-1","max-image-preview":"max-image-preview:large","max-video-preview":"max-video-preview:-1"},"canonical":"https:\/\/poker-werbung.de\/cs\/","og_locale":"cs_CZ","og_type":"article","og_title":"Vyd\u011bl\u00e1vejte pen\u00edze s pokerov\u00fdm affiliate marketingem","og_description":"Pokerov\u00fd affiliate marketing je marketing nebo reklama hr\u00e1\u010d\u016f pro pokerov\u00e9 herny. Pokerov\u00fd affiliate partner je n\u011bkdo, kdo rekrutuje nov\u00e9 hr\u00e1\u010de do jedn\u00e9 nebo v\u00edce pokerov\u00fdch heren. Na opl\u00e1tku mu plat\u00ed pokerov\u00e1 herna. Zn\u00ed to jednodu\u0161e a je to tak. A z\u00fa\u010dastnit se m\u016f\u017ee ka\u017ed\u00fd! Je v\u0161ak relativn\u011b snadn\u00e9 z\u00edskat nov\u00e9 hr\u00e1\u010de pro va\u0161i obl\u00edbenou pokerovou [&hellip;]","og_url":"https:\/\/poker-werbung.de\/cs\/","article_modified_time":"2025-08-24T05:42:48+00:00","twitter_card":"summary_large_image","twitter_misc":{"Odhadovan\u00e1 doba \u010dten\u00ed":"3 minuty"},"schema":{"@context":"https:\/\/schema.org","@graph":[{"@type":"WebPage","@id":"https:\/\/poker-werbung.de\/cs\/","url":"https:\/\/poker-werbung.de\/cs\/","name":"Vyd\u011bl\u00e1vejte pen\u00edze s pokerov\u00fdm affiliate marketingem","isPartOf":{"@id":"https:\/\/poker-werbung.de\/cs\/#website"},"datePublished":"2024-09-09T18:24:17+00:00","dateModified":"2025-08-24T05:42:48+00:00","breadcrumb":{"@id":"https:\/\/poker-werbung.de\/cs\/#breadcrumb"},"inLanguage":"cs","potentialAction":[{"@type":"ReadAction","target":["https:\/\/poker-werbung.de\/cs\/"]}]},{"@type":"BreadcrumbList","@id":"https:\/\/poker-werbung.de\/cs\/#breadcrumb","itemListElement":[{"@type":"ListItem","position":1,"name":"Home","item":"https:\/\/poker-werbung.de\/cs\/"},{"@type":"ListItem","position":2,"name":"Domov"}]},{"@type":"WebSite","@id":"https:\/\/poker-werbung.de\/cs\/#website","url":"https:\/\/poker-werbung.de\/cs\/","name":"","description":"","potentialAction":[{"@type":"SearchAction","target":{"@type":"EntryPoint","urlTemplate":"https:\/\/poker-werbung.de\/cs\/?s={search_term_string}"},"query-input":{"@type":"PropertyValueSpecification","valueRequired":true,"valueName":"search_term_string"}}],"inLanguage":"cs"}]}},"_links":{"self":[{"href":"https:\/\/poker-werbung.de\/cs\/wp-json\/wp\/v2\/pages\/149","targetHints":{"allow":["GET"]}}],"collection":[{"href":"https:\/\/poker-werbung.de\/cs\/wp-json\/wp\/v2\/pages"}],"about":[{"href":"https:\/\/poker-werbung.de\/cs\/wp-json\/wp\/v2\/types\/page"}],"author":[{"embeddable":true,"href":"https:\/\/poker-werbung.de\/cs\/wp-json\/wp\/v2\/users\/1"}],"replies":[{"embeddable":true,"href":"https:\/\/poker-werbung.de\/cs\/wp-json\/wp\/v2\/comments?post=149"}],"version-history":[{"count":1,"href":"https:\/\/poker-werbung.de\/cs\/wp-json\/wp\/v2\/pages\/149\/revisions"}],"predecessor-version":[{"id":171,"href":"https:\/\/poker-werbung.de\/cs\/wp-json\/wp\/v2\/pages\/149\/revisions\/171"}],"wp:attachment":[{"href":"https:\/\/poker-werbung.de\/cs\/wp-json\/wp\/v2\/media?parent=149"}],"curies":[{"name":"wp","href":"https:\/\/api.w.org\/{rel}","templated":true}]}}