{"id":88,"date":"2024-09-09T19:24:17","date_gmt":"2024-09-09T18:24:17","guid":{"rendered":"https:\/\/poker-werbung.de\/%d0%bd%d0%b0%d1%87%d0%b0%d0%bb%d0%be\/"},"modified":"2025-08-24T06:40:09","modified_gmt":"2025-08-24T05:40:09","slug":"%d0%bd%d0%b0%d1%87%d0%b0%d0%bb%d0%be","status":"publish","type":"page","link":"https:\/\/poker-werbung.de\/bg\/","title":{"rendered":"\u041d\u0430\u0447\u0430\u043b\u043e"},"content":{"rendered":"<p><strong>Unter Poker Affiliate Marketing versteht man das Marketing bzw. das Werben von Spielern f\u00fcr die Poker Rooms <\/strong>. \u041f\u043e\u043a\u0435\u0440 \u043f\u0430\u0440\u0442\u043d\u044c\u043e\u0440\u044a\u0442 \u0435 \u0447\u043e\u0432\u0435\u043a, \u043a\u043e\u0439\u0442\u043e \u0441\u0435 \u043e\u043f\u0438\u0442\u0432\u0430 \u0434\u0430 \u0438\u0433\u0440\u0430\u0435 \u0432 \u0435\u0434\u043d\u0430 \u0438\u043b\u0438 \u043f\u043e\u0432\u0435\u0447\u0435 \u043f\u043e\u043a\u0435\u0440 \u0437\u0430\u043b\u0438. Daf\u00fcr wird er im Gegenzug vom Poker Room bezahlt. H\u00f6rt sich einfach an, und ist es auch. Und jeder kann dabei mitmachen! Allerdings ist es zwar relativ leicht, im eigenen Bekanntenkreis einige neue Spieler f\u00fcr seinen Lieblings-Pokerroom anzuwerben. Daf\u00fcr haben die Rooms Ihre eigenen sogenannten &#8222;Refer-A-Friend&#8220;-Programme.      <\/p>\n<p><strong>\u041f\u043e\u043a\u0435\u0440 \u043f\u0430\u0440\u0442\u043d\u044c\u043e\u0440\u0441\u043a\u0430\u0442\u0430 \u043f\u0440\u043e\u0433\u0440\u0430\u043c\u0430<\/strong> \u0435 \u043d\u0435\u0449\u043e \u0434\u0440\u0443\u0433\u043e, \u0430 \u0438\u043c\u0435\u043d\u043d\u043e \u0441\u0438\u0441\u0442\u0435\u043c\u0430\u0442\u0438\u0447\u0435\u043d \u043c\u0430\u0440\u043a\u0435\u0442\u0438\u043d\u0433\u043e\u0432 \u0438\u043d\u0441\u0442\u0440\u0443\u043c\u0435\u043d\u0442, \u043a\u043e\u0439\u0442\u043e \u043f\u043e\u043a\u0435\u0440 \u0437\u0430\u043b\u0430\u0442\u0430 \u0438\u0437\u043f\u043e\u043b\u0437\u0432\u0430. Erfolgreiche Affiliates werben durch ihre eigenen Webseiten regelm\u00e4\u00dfig neue Spieler in gro\u00dfer Zahl an und k\u00f6nnen davon leben, die besten Poker Affiliates der Welt verdienen monatlich 6-stellige Provisionen. Um das zu erreichen ist aber Arbeit n\u00f6tig, und einen Plan und spezielle Kenntnisse braucht es auch &#8211; und das bekommt Ihr alles gratis von uns!  <\/p>\n<p>Wir sind eine kleine Gruppe von erfahrenen Poker-Affiliates, die als Einzelk\u00e4mpfer angefangen haben und sich nun zusammen getan haben, um sich gegenseitig zu unterst\u00fctzen und ihre Erfahrungen auch an neue Poker Affiliates weiter geben.<\/p>\n<p><strong>\u041f\u043e\u043a\u0435\u0440 \u043c\u0430\u0440\u043a\u0435\u0442\u0438\u043d\u0433\u044a\u0442 (Werbung, Affiliating)<\/strong> \u0441\u0435 \u0438\u0437\u0432\u044a\u0440\u0448\u0432\u0430 \u043e\u043d\u043b\u0430\u0439\u043d \u043d\u0430 \u0435\u0434\u0438\u043d \u0441\u043e\u0431\u0441\u0442\u0432\u0435\u043d \u043f\u043e\u043a\u0435\u0440 \u0443\u0435\u0431\u0441\u0430\u0439\u0442. Aber auch wer keine eigene Poker Webseite hat kann als Poker-Affiliate Geld verdienen, n\u00e4mlich indem er offline Werbung mit Hilfe von Poker Bonus Codes macht. Daf\u00fcr gibt es viele M\u00f6glichkeiten, und auch dazu gibt es bei uns Tips. Nat\u00fcrlich kann (und sollte) man m\u00f6glichst beides parallel betreiben. <strong>Poker Affiliating<\/strong> ist eine extrem spannende und lukrative Angelegenheit, fast schon wie Pokern selbst.   <\/p>\n<p>Ist die <strong>eigene Pokerwebseite<\/strong> erst einmal aufgebaut und durch SEO (Suchmaschinenoptimierung) erfolgreich bei Google platziert, ist der Zeitaufwand sp\u00e4ter relativ gering und man verdient gutes Geld mit wenig Aufwand. Poker Affiliating ist ideal zum nebenberuflichen Start, aber viele haben nebenberuflich mit Poker-Werbung angefangen und diese T\u00e4tigkeit sp\u00e4ter zum Hauptberuf gemacht. <\/p>\n<p>Wer keine Ahnung vom Aufbau einer Webseite hat, braucht nicht zu verzweifeln. Wir zeigen Euch in unserem Forum Schritt f\u00fcr Schritt, wie es (auch ohne HTML Kenntnisse) geht. Und in unserer Community gibt es genug Leute, die Euch helfen k\u00f6nnen, bis hin zur schl\u00fcsselfertigen Seite, die Ihr nur noch mit Inhalt zu f\u00fcllen braucht. Auch besonders gute Kenntnisse in Pokerstrategie sind nicht erforderlich &#8211; eine Pokerseite muss nicht zwingend auch Inhalte zum Poker Coaching haben, sondern kann sich mit jedem Aspekt des Pokerns besch\u00e4ftigen.   <\/p>\n<h2>Was ist Euer Ziel, und wie erreicht Ihr es?<\/h2>\n<p>Das Ziel ist es, Euch in die Lage zu versetzen, <strong>mit Online- oder Offline Marketing und Werbung f\u00fcr Poker Rooms Geld zu verdienen<\/strong>. Alle Kenntnisse zur Erreichung dieses Ziels bekommt Ihr von uns vermittelt. Die Einstiegsinfos gibt es hier auf der Webseite. <\/p>\n<h2>\u041a\u0430\u043a\u0432\u043e \u043d\u0430\u043f\u0440\u0430\u0432\u0438\u0445\u043c\u0435 \u0441\u0430\u043c\u0438?<\/h2>\n<p>Ganz einfach &#8211; wir bekommen eine Provision, wenn wir neue Affiliates f\u00fcr die Poker Rooms werben &#8211; sofern diese auch Einnahmen erzielen. Das kostet Euch gar nichts, und es lohnt sich f\u00fcr uns auch nur, wenn Ihr auch Erfolg habt, denn wir sind nur mit einem kleinen Prozentsatz an Eurem Umsatz beteiligt &#8211; daher sind wir nat\u00fcrlich motiviert, Euch weiter zu bringen und zu unterst\u00fctzen. <\/p>\n","protected":false},"excerpt":{"rendered":"<p>Unter Poker Affiliate Marketing versteht man das Marketing bzw. das Werben von Spielern f\u00fcr die Poker Rooms . \u041f\u043e\u043a\u0435\u0440 \u043f\u0430\u0440\u0442\u043d\u044c\u043e\u0440\u044a\u0442 \u0435 \u0447\u043e\u0432\u0435\u043a, \u043a\u043e\u0439\u0442\u043e \u0441\u0435 \u043e\u043f\u0438\u0442\u0432\u0430 \u0434\u0430 \u0438\u0433\u0440\u0430\u0435 \u0432 \u0435\u0434\u043d\u0430 \u0438\u043b\u0438 \u043f\u043e\u0432\u0435\u0447\u0435 \u043f\u043e\u043a\u0435\u0440 \u0437\u0430\u043b\u0438. Daf\u00fcr wird er im Gegenzug vom Poker Room bezahlt. H\u00f6rt sich einfach an, und ist es auch. Und jeder kann dabei mitmachen! [&hellip;]<\/p>\n","protected":false},"author":1,"featured_media":0,"parent":0,"menu_order":0,"comment_status":"closed","ping_status":"closed","template":"","meta":{"footnotes":""},"class_list":["post-88","page","type-page","status-publish","hentry"],"yoast_head":"<!-- This site is optimized with the Yoast SEO plugin v25.9 - https:\/\/yoast.com\/wordpress\/plugins\/seo\/ -->\n<title>\u0418\u0437\u0442\u0435\u0433\u043b\u044f\u043d\u0435 \u043d\u0430 \u043f\u0435\u0447\u0430\u043b\u0431\u0430 \u043e\u0442 \u043f\u043e\u043a\u0435\u0440 \u043f\u0430\u0440\u0442\u043d\u044c\u043e\u0440\u0441\u043a\u0438 \u043c\u0430\u0440\u043a\u0435\u0442\u0438\u043d\u0433<\/title>\n<meta name=\"robots\" content=\"index, follow, max-snippet:-1, max-image-preview:large, max-video-preview:-1\" \/>\n<link rel=\"canonical\" href=\"https:\/\/poker-werbung.de\/bg\/\" \/>\n<meta property=\"og:locale\" content=\"bg_BG\" \/>\n<meta property=\"og:type\" content=\"article\" \/>\n<meta property=\"og:title\" content=\"\u0418\u0437\u0442\u0435\u0433\u043b\u044f\u043d\u0435 \u043d\u0430 \u043f\u0435\u0447\u0430\u043b\u0431\u0430 \u043e\u0442 \u043f\u043e\u043a\u0435\u0440 \u043f\u0430\u0440\u0442\u043d\u044c\u043e\u0440\u0441\u043a\u0438 \u043c\u0430\u0440\u043a\u0435\u0442\u0438\u043d\u0433\" \/>\n<meta property=\"og:description\" content=\"Unter Poker Affiliate Marketing versteht man das Marketing bzw. das Werben von Spielern f\u00fcr die Poker Rooms . \u041f\u043e\u043a\u0435\u0440 \u043f\u0430\u0440\u0442\u043d\u044c\u043e\u0440\u044a\u0442 \u0435 \u0447\u043e\u0432\u0435\u043a, \u043a\u043e\u0439\u0442\u043e \u0441\u0435 \u043e\u043f\u0438\u0442\u0432\u0430 \u0434\u0430 \u0438\u0433\u0440\u0430\u0435 \u0432 \u0435\u0434\u043d\u0430 \u0438\u043b\u0438 \u043f\u043e\u0432\u0435\u0447\u0435 \u043f\u043e\u043a\u0435\u0440 \u0437\u0430\u043b\u0438. Daf\u00fcr wird er im Gegenzug vom Poker Room bezahlt. H\u00f6rt sich einfach an, und ist es auch. Und jeder kann dabei mitmachen! [&hellip;]\" \/>\n<meta property=\"og:url\" content=\"https:\/\/poker-werbung.de\/bg\/\" \/>\n<meta property=\"article:modified_time\" content=\"2025-08-24T05:40:09+00:00\" \/>\n<meta name=\"twitter:card\" content=\"summary_large_image\" \/>\n<meta name=\"twitter:label1\" content=\"Est. reading time\" \/>\n\t<meta name=\"twitter:data1\" content=\"2 \u043c\u0438\u043d\u0443\u0442\u0438\" \/>\n<script type=\"application\/ld+json\" class=\"yoast-schema-graph\">{\"@context\":\"https:\/\/schema.org\",\"@graph\":[{\"@type\":\"WebPage\",\"@id\":\"https:\/\/poker-werbung.de\/bg\/\",\"url\":\"https:\/\/poker-werbung.de\/bg\/\",\"name\":\"\u0418\u0437\u0442\u0435\u0433\u043b\u044f\u043d\u0435 \u043d\u0430 \u043f\u0435\u0447\u0430\u043b\u0431\u0430 \u043e\u0442 \u043f\u043e\u043a\u0435\u0440 \u043f\u0430\u0440\u0442\u043d\u044c\u043e\u0440\u0441\u043a\u0438 \u043c\u0430\u0440\u043a\u0435\u0442\u0438\u043d\u0433\",\"isPartOf\":{\"@id\":\"https:\/\/poker-werbung.de\/bg\/#website\"},\"datePublished\":\"2024-09-09T18:24:17+00:00\",\"dateModified\":\"2025-08-24T05:40:09+00:00\",\"breadcrumb\":{\"@id\":\"https:\/\/poker-werbung.de\/bg\/#breadcrumb\"},\"inLanguage\":\"bg-BG\",\"potentialAction\":[{\"@type\":\"ReadAction\",\"target\":[\"https:\/\/poker-werbung.de\/bg\/\"]}]},{\"@type\":\"BreadcrumbList\",\"@id\":\"https:\/\/poker-werbung.de\/bg\/#breadcrumb\",\"itemListElement\":[{\"@type\":\"ListItem\",\"position\":1,\"name\":\"Home\",\"item\":\"https:\/\/poker-werbung.de\/bg\/\"},{\"@type\":\"ListItem\",\"position\":2,\"name\":\"\u041d\u0430\u0447\u0430\u043b\u043e\"}]},{\"@type\":\"WebSite\",\"@id\":\"https:\/\/poker-werbung.de\/bg\/#website\",\"url\":\"https:\/\/poker-werbung.de\/bg\/\",\"name\":\"\",\"description\":\"\",\"potentialAction\":[{\"@type\":\"SearchAction\",\"target\":{\"@type\":\"EntryPoint\",\"urlTemplate\":\"https:\/\/poker-werbung.de\/bg\/?s={search_term_string}\"},\"query-input\":{\"@type\":\"PropertyValueSpecification\",\"valueRequired\":true,\"valueName\":\"search_term_string\"}}],\"inLanguage\":\"bg-BG\"}]}<\/script>\n<!-- \/ Yoast SEO plugin. -->","yoast_head_json":{"title":"\u0418\u0437\u0442\u0435\u0433\u043b\u044f\u043d\u0435 \u043d\u0430 \u043f\u0435\u0447\u0430\u043b\u0431\u0430 \u043e\u0442 \u043f\u043e\u043a\u0435\u0440 \u043f\u0430\u0440\u0442\u043d\u044c\u043e\u0440\u0441\u043a\u0438 \u043c\u0430\u0440\u043a\u0435\u0442\u0438\u043d\u0433","robots":{"index":"index","follow":"follow","max-snippet":"max-snippet:-1","max-image-preview":"max-image-preview:large","max-video-preview":"max-video-preview:-1"},"canonical":"https:\/\/poker-werbung.de\/bg\/","og_locale":"bg_BG","og_type":"article","og_title":"\u0418\u0437\u0442\u0435\u0433\u043b\u044f\u043d\u0435 \u043d\u0430 \u043f\u0435\u0447\u0430\u043b\u0431\u0430 \u043e\u0442 \u043f\u043e\u043a\u0435\u0440 \u043f\u0430\u0440\u0442\u043d\u044c\u043e\u0440\u0441\u043a\u0438 \u043c\u0430\u0440\u043a\u0435\u0442\u0438\u043d\u0433","og_description":"Unter Poker Affiliate Marketing versteht man das Marketing bzw. das Werben von Spielern f\u00fcr die Poker Rooms . \u041f\u043e\u043a\u0435\u0440 \u043f\u0430\u0440\u0442\u043d\u044c\u043e\u0440\u044a\u0442 \u0435 \u0447\u043e\u0432\u0435\u043a, \u043a\u043e\u0439\u0442\u043e \u0441\u0435 \u043e\u043f\u0438\u0442\u0432\u0430 \u0434\u0430 \u0438\u0433\u0440\u0430\u0435 \u0432 \u0435\u0434\u043d\u0430 \u0438\u043b\u0438 \u043f\u043e\u0432\u0435\u0447\u0435 \u043f\u043e\u043a\u0435\u0440 \u0437\u0430\u043b\u0438. Daf\u00fcr wird er im Gegenzug vom Poker Room bezahlt. H\u00f6rt sich einfach an, und ist es auch. Und jeder kann dabei mitmachen! [&hellip;]","og_url":"https:\/\/poker-werbung.de\/bg\/","article_modified_time":"2025-08-24T05:40:09+00:00","twitter_card":"summary_large_image","twitter_misc":{"Est. reading time":"2 \u043c\u0438\u043d\u0443\u0442\u0438"},"schema":{"@context":"https:\/\/schema.org","@graph":[{"@type":"WebPage","@id":"https:\/\/poker-werbung.de\/bg\/","url":"https:\/\/poker-werbung.de\/bg\/","name":"\u0418\u0437\u0442\u0435\u0433\u043b\u044f\u043d\u0435 \u043d\u0430 \u043f\u0435\u0447\u0430\u043b\u0431\u0430 \u043e\u0442 \u043f\u043e\u043a\u0435\u0440 \u043f\u0430\u0440\u0442\u043d\u044c\u043e\u0440\u0441\u043a\u0438 \u043c\u0430\u0440\u043a\u0435\u0442\u0438\u043d\u0433","isPartOf":{"@id":"https:\/\/poker-werbung.de\/bg\/#website"},"datePublished":"2024-09-09T18:24:17+00:00","dateModified":"2025-08-24T05:40:09+00:00","breadcrumb":{"@id":"https:\/\/poker-werbung.de\/bg\/#breadcrumb"},"inLanguage":"bg-BG","potentialAction":[{"@type":"ReadAction","target":["https:\/\/poker-werbung.de\/bg\/"]}]},{"@type":"BreadcrumbList","@id":"https:\/\/poker-werbung.de\/bg\/#breadcrumb","itemListElement":[{"@type":"ListItem","position":1,"name":"Home","item":"https:\/\/poker-werbung.de\/bg\/"},{"@type":"ListItem","position":2,"name":"\u041d\u0430\u0447\u0430\u043b\u043e"}]},{"@type":"WebSite","@id":"https:\/\/poker-werbung.de\/bg\/#website","url":"https:\/\/poker-werbung.de\/bg\/","name":"","description":"","potentialAction":[{"@type":"SearchAction","target":{"@type":"EntryPoint","urlTemplate":"https:\/\/poker-werbung.de\/bg\/?s={search_term_string}"},"query-input":{"@type":"PropertyValueSpecification","valueRequired":true,"valueName":"search_term_string"}}],"inLanguage":"bg-BG"}]}},"_links":{"self":[{"href":"https:\/\/poker-werbung.de\/bg\/wp-json\/wp\/v2\/pages\/88","targetHints":{"allow":["GET"]}}],"collection":[{"href":"https:\/\/poker-werbung.de\/bg\/wp-json\/wp\/v2\/pages"}],"about":[{"href":"https:\/\/poker-werbung.de\/bg\/wp-json\/wp\/v2\/types\/page"}],"author":[{"embeddable":true,"href":"https:\/\/poker-werbung.de\/bg\/wp-json\/wp\/v2\/users\/1"}],"replies":[{"embeddable":true,"href":"https:\/\/poker-werbung.de\/bg\/wp-json\/wp\/v2\/comments?post=88"}],"version-history":[{"count":1,"href":"https:\/\/poker-werbung.de\/bg\/wp-json\/wp\/v2\/pages\/88\/revisions"}],"predecessor-version":[{"id":170,"href":"https:\/\/poker-werbung.de\/bg\/wp-json\/wp\/v2\/pages\/88\/revisions\/170"}],"wp:attachment":[{"href":"https:\/\/poker-werbung.de\/bg\/wp-json\/wp\/v2\/media?parent=88"}],"curies":[{"name":"wp","href":"https:\/\/api.w.org\/{rel}","templated":true}]}}